{"id":33494,"date":"2023-07-13T10:24:31","date_gmt":"2023-07-13T10:24:31","guid":{"rendered":"https:\/\/andamanscuba.com\/politique-de-confidentialite\/"},"modified":"2025-10-14T17:38:40","modified_gmt":"2025-10-14T17:38:40","slug":"integritetspolicy","status":"publish","type":"page","link":"https:\/\/andamanscuba.com\/sv\/integritetspolicy\/","title":{"rendered":"Integritetspolicy &#8211; Andaman Scuba &#8211; Dykcenter i Khao Lak, Thailan"},"content":{"rendered":"\t\t<div data-elementor-type=\"wp-page\" data-elementor-id=\"33494\" class=\"elementor elementor-33494 elementor-17031\" data-elementor-settings=\"{&quot;ha_cmc_init_switcher&quot;:&quot;no&quot;}\" data-elementor-post-type=\"page\">\n\t\t\t\t\t\t<section class=\"elementor-section elementor-top-section elementor-element elementor-element-b326161 elementor-section-stretched elementor-section-boxed elementor-section-height-default elementor-section-height-default\" data-id=\"b326161\" data-element_type=\"section\" data-settings=\"{&quot;stretch_section&quot;:&quot;section-stretched&quot;,&quot;background_background&quot;:&quot;classic&quot;}\">\n\t\t\t\t\t\t<div class=\"elementor-container elementor-column-gap-default\">\n\t\t\t\t\t<div class=\"elementor-column elementor-col-100 elementor-top-column elementor-element elementor-element-004d030\" data-id=\"004d030\" data-element_type=\"column\">\n\t\t\t<div class=\"elementor-widget-wrap\">\n\t\t\t\t\t\t\t<\/div>\n\t\t<\/div>\n\t\t\t\t\t<\/div>\n\t\t<\/section>\n\t\t\t\t<section class=\"elementor-section elementor-top-section elementor-element elementor-element-0546735 elementor-section-stretched elementor-section-boxed elementor-section-height-default elementor-section-height-default\" data-id=\"0546735\" data-element_type=\"section\" data-settings=\"{&quot;stretch_section&quot;:&quot;section-stretched&quot;,&quot;background_background&quot;:&quot;classic&quot;}\">\n\t\t\t\t\t\t<div class=\"elementor-container elementor-column-gap-no\">\n\t\t\t\t\t<div class=\"elementor-column elementor-col-100 elementor-top-column elementor-element elementor-element-cb524c0\" data-id=\"cb524c0\" data-element_type=\"column\">\n\t\t\t<div class=\"elementor-widget-wrap elementor-element-populated\">\n\t\t\t\t\t\t<div class=\"elementor-element elementor-element-c208c62 elementor-widget elementor-widget-image\" data-id=\"c208c62\" data-element_type=\"widget\" data-widget_type=\"image.default\">\n\t\t\t\t<div class=\"elementor-widget-container\">\n\t\t\t\t\t\t\t\t\t\t\t\t\t\t\t<img decoding=\"async\" width=\"100\" height=\"51\" src=\"https:\/\/andamanscuba.com\/wp-content\/uploads\/2023\/06\/Logo-Andaman-Scuba-Croisieres-Plongee-Thailande-Myanmar.png\" class=\"attachment-full size-full wp-image-12418\" alt=\"\" \/>\t\t\t\t\t\t\t\t\t\t\t\t\t\t\t<\/div>\n\t\t\t\t<\/div>\n\t\t\t\t<div class=\"elementor-element elementor-element-32d1467 elementor-align-center elementor-mobile-align-center elementor-widget-tablet__width-initial subtitle-position-below elementor-widget elementor-widget-floaty-heading\" data-id=\"32d1467\" data-element_type=\"widget\" data-widget_type=\"floaty-heading.default\">\n\t\t\t\t<div class=\"elementor-widget-container\">\n\t\t\t\t\t        <div class=\"elementor-heading-wrapper-inner\"><h2 class=\"elementor-heading-title\">Integritetspolicy<\/h2><\/div>\t\t\t\t<\/div>\n\t\t\t\t<\/div>\n\t\t\t\t<div class=\"elementor-element elementor-element-ce8e491 elementor-widget elementor-widget-text-editor\" data-id=\"ce8e491\" data-element_type=\"widget\" data-widget_type=\"text-editor.default\">\n\t\t\t\t<div class=\"elementor-widget-container\">\n\t\t\t\t\t\t\t\t\t<div data-id=\"34310e90\" data-element_type=\"widget\" data-widget_type=\"text-editor.default\"><p>Andaman Scuba l\u00e4gger stor vikt vid att skydda sina kunders privatliv. De f\u00f6rbinder sig att h\u00e5lla personuppgifter konfidentiella och att inte hyra ut, s\u00e4lja eller byta dem. De str\u00e4var efter att erbjuda b\u00e4sta m\u00f6jliga service genom att s\u00e4kerst\u00e4lla att kunderna f\u00f6rst\u00e5r deras integritetspolicy. Andaman Scuba samlar inte automatiskt in personuppgifter fr\u00e5n bes\u00f6kare p\u00e5 deras webbplats, utan endast om dessa uppgifter frivilligt l\u00e4mnas via kontakt genom e-post, telefon, meddelanden eller onlineformul\u00e4r.<\/p><p>Viss information, s\u00e5som IP-adress, webbl\u00e4sartyp och bes\u00f6kta sidor, registreras f\u00f6r att f\u00f6rb\u00e4ttra webbplatsen och analysera trafikm\u00f6nster. Denna information kopplas inte till specifika personer, s\u00e5vida det inte kr\u00e4vs f\u00f6r att besvara en specifik f\u00f6rfr\u00e5gan<\/p><p>.<\/p><\/div><div data-id=\"a53c22d\" data-element_type=\"widget\" data-widget_type=\"text-editor.default\"><h3><strong>S\u00e4kerhet<\/strong><\/h3><p>Andaman Scuba anv\u00e4nder mjukvaruprogram f\u00f6r att s\u00e4kerst\u00e4lla webbplatsens s\u00e4kerhet och skydda information mot obeh\u00f6rig \u00e5tkomst eller \u00e4ndring. Personuppgifter lagras s\u00e4kert i USA och Thailand, och data\u00f6verf\u00f6ring sker via krypterade anslutningar och privata virtuella n\u00e4tverk (VPN).<\/p><h3><strong>Integritet och l\u00e4nkar till andra webbplatser<\/strong><\/h3><p>Webbplatsen kan inneh\u00e5lla l\u00e4nkar till andra webbplatser, men Andaman Scuba ansvarar inte f\u00f6r deras inneh\u00e5ll eller sekretesspraxis. Personuppgifter som l\u00e4mnas av kunder anv\u00e4nds f\u00f6r att besvara f\u00f6rfr\u00e5gningar, tillhandah\u00e5lla beg\u00e4rda tj\u00e4nster eller produkter och f\u00f6lja lagen. Andaman Scuba kan l\u00e4mna ut viss personlig information om det kr\u00e4vs enligt lag eller f\u00f6r att skydda personers s\u00e4kerhet.<\/p><h3><strong>Information och registreringssystem<\/strong><\/h3><p>N\u00e4r personuppgifter l\u00e4mnas och f\u00f6rs in i ett registreringssystem samlas dessa in i enlighet med internationell r\u00e4tt och GDPR. Andaman Scuba samlar in, skapar och beh\u00e5ller information i syfte att marknadsf\u00f6ra sina reseprodukter och tj\u00e4nster samt f\u00f6r utbildning och nyhetsbrev direkt kopplade till dessa produkter och tj\u00e4nster. Insamlad information sparas endast s\u00e5 l\u00e4nge det beh\u00f6vs f\u00f6r det \u00e4ndam\u00e5l f\u00f6r vilket den samlades in. Vissa historiska data sparas i v\u00e5ra arkiv f\u00f6r att b\u00e4ttre kunna tillgodose dina behov om du reser regelbundet med oss.<\/p><h3><strong>Hur vi anv\u00e4nder dina uppgifter<\/strong><\/h3><p>Kunder har valm\u00f6jlighet n\u00e4r det g\u00e4ller integritet och kan beg\u00e4ra en kopia av sina personuppgifter eller \u00e5terkalla sitt samtycke. Andaman Scuba s\u00e4ljer inte information till tredje part, men kan samla in personuppgifter fr\u00e5n tredje part, s\u00e5som sociala medier, eller anv\u00e4nda Google Analytics f\u00f6r att f\u00f6lja anv\u00e4ndningen av sin webbplats.<\/p><p>Vid fr\u00e5gor eller kommentarer om integritetspolicyn eller personuppgifter kan kunder kontakta Andaman Scuba via telefon eller e-post.<\/p><\/div>\t\t\t\t\t\t\t\t<\/div>\n\t\t\t\t<\/div>\n\t\t\t\t\t<\/div>\n\t\t<\/div>\n\t\t\t\t\t<\/div>\n\t\t<\/section>\n\t\t\t\t<\/div>\n\t\t","protected":false},"excerpt":{"rendered":"<p>Integritetspolicy Andaman Scuba l\u00e4gger stor vikt vid att skydda sina kunders privatliv. De f\u00f6rbinder sig att h\u00e5lla personuppgifter konfidentiella och att inte hyra ut, s\u00e4lja eller byta dem. De str\u00e4var efter att erbjuda b\u00e4sta m\u00f6jliga service genom att s\u00e4kerst\u00e4lla att kunderna f\u00f6rst\u00e5r deras integritetspolicy. Andaman Scuba samlar inte automatiskt in personuppgifter fr\u00e5n bes\u00f6kare p\u00e5 deras [&hellip;]<\/p>\n","protected":false},"author":1,"featured_media":0,"parent":0,"menu_order":0,"comment_status":"closed","ping_status":"closed","template":"template-homepage.php","meta":{"inline_featured_image":false,"footnotes":""},"class_list":["post-33494","page","type-page","status-publish","hentry"],"yoast_head":"<!-- This site is optimized with the Yoast SEO Premium plugin v23.3 (Yoast SEO v26.6) - https:\/\/yoast.com\/wordpress\/plugins\/seo\/ -->\n<title>Integritetspolicy - Andaman Scuba - Dykcenter i Khao Lak, Thailand<\/title>\n<meta name=\"robots\" content=\"noindex, nofollow\" \/>\n<meta property=\"og:locale\" content=\"sv_SE\" \/>\n<meta property=\"og:type\" content=\"article\" \/>\n<meta property=\"og:title\" content=\"Integritetspolicy - Andaman Scuba - Dykcenter i Khao Lak, Thailan\" \/>\n<meta property=\"og:description\" content=\"Integritetspolicy Andaman Scuba l\u00e4gger stor vikt vid att skydda sina kunders privatliv. De f\u00f6rbinder sig att h\u00e5lla personuppgifter konfidentiella och att inte hyra ut, s\u00e4lja eller byta dem. De str\u00e4var efter att erbjuda b\u00e4sta m\u00f6jliga service genom att s\u00e4kerst\u00e4lla att kunderna f\u00f6rst\u00e5r deras integritetspolicy. Andaman Scuba samlar inte automatiskt in personuppgifter fr\u00e5n bes\u00f6kare p\u00e5 deras [&hellip;]\" \/>\n<meta property=\"og:url\" content=\"https:\/\/andamanscuba.com\/sv\/integritetspolicy\/\" \/>\n<meta property=\"og:site_name\" content=\"Andaman Scuba\" \/>\n<meta property=\"article:publisher\" content=\"https:\/\/www.facebook.com\/andaman.scuba\" \/>\n<meta property=\"article:modified_time\" content=\"2025-10-14T17:38:40+00:00\" \/>\n<meta property=\"og:image\" content=\"https:\/\/andamanscuba.com\/wp-content\/uploads\/2023\/06\/Logo-Andaman-Scuba-Croisieres-Plongee-Thailande-Myanmar.png\" \/>\n\t<meta property=\"og:image:width\" content=\"100\" \/>\n\t<meta property=\"og:image:height\" content=\"51\" \/>\n\t<meta property=\"og:image:type\" content=\"image\/png\" \/>\n<meta name=\"twitter:card\" content=\"summary_large_image\" \/>\n<meta name=\"twitter:label1\" content=\"Ber\u00e4knad l\u00e4stid\" \/>\n\t<meta name=\"twitter:data1\" content=\"2 minuter\" \/>\n<script type=\"application\/ld+json\" class=\"yoast-schema-graph\">{\"@context\":\"https:\/\/schema.org\",\"@graph\":[{\"@type\":\"WebPage\",\"@id\":\"https:\/\/andamanscuba.com\/sv\/integritetspolicy\/\",\"url\":\"https:\/\/andamanscuba.com\/sv\/integritetspolicy\/\",\"name\":\"Integritetspolicy - Andaman Scuba - Dykcenter i Khao Lak, Thailand\",\"isPartOf\":{\"@id\":\"https:\/\/andamanscuba.com\/es\/#website\"},\"primaryImageOfPage\":{\"@id\":\"https:\/\/andamanscuba.com\/sv\/integritetspolicy\/#primaryimage\"},\"image\":{\"@id\":\"https:\/\/andamanscuba.com\/sv\/integritetspolicy\/#primaryimage\"},\"thumbnailUrl\":\"https:\/\/andamanscuba.com\/wp-content\/uploads\/2023\/06\/Logo-Andaman-Scuba-Croisieres-Plongee-Thailande-Myanmar.png\",\"datePublished\":\"2023-07-13T10:24:31+00:00\",\"dateModified\":\"2025-10-14T17:38:40+00:00\",\"breadcrumb\":{\"@id\":\"https:\/\/andamanscuba.com\/sv\/integritetspolicy\/#breadcrumb\"},\"inLanguage\":\"sv-SE\",\"potentialAction\":[{\"@type\":\"ReadAction\",\"target\":[\"https:\/\/andamanscuba.com\/sv\/integritetspolicy\/\"]}]},{\"@type\":\"ImageObject\",\"inLanguage\":\"sv-SE\",\"@id\":\"https:\/\/andamanscuba.com\/sv\/integritetspolicy\/#primaryimage\",\"url\":\"https:\/\/andamanscuba.com\/wp-content\/uploads\/2023\/06\/Logo-Andaman-Scuba-Croisieres-Plongee-Thailande-Myanmar.png\",\"contentUrl\":\"https:\/\/andamanscuba.com\/wp-content\/uploads\/2023\/06\/Logo-Andaman-Scuba-Croisieres-Plongee-Thailande-Myanmar.png\"},{\"@type\":\"BreadcrumbList\",\"@id\":\"https:\/\/andamanscuba.com\/sv\/integritetspolicy\/#breadcrumb\",\"itemListElement\":[{\"@type\":\"ListItem\",\"position\":1,\"name\":\"Home\",\"item\":\"https:\/\/andamanscuba.com\/sv\/\"},{\"@type\":\"ListItem\",\"position\":2,\"name\":\"Integritetspolicy &#8211; Andaman Scuba &#8211; Dykcenter i Khao Lak, Thailan\"}]},{\"@type\":\"WebSite\",\"@id\":\"https:\/\/andamanscuba.com\/es\/#website\",\"url\":\"https:\/\/andamanscuba.com\/es\/\",\"name\":\"Andaman Scuba\",\"description\":\"Centre de plong\u00e9e et croisi\u00e8res en Tha\u00eflande\",\"publisher\":{\"@id\":\"https:\/\/andamanscuba.com\/es\/#organization\"},\"potentialAction\":[{\"@type\":\"SearchAction\",\"target\":{\"@type\":\"EntryPoint\",\"urlTemplate\":\"https:\/\/andamanscuba.com\/es\/?s={search_term_string}\"},\"query-input\":{\"@type\":\"PropertyValueSpecification\",\"valueRequired\":true,\"valueName\":\"search_term_string\"}}],\"inLanguage\":\"sv-SE\"},{\"@type\":\"Organization\",\"@id\":\"https:\/\/andamanscuba.com\/es\/#organization\",\"name\":\"Andaman Scuba\",\"url\":\"https:\/\/andamanscuba.com\/es\/\",\"logo\":{\"@type\":\"ImageObject\",\"inLanguage\":\"sv-SE\",\"@id\":\"https:\/\/andamanscuba.com\/es\/#\/schema\/logo\/image\/\",\"url\":\"https:\/\/andamanscuba.com\/wp-content\/uploads\/2023\/06\/logo-andaman-scuba-plongee-thailande.png\",\"contentUrl\":\"https:\/\/andamanscuba.com\/wp-content\/uploads\/2023\/06\/logo-andaman-scuba-plongee-thailande.png\",\"width\":1148,\"height\":602,\"caption\":\"Andaman Scuba\"},\"image\":{\"@id\":\"https:\/\/andamanscuba.com\/es\/#\/schema\/logo\/image\/\"},\"sameAs\":[\"https:\/\/www.facebook.com\/andaman.scuba\"]}]}<\/script>\n<!-- \/ Yoast SEO Premium plugin. -->","yoast_head_json":{"title":"Integritetspolicy - Andaman Scuba - Dykcenter i Khao Lak, Thailand","robots":{"index":"noindex","follow":"nofollow"},"og_locale":"sv_SE","og_type":"article","og_title":"Integritetspolicy - Andaman Scuba - Dykcenter i Khao Lak, Thailan","og_description":"Integritetspolicy Andaman Scuba l\u00e4gger stor vikt vid att skydda sina kunders privatliv. De f\u00f6rbinder sig att h\u00e5lla personuppgifter konfidentiella och att inte hyra ut, s\u00e4lja eller byta dem. De str\u00e4var efter att erbjuda b\u00e4sta m\u00f6jliga service genom att s\u00e4kerst\u00e4lla att kunderna f\u00f6rst\u00e5r deras integritetspolicy. Andaman Scuba samlar inte automatiskt in personuppgifter fr\u00e5n bes\u00f6kare p\u00e5 deras [&hellip;]","og_url":"https:\/\/andamanscuba.com\/sv\/integritetspolicy\/","og_site_name":"Andaman Scuba","article_publisher":"https:\/\/www.facebook.com\/andaman.scuba","article_modified_time":"2025-10-14T17:38:40+00:00","og_image":[{"width":100,"height":51,"url":"https:\/\/andamanscuba.com\/wp-content\/uploads\/2023\/06\/Logo-Andaman-Scuba-Croisieres-Plongee-Thailande-Myanmar.png","type":"image\/png"}],"twitter_card":"summary_large_image","twitter_misc":{"Ber\u00e4knad l\u00e4stid":"2 minuter"},"schema":{"@context":"https:\/\/schema.org","@graph":[{"@type":"WebPage","@id":"https:\/\/andamanscuba.com\/sv\/integritetspolicy\/","url":"https:\/\/andamanscuba.com\/sv\/integritetspolicy\/","name":"Integritetspolicy - Andaman Scuba - Dykcenter i Khao Lak, Thailand","isPartOf":{"@id":"https:\/\/andamanscuba.com\/es\/#website"},"primaryImageOfPage":{"@id":"https:\/\/andamanscuba.com\/sv\/integritetspolicy\/#primaryimage"},"image":{"@id":"https:\/\/andamanscuba.com\/sv\/integritetspolicy\/#primaryimage"},"thumbnailUrl":"https:\/\/andamanscuba.com\/wp-content\/uploads\/2023\/06\/Logo-Andaman-Scuba-Croisieres-Plongee-Thailande-Myanmar.png","datePublished":"2023-07-13T10:24:31+00:00","dateModified":"2025-10-14T17:38:40+00:00","breadcrumb":{"@id":"https:\/\/andamanscuba.com\/sv\/integritetspolicy\/#breadcrumb"},"inLanguage":"sv-SE","potentialAction":[{"@type":"ReadAction","target":["https:\/\/andamanscuba.com\/sv\/integritetspolicy\/"]}]},{"@type":"ImageObject","inLanguage":"sv-SE","@id":"https:\/\/andamanscuba.com\/sv\/integritetspolicy\/#primaryimage","url":"https:\/\/andamanscuba.com\/wp-content\/uploads\/2023\/06\/Logo-Andaman-Scuba-Croisieres-Plongee-Thailande-Myanmar.png","contentUrl":"https:\/\/andamanscuba.com\/wp-content\/uploads\/2023\/06\/Logo-Andaman-Scuba-Croisieres-Plongee-Thailande-Myanmar.png"},{"@type":"BreadcrumbList","@id":"https:\/\/andamanscuba.com\/sv\/integritetspolicy\/#breadcrumb","itemListElement":[{"@type":"ListItem","position":1,"name":"Home","item":"https:\/\/andamanscuba.com\/sv\/"},{"@type":"ListItem","position":2,"name":"Integritetspolicy &#8211; Andaman Scuba &#8211; Dykcenter i Khao Lak, Thailan"}]},{"@type":"WebSite","@id":"https:\/\/andamanscuba.com\/es\/#website","url":"https:\/\/andamanscuba.com\/es\/","name":"Andaman Scuba","description":"Centre de plong\u00e9e et croisi\u00e8res en Tha\u00eflande","publisher":{"@id":"https:\/\/andamanscuba.com\/es\/#organization"},"potentialAction":[{"@type":"SearchAction","target":{"@type":"EntryPoint","urlTemplate":"https:\/\/andamanscuba.com\/es\/?s={search_term_string}"},"query-input":{"@type":"PropertyValueSpecification","valueRequired":true,"valueName":"search_term_string"}}],"inLanguage":"sv-SE"},{"@type":"Organization","@id":"https:\/\/andamanscuba.com\/es\/#organization","name":"Andaman Scuba","url":"https:\/\/andamanscuba.com\/es\/","logo":{"@type":"ImageObject","inLanguage":"sv-SE","@id":"https:\/\/andamanscuba.com\/es\/#\/schema\/logo\/image\/","url":"https:\/\/andamanscuba.com\/wp-content\/uploads\/2023\/06\/logo-andaman-scuba-plongee-thailande.png","contentUrl":"https:\/\/andamanscuba.com\/wp-content\/uploads\/2023\/06\/logo-andaman-scuba-plongee-thailande.png","width":1148,"height":602,"caption":"Andaman Scuba"},"image":{"@id":"https:\/\/andamanscuba.com\/es\/#\/schema\/logo\/image\/"},"sameAs":["https:\/\/www.facebook.com\/andaman.scuba"]}]}},"_links":{"self":[{"href":"https:\/\/andamanscuba.com\/sv\/wp-json\/wp\/v2\/pages\/33494","targetHints":{"allow":["GET"]}}],"collection":[{"href":"https:\/\/andamanscuba.com\/sv\/wp-json\/wp\/v2\/pages"}],"about":[{"href":"https:\/\/andamanscuba.com\/sv\/wp-json\/wp\/v2\/types\/page"}],"author":[{"embeddable":true,"href":"https:\/\/andamanscuba.com\/sv\/wp-json\/wp\/v2\/users\/1"}],"replies":[{"embeddable":true,"href":"https:\/\/andamanscuba.com\/sv\/wp-json\/wp\/v2\/comments?post=33494"}],"version-history":[{"count":4,"href":"https:\/\/andamanscuba.com\/sv\/wp-json\/wp\/v2\/pages\/33494\/revisions"}],"predecessor-version":[{"id":33498,"href":"https:\/\/andamanscuba.com\/sv\/wp-json\/wp\/v2\/pages\/33494\/revisions\/33498"}],"wp:attachment":[{"href":"https:\/\/andamanscuba.com\/sv\/wp-json\/wp\/v2\/media?parent=33494"}],"curies":[{"name":"wp","href":"https:\/\/api.w.org\/{rel}","templated":true}]}}