{"id":33358,"date":"2023-07-02T13:06:36","date_gmt":"2023-07-02T13:06:36","guid":{"rendered":"https:\/\/andamanscuba.com\/cours-divemaster-khao-lak\/"},"modified":"2025-10-20T15:12:21","modified_gmt":"2025-10-20T15:12:21","slug":"divemaster-kurs-khao-lak","status":"publish","type":"page","link":"https:\/\/andamanscuba.com\/sv\/divemaster-kurs-khao-lak\/","title":{"rendered":"Divemaster-kurs i Khao Lak"},"content":{"rendered":"\t\t<div data-elementor-type=\"wp-page\" data-elementor-id=\"33358\" class=\"elementor elementor-33358 elementor-14310\" data-elementor-settings=\"{&quot;ha_cmc_init_switcher&quot;:&quot;no&quot;}\" data-elementor-post-type=\"page\">\n\t\t\t\t\t\t<section class=\"elementor-section elementor-top-section elementor-element elementor-element-75b2d2b elementor-section-boxed elementor-section-height-default elementor-section-height-default\" data-id=\"75b2d2b\" data-element_type=\"section\" data-settings=\"{&quot;background_background&quot;:&quot;classic&quot;}\">\n\t\t\t\t\t\t<div class=\"elementor-container elementor-column-gap-default\">\n\t\t\t\t\t<div class=\"elementor-column elementor-col-33 elementor-top-column elementor-element elementor-element-2908711\" data-id=\"2908711\" data-element_type=\"column\" data-settings=\"{&quot;background_background&quot;:&quot;classic&quot;}\">\n\t\t\t<div class=\"elementor-widget-wrap elementor-element-populated\">\n\t\t\t\t\t\t<div class=\"elementor-element elementor-element-4dbf1ca elementor-mobile-align-center elementor-align-left subtitle-position-below elementor-widget elementor-widget-floaty-heading\" data-id=\"4dbf1ca\" data-element_type=\"widget\" data-widget_type=\"floaty-heading.default\">\n\t\t\t\t<div class=\"elementor-widget-container\">\n\t\t\t\t\t        <div class=\"elementor-heading-wrapper-inner\"><div class=\"elementor-sub-title\">Divemaster-kurs Khao Lak<\/div><h1 class=\"elementor-heading-title\">G\u00e5 vidare till professionell niv\u00e5<\/h1><\/div>\t\t\t\t<\/div>\n\t\t\t\t<\/div>\n\t\t\t\t<div class=\"elementor-element elementor-element-1417abc elementor-invisible elementor-widget elementor-widget-image\" data-id=\"1417abc\" data-element_type=\"widget\" data-settings=\"{&quot;_animation&quot;:&quot;bounce&quot;}\" data-widget_type=\"image.default\">\n\t\t\t\t<div class=\"elementor-widget-container\">\n\t\t\t\t\t\t\t\t\t\t\t\t\t\t\t<img fetchpriority=\"high\" decoding=\"async\" width=\"1188\" height=\"242\" src=\"https:\/\/andamanscuba.com\/wp-content\/uploads\/2023\/12\/Scuba-diving-courses-Similan.webp\" class=\"attachment-full size-full wp-image-33284\" alt=\"Scuba Diving Courses Khao Lak Similan - Discover Scuba Open Water Advanced\" srcset=\"https:\/\/andamanscuba.com\/wp-content\/uploads\/2023\/12\/Scuba-diving-courses-Similan.webp 1188w, https:\/\/andamanscuba.com\/wp-content\/uploads\/2023\/12\/Scuba-diving-courses-Similan-300x61.webp 300w, https:\/\/andamanscuba.com\/wp-content\/uploads\/2023\/12\/Scuba-diving-courses-Similan-1024x209.webp 1024w, https:\/\/andamanscuba.com\/wp-content\/uploads\/2023\/12\/Scuba-diving-courses-Similan-768x156.webp 768w\" sizes=\"(max-width: 1188px) 100vw, 1188px\" \/>\t\t\t\t\t\t\t\t\t\t\t\t\t\t\t<\/div>\n\t\t\t\t<\/div>\n\t\t\t\t<div class=\"elementor-element elementor-element-f350a3d elementor-widget elementor-widget-text-editor\" data-id=\"f350a3d\" data-element_type=\"widget\" data-widget_type=\"text-editor.default\">\n\t\t\t\t<div class=\"elementor-widget-container\">\n\t\t\t\t\t\t\t\t\t<p>Vill du ha dykning som yrke? F\u00f6rvandla din passion till en karri\u00e4r?<\/p><p>V\u00e5r Divemaster-kurs i Khao Lak, Thailand, \u00f6ppnar d\u00f6rren till en sp\u00e4nnande karri\u00e4r inom dykning i tropisk milj\u00f6.<\/p><p>Du l\u00e4r dig att s\u00e4kert v\u00e4gleda certifierade dykare i en m\u00e4ngd olika milj\u00f6er och f\u00f6rh\u00e5llanden. Att skapa s\u00e4kerhet, ge dykgenomg\u00e5ngar, bed\u00f6ma och kartl\u00e4gga dykplatser, dirigera dyk och assistera dykinstrukt\u00f6rer &#8230; du kommer att veta allt om det!<\/p><p>Genom att delta i Divemaster-kursen i Khao Lak f\u00e5r du m\u00f6jlighet att tr\u00e4na med ett team av erfarna SSI-, CMAS- och PADI-instrukt\u00f6rer som v\u00e4gleder dig. <br \/>Du kommer att utveckla avancerade dyk-, ledarskaps- och gruppledningsf\u00e4rdigheter n\u00e4r du utforskar Thailands vackra dykplatser: Similan\u00f6arna, Richelieu Rock, Surin\u00f6arna, Koh Phi Phi, Koh Haa, Hin Daeng &#8230; och mycket mer.<\/p><p>Oavsett om du vill arbeta som professionell dykguide eller bara f\u00f6rdjupa dina kunskaper \u00e4r v\u00e5r Divemaster-kurs i Khao Lak p\u00e5 v\u00e5rt dykcenter utformad f\u00f6r att erbjuda dig omfattande utbildning och en of\u00f6rgl\u00f6mlig upplevelse.<\/p>\t\t\t\t\t\t\t\t<\/div>\n\t\t\t\t<\/div>\n\t\t\t\t<div class=\"elementor-element elementor-element-682d00f elementor-mobile-align-center elementor-button-default elementor-widget elementor-widget-button\" data-id=\"682d00f\" data-element_type=\"widget\" data-widget_type=\"button.default\">\n\t\t\t\t<div class=\"elementor-widget-container\">\n\t\t\t\t\t\t\t\t\t<div class=\"elementor-button-wrapper\">\n\t\t\t\t\t<a class=\"elementor-button elementor-button-link elementor-size-sm\" href=\"https:\/\/andamanscuba.com\/sv\/boka-dykkurs-khao-lak\/\">\n\t\t\t\t\t\t<span class=\"elementor-button-content-wrapper\">\n\t\t\t\t\t\t\t\t\t<span class=\"elementor-button-text\">Kontakta oss<\/span>\n\t\t\t\t\t<\/span>\n\t\t\t\t\t<\/a>\n\t\t\t\t<\/div>\n\t\t\t\t\t\t\t\t<\/div>\n\t\t\t\t<\/div>\n\t\t\t\t\t<\/div>\n\t\t<\/div>\n\t\t\t\t<div class=\"elementor-column elementor-col-33 elementor-top-column elementor-element elementor-element-606017c\" data-id=\"606017c\" data-element_type=\"column\">\n\t\t\t<div class=\"elementor-widget-wrap elementor-element-populated\">\n\t\t\t\t\t\t<div class=\"elementor-element elementor-element-d2d3e6b elementor-widget-tablet_extra__width-initial elementor-invisible elementor-widget elementor-widget-image\" data-id=\"d2d3e6b\" data-element_type=\"widget\" data-settings=\"{&quot;_animation&quot;:&quot;bounce&quot;}\" data-widget_type=\"image.default\">\n\t\t\t\t<div class=\"elementor-widget-container\">\n\t\t\t\t\t\t\t\t\t\t\t\t\t\t\t<img decoding=\"async\" width=\"628\" height=\"560\" src=\"https:\/\/andamanscuba.com\/wp-content\/uploads\/2023\/11\/Cours-Divemaster-Khao-Lak-Plongee-Similan.webp\" class=\"attachment-full size-full wp-image-27296\" alt=\"Cours Divemaster Khao Lak Plonge\u0301e Similan - Certification Guide de Plong\u00e9e SSI PADI CMAS\" srcset=\"https:\/\/andamanscuba.com\/wp-content\/uploads\/2023\/11\/Cours-Divemaster-Khao-Lak-Plongee-Similan.webp 628w, https:\/\/andamanscuba.com\/wp-content\/uploads\/2023\/11\/Cours-Divemaster-Khao-Lak-Plongee-Similan-300x268.webp 300w\" sizes=\"(max-width: 628px) 100vw, 628px\" \/>\t\t\t\t\t\t\t\t\t\t\t\t\t\t\t<\/div>\n\t\t\t\t<\/div>\n\t\t\t\t\t<\/div>\n\t\t<\/div>\n\t\t\t\t<div class=\"elementor-column elementor-col-33 elementor-top-column elementor-element elementor-element-20221ee\" data-id=\"20221ee\" data-element_type=\"column\" data-settings=\"{&quot;background_background&quot;:&quot;classic&quot;}\">\n\t\t\t<div class=\"elementor-widget-wrap elementor-element-populated\">\n\t\t\t\t\t\t<section class=\"elementor-section elementor-inner-section elementor-element elementor-element-98fe213 elementor-section-boxed elementor-section-height-default elementor-section-height-default\" data-id=\"98fe213\" data-element_type=\"section\">\n\t\t\t\t\t\t<div class=\"elementor-container elementor-column-gap-default\">\n\t\t\t\t\t<div class=\"elementor-column elementor-col-100 elementor-inner-column elementor-element elementor-element-a36418d elementor-invisible\" data-id=\"a36418d\" data-element_type=\"column\" data-settings=\"{&quot;animation&quot;:&quot;slideInUp&quot;}\">\n\t\t\t<div class=\"elementor-widget-wrap elementor-element-populated\">\n\t\t\t\t\t\t<div class=\"elementor-element elementor-element-3e451c6 elementor-widget elementor-widget-price-table\" data-id=\"3e451c6\" data-element_type=\"widget\" data-widget_type=\"price-table.default\">\n\t\t\t\t<div class=\"elementor-widget-container\">\n\t\t\t\t\t\n\t\t<div class=\"elementor-price-table\">\n\t\t\t\t\t\t\t<div class=\"elementor-price-table__header\">\n\t\t\t\t\t\t\t\t\t\t\t<h3 class=\"elementor-price-table__heading\">\n\t\t\t\t\t\tPROFESSIONELL NIV\u00c5\t\t\t\t\t\t<\/h3>\n\t\t\t\t\t\n\t\t\t\t\t\t\t\t\t<\/div>\n\t\t\t\n\t\t\t<div class=\"elementor-price-table__price\">\n\t\t\t\t\t\t\t\t\t\t\t\t\n\t\t\t\t\n\t\t\t\t\n\t\t\t\t\t\t\t\t\t<span class=\"elementor-price-table__period elementor-typo-excluded\">Bli en<\/span>\t\t\t\t\t\t\t<\/div>\n\n\t\t\t\t\t\t\t<ul class=\"elementor-price-table__features-list\">\n\t\t\t\t\t\t\t\t\t\t\t<li class=\"elementor-repeater-item-8f21a18\">\n\t\t\t\t\t\t\t<div class=\"elementor-price-table__feature-inner\">\n\t\t\t\t\t\t\t\t<i aria-hidden=\"true\" class=\"far fa-check-circle\"><\/i>\t\t\t\t\t\t\t\t\t\t\t\t\t\t\t\t\t<span >\n\t\t\t\t\t\t\t\t\t\tDykguide\t\t\t\t\t\t\t\t\t<\/span>\n\t\t\t\t\t\t\t\t\t\t\t\t\t\t\t\t<\/div>\n\t\t\t\t\t\t<\/li>\n\t\t\t\t\t\t\t\t\t\t\t<li class=\"elementor-repeater-item-604ebb2\">\n\t\t\t\t\t\t\t<div class=\"elementor-price-table__feature-inner\">\n\t\t\t\t\t\t\t\t<i aria-hidden=\"true\" class=\"far fa-check-circle\"><\/i>\t\t\t\t\t\t\t\t\t\t\t\t\t\t\t\t\t<span >\n\t\t\t\t\t\t\t\t\t\tDivemaster\t\t\t\t\t\t\t\t\t<\/span>\n\t\t\t\t\t\t\t\t\t\t\t\t\t\t\t\t<\/div>\n\t\t\t\t\t\t<\/li>\n\t\t\t\t\t\t\t\t\t\t\t<li class=\"elementor-repeater-item-b3a8d4c\">\n\t\t\t\t\t\t\t<div class=\"elementor-price-table__feature-inner\">\n\t\t\t\t\t\t\t\t<i aria-hidden=\"true\" class=\"far fa-check-circle\"><\/i>\t\t\t\t\t\t\t\t\t\t\t\t\t\t\t\t\t<span >\n\t\t\t\t\t\t\t\t\t\tDykledare\t\t\t\t\t\t\t\t\t<\/span>\n\t\t\t\t\t\t\t\t\t\t\t\t\t\t\t\t<\/div>\n\t\t\t\t\t\t<\/li>\n\t\t\t\t\t\t\t\t\t\t\t<li class=\"elementor-repeater-item-c2008b2\">\n\t\t\t\t\t\t\t<div class=\"elementor-price-table__feature-inner\">\n\t\t\t\t\t\t\t\t\t\t\t\t\t\t\t\t\t\t\t\t\t\t\t\t\t<span >\n\t\t\t\t\t\t\t\t\t\tBeroende av din tidigare certifieringsniv\u00e5 och erfarenhet \u00e4r v\u00e5ra Divemaster-kurser anpassade vad g\u00e4ller l\u00e4ngd, fr\u00e5n 2 veckor till 3 m\u00e5nader. \n\nUnder hela denna omfattande utbildning kommer v\u00e5rt instrukt\u00f6rsteam att f\u00f6lja med dig p\u00e5 din resa till att bli en professionell dykguide och f\u00f6rmedla djupg\u00e5ende kunskap och o\u00f6vertr\u00e4ffad erfarenhet fr\u00e5n v\u00e5ra kryssningar och dagliga dykturer.\n\nDu kommer att f\u00f6rv\u00e4rva de n\u00f6dv\u00e4ndiga f\u00e4rdigheterna f\u00f6r att leda s\u00e4kra dyk och v\u00e4gleda dykare genom extraordin\u00e4ra undervattensplatser. Proffsv\u00e4rlden v\u00e4ntar p\u00e5 dig!\t\t\t\t\t\t\t\t\t<\/span>\n\t\t\t\t\t\t\t\t\t\t\t\t\t\t\t\t<\/div>\n\t\t\t\t\t\t<\/li>\n\t\t\t\t\t\t\t\t\t<\/ul>\n\t\t\t\n\t\t\t\t\t\t\t<div class=\"elementor-price-table__footer\">\n\t\t\t\t\t\t\t\t\t\t\t<a class=\"elementor-price-table__button elementor-button elementor-size-md\" href=\"https:\/\/andamanscuba.com\/sv\/boka-dykkurs-khao-lak\/\">\n\t\t\t\t\t\t\tKontakta oss\t\t\t\t\t\t<\/a>\n\t\t\t\t\t\n\t\t\t\t\t\t\t\t\t<\/div>\n\t\t\t\t\t<\/div>\n\n\t\t\t\t\t\t<\/div>\n\t\t\t\t<\/div>\n\t\t\t\t\t<\/div>\n\t\t<\/div>\n\t\t\t\t\t<\/div>\n\t\t<\/section>\n\t\t\t\t\t<\/div>\n\t\t<\/div>\n\t\t\t\t\t<\/div>\n\t\t<\/section>\n\t\t\t\t<\/div>\n\t\t","protected":false},"excerpt":{"rendered":"<p>Divemaster-kurs Khao Lak G\u00e5 vidare till professionell niv\u00e5 Vill du ha dykning som yrke? F\u00f6rvandla din passion till en karri\u00e4r? V\u00e5r Divemaster-kurs i Khao Lak, Thailand, \u00f6ppnar d\u00f6rren till en sp\u00e4nnande karri\u00e4r inom dykning i tropisk milj\u00f6. Du l\u00e4r dig att s\u00e4kert v\u00e4gleda certifierade dykare i en m\u00e4ngd olika milj\u00f6er och f\u00f6rh\u00e5llanden. Att skapa s\u00e4kerhet, [&hellip;]<\/p>\n","protected":false},"author":1,"featured_media":0,"parent":0,"menu_order":0,"comment_status":"closed","ping_status":"closed","template":"template-homepage.php","meta":{"inline_featured_image":false,"footnotes":""},"class_list":["post-33358","page","type-page","status-publish","hentry"],"yoast_head":"<!-- This site is optimized with the Yoast SEO Premium plugin v23.3 (Yoast SEO v26.6) - https:\/\/yoast.com\/wordpress\/plugins\/seo\/ -->\n<title>Divemaster-kurs i Khao Lak - Bli Divemaster<\/title>\n<meta name=\"description\" content=\"Starta din Divemaster-utbildning i Khao Lak! L\u00e4r dig ledarskap, s\u00e4kerhet och dykplanering - bli certifierad Divemaster hos oss i Thailand.\" \/>\n<meta name=\"robots\" content=\"index, follow, max-snippet:-1, max-image-preview:large, max-video-preview:-1\" \/>\n<link rel=\"canonical\" href=\"https:\/\/andamanscuba.com\/sv\/divemaster-kurs-khao-lak\/\" \/>\n<meta property=\"og:locale\" content=\"sv_SE\" \/>\n<meta property=\"og:type\" content=\"article\" \/>\n<meta property=\"og:title\" content=\"Divemaster-kurs i Khao Lak\" \/>\n<meta property=\"og:description\" content=\"Starta din Divemaster-utbildning i Khao Lak! L\u00e4r dig ledarskap, s\u00e4kerhet och dykplanering - bli certifierad Divemaster hos oss i Thailand.\" \/>\n<meta property=\"og:url\" content=\"https:\/\/andamanscuba.com\/sv\/divemaster-kurs-khao-lak\/\" \/>\n<meta property=\"og:site_name\" content=\"Andaman Scuba\" \/>\n<meta property=\"article:publisher\" content=\"https:\/\/www.facebook.com\/andaman.scuba\" \/>\n<meta property=\"article:modified_time\" content=\"2025-10-20T15:12:21+00:00\" \/>\n<meta property=\"og:image\" content=\"https:\/\/andamanscuba.com\/wp-content\/uploads\/2023\/12\/Scuba-diving-courses-Similan.webp\" \/>\n\t<meta property=\"og:image:width\" content=\"1188\" \/>\n\t<meta property=\"og:image:height\" content=\"242\" \/>\n\t<meta property=\"og:image:type\" content=\"image\/webp\" \/>\n<meta name=\"twitter:card\" content=\"summary_large_image\" \/>\n<meta name=\"twitter:label1\" content=\"Ber\u00e4knad l\u00e4stid\" \/>\n\t<meta name=\"twitter:data1\" content=\"2 minuter\" \/>\n<script type=\"application\/ld+json\" class=\"yoast-schema-graph\">{\"@context\":\"https:\/\/schema.org\",\"@graph\":[{\"@type\":\"WebPage\",\"@id\":\"https:\/\/andamanscuba.com\/sv\/divemaster-kurs-khao-lak\/\",\"url\":\"https:\/\/andamanscuba.com\/sv\/divemaster-kurs-khao-lak\/\",\"name\":\"Divemaster-kurs i Khao Lak - Bli Divemaster\",\"isPartOf\":{\"@id\":\"https:\/\/andamanscuba.com\/es\/#website\"},\"primaryImageOfPage\":{\"@id\":\"https:\/\/andamanscuba.com\/sv\/divemaster-kurs-khao-lak\/#primaryimage\"},\"image\":{\"@id\":\"https:\/\/andamanscuba.com\/sv\/divemaster-kurs-khao-lak\/#primaryimage\"},\"thumbnailUrl\":\"https:\/\/andamanscuba.com\/wp-content\/uploads\/2023\/12\/Scuba-diving-courses-Similan.webp\",\"datePublished\":\"2023-07-02T13:06:36+00:00\",\"dateModified\":\"2025-10-20T15:12:21+00:00\",\"description\":\"Starta din Divemaster-utbildning i Khao Lak! L\u00e4r dig ledarskap, s\u00e4kerhet och dykplanering - bli certifierad Divemaster hos oss i Thailand.\",\"breadcrumb\":{\"@id\":\"https:\/\/andamanscuba.com\/sv\/divemaster-kurs-khao-lak\/#breadcrumb\"},\"inLanguage\":\"sv-SE\",\"potentialAction\":[{\"@type\":\"ReadAction\",\"target\":[\"https:\/\/andamanscuba.com\/sv\/divemaster-kurs-khao-lak\/\"]}]},{\"@type\":\"ImageObject\",\"inLanguage\":\"sv-SE\",\"@id\":\"https:\/\/andamanscuba.com\/sv\/divemaster-kurs-khao-lak\/#primaryimage\",\"url\":\"https:\/\/andamanscuba.com\/wp-content\/uploads\/2023\/12\/Scuba-diving-courses-Similan.webp\",\"contentUrl\":\"https:\/\/andamanscuba.com\/wp-content\/uploads\/2023\/12\/Scuba-diving-courses-Similan.webp\"},{\"@type\":\"BreadcrumbList\",\"@id\":\"https:\/\/andamanscuba.com\/sv\/divemaster-kurs-khao-lak\/#breadcrumb\",\"itemListElement\":[{\"@type\":\"ListItem\",\"position\":1,\"name\":\"Home\",\"item\":\"https:\/\/andamanscuba.com\/sv\/\"},{\"@type\":\"ListItem\",\"position\":2,\"name\":\"Divemaster-kurs i Khao Lak\"}]},{\"@type\":\"WebSite\",\"@id\":\"https:\/\/andamanscuba.com\/es\/#website\",\"url\":\"https:\/\/andamanscuba.com\/es\/\",\"name\":\"Andaman Scuba\",\"description\":\"Centre de plong\u00e9e et croisi\u00e8res en Tha\u00eflande\",\"publisher\":{\"@id\":\"https:\/\/andamanscuba.com\/es\/#organization\"},\"potentialAction\":[{\"@type\":\"SearchAction\",\"target\":{\"@type\":\"EntryPoint\",\"urlTemplate\":\"https:\/\/andamanscuba.com\/es\/?s={search_term_string}\"},\"query-input\":{\"@type\":\"PropertyValueSpecification\",\"valueRequired\":true,\"valueName\":\"search_term_string\"}}],\"inLanguage\":\"sv-SE\"},{\"@type\":\"Organization\",\"@id\":\"https:\/\/andamanscuba.com\/es\/#organization\",\"name\":\"Andaman Scuba\",\"url\":\"https:\/\/andamanscuba.com\/es\/\",\"logo\":{\"@type\":\"ImageObject\",\"inLanguage\":\"sv-SE\",\"@id\":\"https:\/\/andamanscuba.com\/es\/#\/schema\/logo\/image\/\",\"url\":\"https:\/\/andamanscuba.com\/wp-content\/uploads\/2023\/06\/logo-andaman-scuba-plongee-thailande.png\",\"contentUrl\":\"https:\/\/andamanscuba.com\/wp-content\/uploads\/2023\/06\/logo-andaman-scuba-plongee-thailande.png\",\"width\":1148,\"height\":602,\"caption\":\"Andaman Scuba\"},\"image\":{\"@id\":\"https:\/\/andamanscuba.com\/es\/#\/schema\/logo\/image\/\"},\"sameAs\":[\"https:\/\/www.facebook.com\/andaman.scuba\"]}]}<\/script>\n<!-- \/ Yoast SEO Premium plugin. -->","yoast_head_json":{"title":"Divemaster-kurs i Khao Lak - Bli Divemaster","description":"Starta din Divemaster-utbildning i Khao Lak! L\u00e4r dig ledarskap, s\u00e4kerhet och dykplanering - bli certifierad Divemaster hos oss i Thailand.","robots":{"index":"index","follow":"follow","max-snippet":"max-snippet:-1","max-image-preview":"max-image-preview:large","max-video-preview":"max-video-preview:-1"},"canonical":"https:\/\/andamanscuba.com\/sv\/divemaster-kurs-khao-lak\/","og_locale":"sv_SE","og_type":"article","og_title":"Divemaster-kurs i Khao Lak","og_description":"Starta din Divemaster-utbildning i Khao Lak! L\u00e4r dig ledarskap, s\u00e4kerhet och dykplanering - bli certifierad Divemaster hos oss i Thailand.","og_url":"https:\/\/andamanscuba.com\/sv\/divemaster-kurs-khao-lak\/","og_site_name":"Andaman Scuba","article_publisher":"https:\/\/www.facebook.com\/andaman.scuba","article_modified_time":"2025-10-20T15:12:21+00:00","og_image":[{"width":1188,"height":242,"url":"https:\/\/andamanscuba.com\/wp-content\/uploads\/2023\/12\/Scuba-diving-courses-Similan.webp","type":"image\/webp"}],"twitter_card":"summary_large_image","twitter_misc":{"Ber\u00e4knad l\u00e4stid":"2 minuter"},"schema":{"@context":"https:\/\/schema.org","@graph":[{"@type":"WebPage","@id":"https:\/\/andamanscuba.com\/sv\/divemaster-kurs-khao-lak\/","url":"https:\/\/andamanscuba.com\/sv\/divemaster-kurs-khao-lak\/","name":"Divemaster-kurs i Khao Lak - Bli Divemaster","isPartOf":{"@id":"https:\/\/andamanscuba.com\/es\/#website"},"primaryImageOfPage":{"@id":"https:\/\/andamanscuba.com\/sv\/divemaster-kurs-khao-lak\/#primaryimage"},"image":{"@id":"https:\/\/andamanscuba.com\/sv\/divemaster-kurs-khao-lak\/#primaryimage"},"thumbnailUrl":"https:\/\/andamanscuba.com\/wp-content\/uploads\/2023\/12\/Scuba-diving-courses-Similan.webp","datePublished":"2023-07-02T13:06:36+00:00","dateModified":"2025-10-20T15:12:21+00:00","description":"Starta din Divemaster-utbildning i Khao Lak! L\u00e4r dig ledarskap, s\u00e4kerhet och dykplanering - bli certifierad Divemaster hos oss i Thailand.","breadcrumb":{"@id":"https:\/\/andamanscuba.com\/sv\/divemaster-kurs-khao-lak\/#breadcrumb"},"inLanguage":"sv-SE","potentialAction":[{"@type":"ReadAction","target":["https:\/\/andamanscuba.com\/sv\/divemaster-kurs-khao-lak\/"]}]},{"@type":"ImageObject","inLanguage":"sv-SE","@id":"https:\/\/andamanscuba.com\/sv\/divemaster-kurs-khao-lak\/#primaryimage","url":"https:\/\/andamanscuba.com\/wp-content\/uploads\/2023\/12\/Scuba-diving-courses-Similan.webp","contentUrl":"https:\/\/andamanscuba.com\/wp-content\/uploads\/2023\/12\/Scuba-diving-courses-Similan.webp"},{"@type":"BreadcrumbList","@id":"https:\/\/andamanscuba.com\/sv\/divemaster-kurs-khao-lak\/#breadcrumb","itemListElement":[{"@type":"ListItem","position":1,"name":"Home","item":"https:\/\/andamanscuba.com\/sv\/"},{"@type":"ListItem","position":2,"name":"Divemaster-kurs i Khao Lak"}]},{"@type":"WebSite","@id":"https:\/\/andamanscuba.com\/es\/#website","url":"https:\/\/andamanscuba.com\/es\/","name":"Andaman Scuba","description":"Centre de plong\u00e9e et croisi\u00e8res en Tha\u00eflande","publisher":{"@id":"https:\/\/andamanscuba.com\/es\/#organization"},"potentialAction":[{"@type":"SearchAction","target":{"@type":"EntryPoint","urlTemplate":"https:\/\/andamanscuba.com\/es\/?s={search_term_string}"},"query-input":{"@type":"PropertyValueSpecification","valueRequired":true,"valueName":"search_term_string"}}],"inLanguage":"sv-SE"},{"@type":"Organization","@id":"https:\/\/andamanscuba.com\/es\/#organization","name":"Andaman Scuba","url":"https:\/\/andamanscuba.com\/es\/","logo":{"@type":"ImageObject","inLanguage":"sv-SE","@id":"https:\/\/andamanscuba.com\/es\/#\/schema\/logo\/image\/","url":"https:\/\/andamanscuba.com\/wp-content\/uploads\/2023\/06\/logo-andaman-scuba-plongee-thailande.png","contentUrl":"https:\/\/andamanscuba.com\/wp-content\/uploads\/2023\/06\/logo-andaman-scuba-plongee-thailande.png","width":1148,"height":602,"caption":"Andaman Scuba"},"image":{"@id":"https:\/\/andamanscuba.com\/es\/#\/schema\/logo\/image\/"},"sameAs":["https:\/\/www.facebook.com\/andaman.scuba"]}]}},"_links":{"self":[{"href":"https:\/\/andamanscuba.com\/sv\/wp-json\/wp\/v2\/pages\/33358","targetHints":{"allow":["GET"]}}],"collection":[{"href":"https:\/\/andamanscuba.com\/sv\/wp-json\/wp\/v2\/pages"}],"about":[{"href":"https:\/\/andamanscuba.com\/sv\/wp-json\/wp\/v2\/types\/page"}],"author":[{"embeddable":true,"href":"https:\/\/andamanscuba.com\/sv\/wp-json\/wp\/v2\/users\/1"}],"replies":[{"embeddable":true,"href":"https:\/\/andamanscuba.com\/sv\/wp-json\/wp\/v2\/comments?post=33358"}],"version-history":[{"count":7,"href":"https:\/\/andamanscuba.com\/sv\/wp-json\/wp\/v2\/pages\/33358\/revisions"}],"predecessor-version":[{"id":33693,"href":"https:\/\/andamanscuba.com\/sv\/wp-json\/wp\/v2\/pages\/33358\/revisions\/33693"}],"wp:attachment":[{"href":"https:\/\/andamanscuba.com\/sv\/wp-json\/wp\/v2\/media?parent=33358"}],"curies":[{"name":"wp","href":"https:\/\/api.w.org\/{rel}","templated":true}]}}