{"id":33333,"date":"2023-07-02T13:24:15","date_gmt":"2023-07-02T13:24:15","guid":{"rendered":"https:\/\/andamanscuba.com\/cours-ssi-plongee-profonde-khao-lak\/"},"modified":"2025-11-07T15:19:01","modified_gmt":"2025-11-07T15:19:01","slug":"djupdykning-deep-diving-kurs-khao-lak","status":"publish","type":"page","link":"https:\/\/andamanscuba.com\/sv\/djupdykning-deep-diving-kurs-khao-lak\/","title":{"rendered":"Djupdykning i Khao Lak"},"content":{"rendered":"\t\t<div data-elementor-type=\"wp-page\" data-elementor-id=\"33333\" class=\"elementor elementor-33333 elementor-14332\" data-elementor-settings=\"{&quot;ha_cmc_init_switcher&quot;:&quot;no&quot;}\" data-elementor-post-type=\"page\">\n\t\t\t\t\t\t<section class=\"elementor-section elementor-top-section elementor-element elementor-element-75b2d2b elementor-section-stretched elementor-section-boxed elementor-section-height-default elementor-section-height-default\" data-id=\"75b2d2b\" data-element_type=\"section\" data-settings=\"{&quot;background_background&quot;:&quot;classic&quot;,&quot;stretch_section&quot;:&quot;section-stretched&quot;}\">\n\t\t\t\t\t\t<div class=\"elementor-container elementor-column-gap-default\">\n\t\t\t\t\t<div class=\"elementor-column elementor-col-50 elementor-top-column elementor-element elementor-element-2908711\" data-id=\"2908711\" data-element_type=\"column\" data-settings=\"{&quot;background_background&quot;:&quot;classic&quot;}\">\n\t\t\t<div class=\"elementor-widget-wrap elementor-element-populated\">\n\t\t\t\t\t\t<div class=\"elementor-element elementor-element-4dbf1ca elementor-mobile-align-center elementor-align-left subtitle-position-below elementor-widget elementor-widget-floaty-heading\" data-id=\"4dbf1ca\" data-element_type=\"widget\" data-widget_type=\"floaty-heading.default\">\n\t\t\t\t<div class=\"elementor-widget-container\">\n\t\t\t\t\t        <div class=\"elementor-heading-wrapper-inner\"><div class=\"elementor-sub-title\">Djupdykning - Deep Diver i Khao Lak<\/div><h1 class=\"elementor-heading-title\">Uppgradera din dykniv\u00e5\n<\/h1><\/div>\t\t\t\t<\/div>\n\t\t\t\t<\/div>\n\t\t\t\t<div class=\"elementor-element elementor-element-4e2ab35 elementor-invisible elementor-widget elementor-widget-image\" data-id=\"4e2ab35\" data-element_type=\"widget\" data-settings=\"{&quot;_animation&quot;:&quot;bounce&quot;}\" data-widget_type=\"image.default\">\n\t\t\t\t<div class=\"elementor-widget-container\">\n\t\t\t\t\t\t\t\t\t\t\t\t\t\t\t<img fetchpriority=\"high\" decoding=\"async\" width=\"1188\" height=\"242\" src=\"https:\/\/andamanscuba.com\/wp-content\/uploads\/2023\/12\/Scuba-diving-courses-Similan.webp\" class=\"attachment-full size-full wp-image-33284\" alt=\"Scuba Diving Courses Khao Lak Similan - Discover Scuba Open Water Advanced\" srcset=\"https:\/\/andamanscuba.com\/wp-content\/uploads\/2023\/12\/Scuba-diving-courses-Similan.webp 1188w, https:\/\/andamanscuba.com\/wp-content\/uploads\/2023\/12\/Scuba-diving-courses-Similan-300x61.webp 300w, https:\/\/andamanscuba.com\/wp-content\/uploads\/2023\/12\/Scuba-diving-courses-Similan-1024x209.webp 1024w, https:\/\/andamanscuba.com\/wp-content\/uploads\/2023\/12\/Scuba-diving-courses-Similan-768x156.webp 768w\" sizes=\"(max-width: 1188px) 100vw, 1188px\" \/>\t\t\t\t\t\t\t\t\t\t\t\t\t\t\t<\/div>\n\t\t\t\t<\/div>\n\t\t\t\t<div class=\"elementor-element elementor-element-f350a3d elementor-widget elementor-widget-text-editor\" data-id=\"f350a3d\" data-element_type=\"widget\" data-widget_type=\"text-editor.default\">\n\t\t\t\t<div class=\"elementor-widget-container\">\n\t\t\t\t\t\t\t\t\t<p>Ge dig ut p\u00e5 djupet med s\u00e4kerhet och sj\u00e4lvf\u00f6rtroende tack vare v\u00e5r djupdykningskurs och v\u00e5ra certifierade SSI-, CMAS- eller PADI-instrukt\u00f6rer i Khao Lak.<\/p><p>Specialiteten djupdykning l\u00e4r dig allt du beh\u00f6ver f\u00f6r att dyka till djup mellan 18 och 40 meter.<\/p><p>V\u00e5ra certifierade SSI-, CMAS- och PADI-instrukt\u00f6rer l\u00e4r dig de tekniker och protokoll du beh\u00f6ver f\u00f6r att finslipa dina djupdykningsf\u00e4rdigheter, oavsett om det \u00e4r i havet n\u00e4ra Khao Lak eller p\u00e5 en av v\u00e5ra dykkryssningar\/liveaboards.<\/p><p>Genom en blandning av teoripass och dyk i \u00f6ppet vatten l\u00e4r du dig att planera och genomf\u00f6ra dina djupdyknings\u00e4ventyr p\u00e5 ett s\u00e4kert s\u00e4tt.<\/p><p>Ta chansen med en specialdykkurs i v\u00e5rt dykcenter f\u00f6r att uppt\u00e4cka otroliga dykplatser och beundra en exceptionell marin flora och fauna mitt i Andamansj\u00f6n.<\/p>\t\t\t\t\t\t\t\t<\/div>\n\t\t\t\t<\/div>\n\t\t\t\t<div class=\"elementor-element elementor-element-682d00f elementor-align-center elementor-button-default elementor-widget elementor-widget-button\" data-id=\"682d00f\" data-element_type=\"widget\" data-widget_type=\"button.default\">\n\t\t\t\t<div class=\"elementor-widget-container\">\n\t\t\t\t\t\t\t\t\t<div class=\"elementor-button-wrapper\">\n\t\t\t\t\t<a class=\"elementor-button elementor-button-link elementor-size-sm\" href=\"https:\/\/andamanscuba.com\/reservation-cours-plongee-khao-lak\/\">\n\t\t\t\t\t\t<span class=\"elementor-button-content-wrapper\">\n\t\t\t\t\t\t\t\t\t<span class=\"elementor-button-text\">Kontakta oss<\/span>\n\t\t\t\t\t<\/span>\n\t\t\t\t\t<\/a>\n\t\t\t\t<\/div>\n\t\t\t\t\t\t\t\t<\/div>\n\t\t\t\t<\/div>\n\t\t\t\t\t<\/div>\n\t\t<\/div>\n\t\t\t\t<div class=\"elementor-column elementor-col-50 elementor-top-column elementor-element elementor-element-2bbdf2c\" data-id=\"2bbdf2c\" data-element_type=\"column\">\n\t\t\t<div class=\"elementor-widget-wrap elementor-element-populated\">\n\t\t\t\t\t\t<div class=\"elementor-element elementor-element-8ccca33 elementor-invisible elementor-widget elementor-widget-image\" data-id=\"8ccca33\" data-element_type=\"widget\" data-settings=\"{&quot;_animation&quot;:&quot;bounce&quot;}\" data-widget_type=\"image.default\">\n\t\t\t\t<div class=\"elementor-widget-container\">\n\t\t\t\t\t\t\t\t\t\t\t\t\t\t\t<img decoding=\"async\" width=\"639\" height=\"710\" src=\"https:\/\/andamanscuba.com\/wp-content\/uploads\/2023\/11\/Cours-Plongee-Profonde-Khao-Lak.webp\" class=\"attachment-full size-full wp-image-27231\" alt=\"Cours Ssi Plong\u00e9e Profonde Khao Lak Similan - Certification CMAS PADI\" srcset=\"https:\/\/andamanscuba.com\/wp-content\/uploads\/2023\/11\/Cours-Plongee-Profonde-Khao-Lak.webp 639w, https:\/\/andamanscuba.com\/wp-content\/uploads\/2023\/11\/Cours-Plongee-Profonde-Khao-Lak-270x300.webp 270w\" sizes=\"(max-width: 639px) 100vw, 639px\" \/>\t\t\t\t\t\t\t\t\t\t\t\t\t\t\t<\/div>\n\t\t\t\t<\/div>\n\t\t\t\t\t<\/div>\n\t\t<\/div>\n\t\t\t\t\t<\/div>\n\t\t<\/section>\n\t\t\t\t<section class=\"elementor-section elementor-top-section elementor-element elementor-element-bef6b75 elementor-section-boxed elementor-section-height-default elementor-section-height-default\" data-id=\"bef6b75\" data-element_type=\"section\">\n\t\t\t\t\t\t<div class=\"elementor-container elementor-column-gap-default\">\n\t\t\t\t\t<div class=\"elementor-column elementor-col-50 elementor-top-column elementor-element elementor-element-c4bd5dd elementor-invisible\" data-id=\"c4bd5dd\" data-element_type=\"column\" data-settings=\"{&quot;animation&quot;:&quot;slideInUp&quot;}\">\n\t\t\t<div class=\"elementor-widget-wrap elementor-element-populated\">\n\t\t\t\t\t\t<div class=\"elementor-element elementor-element-55bf651 elementor-widget elementor-widget-price-table\" data-id=\"55bf651\" data-element_type=\"widget\" data-widget_type=\"price-table.default\">\n\t\t\t\t<div class=\"elementor-widget-container\">\n\t\t\t\t\t\n\t\t<div class=\"elementor-price-table\">\n\t\t\t\t\t\t\t<div class=\"elementor-price-table__header\">\n\t\t\t\t\t\t\t\t\t\t\t<h4 class=\"elementor-price-table__heading\">\n\t\t\t\t\t\tDEEP DIVING <br> ADVENTURE-MODUL\t\t\t\t\t\t<\/h4>\n\t\t\t\t\t\n\t\t\t\t\t\t\t\t\t<\/div>\n\t\t\t\n\t\t\t<div class=\"elementor-price-table__price\">\n\t\t\t\t\t\t\t\t<span class=\"elementor-price-table__currency\">&#128;<\/span>\t\t\t\t\t\t\t\t\t<span class=\"elementor-price-table__integer-part\">\n\t\t\t\t\t\t50\t\t\t\t\t<\/span>\n\t\t\t\t\n\t\t\t\t\n\t\t\t\t\n\t\t\t\t\t\t\t\t\t<span class=\"elementor-price-table__period elementor-typo-excluded\">1 Dyk<\/span>\t\t\t\t\t\t\t<\/div>\n\n\t\t\t\t\t\t\t<ul class=\"elementor-price-table__features-list\">\n\t\t\t\t\t\t\t\t\t\t\t<li class=\"elementor-repeater-item-604ebb2\">\n\t\t\t\t\t\t\t<div class=\"elementor-price-table__feature-inner\">\n\t\t\t\t\t\t\t\t<i aria-hidden=\"true\" class=\"far fa-check-circle\"><\/i>\t\t\t\t\t\t\t\t\t\t\t\t\t\t\t\t\t<span >\n\t\t\t\t\t\t\t\t\t\tNiv\u00e5 1 \/ Open Water\t\t\t\t\t\t\t\t\t<\/span>\n\t\t\t\t\t\t\t\t\t\t\t\t\t\t\t\t<\/div>\n\t\t\t\t\t\t<\/li>\n\t\t\t\t\t\t\t\t\t\t\t<li class=\"elementor-repeater-item-b3a8d4c\">\n\t\t\t\t\t\t\t<div class=\"elementor-price-table__feature-inner\">\n\t\t\t\t\t\t\t\t<i aria-hidden=\"true\" class=\"far fa-check-circle\"><\/i>\t\t\t\t\t\t\t\t\t\t\t\t\t\t\t\t\t<span >\n\t\t\t\t\t\t\t\t\t\t2 Timmars teori\t\t\t\t\t\t\t\t\t<\/span>\n\t\t\t\t\t\t\t\t\t\t\t\t\t\t\t\t<\/div>\n\t\t\t\t\t\t<\/li>\n\t\t\t\t\t\t\t\t\t\t\t<li class=\"elementor-repeater-item-3369de6\">\n\t\t\t\t\t\t\t<div class=\"elementor-price-table__feature-inner\">\n\t\t\t\t\t\t\t\t<i aria-hidden=\"true\" class=\"far fa-check-circle\"><\/i>\t\t\t\t\t\t\t\t\t\t\t\t\t\t\t\t\t<span >\n\t\t\t\t\t\t\t\t\t\t1 Undervisningsdyk\t\t\t\t\t\t\t\t\t<\/span>\n\t\t\t\t\t\t\t\t\t\t\t\t\t\t\t\t<\/div>\n\t\t\t\t\t\t<\/li>\n\t\t\t\t\t\t\t\t\t\t\t<li class=\"elementor-repeater-item-bd6a55a\">\n\t\t\t\t\t\t\t<div class=\"elementor-price-table__feature-inner\">\n\t\t\t\t\t\t\t\t<i aria-hidden=\"true\" class=\"far fa-check-circle\"><\/i>\t\t\t\t\t\t\t\t\t\t\t\t\t\t\t\t\t<span >\n\t\t\t\t\t\t\t\t\t\tValidering\t\t\t\t\t\t\t\t\t<\/span>\n\t\t\t\t\t\t\t\t\t\t\t\t\t\t\t\t<\/div>\n\t\t\t\t\t\t<\/li>\n\t\t\t\t\t\t\t\t\t<\/ul>\n\t\t\t\n\t\t\t\t\t\t\t<div class=\"elementor-price-table__footer\">\n\t\t\t\t\t\t\t\t\t\t\t<a class=\"elementor-price-table__button elementor-button elementor-size-md\" href=\"https:\/\/andamanscuba.com\/sv\/boka-dykkurs-khao-lak\/\">\n\t\t\t\t\t\t\tBoka din kurs\t\t\t\t\t\t<\/a>\n\t\t\t\t\t\n\t\t\t\t\t\t\t\t\t\t\t<div class=\"elementor-price-table__additional_info\">\n\t\t\t\t\t\t\tKursen tillg\u00e4nglig under en dagstur eller p\u00e5 en dykkryssning\/liveaboard\t\t\t\t\t\t<\/div>\n\t\t\t\t\t\t\t\t\t<\/div>\n\t\t\t\t\t<\/div>\n\n\t\t\t\t\t\t<\/div>\n\t\t\t\t<\/div>\n\t\t\t\t\t<\/div>\n\t\t<\/div>\n\t\t\t\t<div class=\"elementor-column elementor-col-50 elementor-top-column elementor-element elementor-element-f287e97 elementor-invisible\" data-id=\"f287e97\" data-element_type=\"column\" data-settings=\"{&quot;animation&quot;:&quot;slideInUp&quot;}\">\n\t\t\t<div class=\"elementor-widget-wrap elementor-element-populated\">\n\t\t\t\t\t\t<div class=\"elementor-element elementor-element-337e952 elementor-widget elementor-widget-price-table\" data-id=\"337e952\" data-element_type=\"widget\" data-widget_type=\"price-table.default\">\n\t\t\t\t<div class=\"elementor-widget-container\">\n\t\t\t\t\t\n\t\t<div class=\"elementor-price-table\">\n\t\t\t\t\t\t\t<div class=\"elementor-price-table__header\">\n\t\t\t\t\t\t\t\t\t\t\t<h4 class=\"elementor-price-table__heading\">\n\t\t\t\t\t\tDEEP DIVING <br>ADVENTURE-KURS\t\t\t\t\t\t<\/h4>\n\t\t\t\t\t\n\t\t\t\t\t\t\t\t\t<\/div>\n\t\t\t\n\t\t\t<div class=\"elementor-price-table__price\">\n\t\t\t\t\t\t\t\t<span class=\"elementor-price-table__currency\">&#128;<\/span>\t\t\t\t\t\t\t\t\t<span class=\"elementor-price-table__integer-part\">\n\t\t\t\t\t\t195\t\t\t\t\t<\/span>\n\t\t\t\t\n\t\t\t\t\n\t\t\t\t\n\t\t\t\t\t\t\t\t\t<span class=\"elementor-price-table__period elementor-typo-excluded\">3 Dyk<\/span>\t\t\t\t\t\t\t<\/div>\n\n\t\t\t\t\t\t\t<ul class=\"elementor-price-table__features-list\">\n\t\t\t\t\t\t\t\t\t\t\t<li class=\"elementor-repeater-item-8f21a18\">\n\t\t\t\t\t\t\t<div class=\"elementor-price-table__feature-inner\">\n\t\t\t\t\t\t\t\t<i aria-hidden=\"true\" class=\"far fa-check-circle\"><\/i>\t\t\t\t\t\t\t\t\t\t\t\t\t\t\t\t\t<span >\n\t\t\t\t\t\t\t\t\t\tTeorikurs online\t\t\t\t\t\t\t\t\t<\/span>\n\t\t\t\t\t\t\t\t\t\t\t\t\t\t\t\t<\/div>\n\t\t\t\t\t\t<\/li>\n\t\t\t\t\t\t\t\t\t\t\t<li class=\"elementor-repeater-item-44e361f\">\n\t\t\t\t\t\t\t<div class=\"elementor-price-table__feature-inner\">\n\t\t\t\t\t\t\t\t<i aria-hidden=\"true\" class=\"far fa-check-circle\"><\/i>\t\t\t\t\t\t\t\t\t\t\t\t\t\t\t\t\t<span >\n\t\t\t\t\t\t\t\t\t\tIndividuell utrustning\t\t\t\t\t\t\t\t\t<\/span>\n\t\t\t\t\t\t\t\t\t\t\t\t\t\t\t\t<\/div>\n\t\t\t\t\t\t<\/li>\n\t\t\t\t\t\t\t\t\t\t\t<li class=\"elementor-repeater-item-604ebb2\">\n\t\t\t\t\t\t\t<div class=\"elementor-price-table__feature-inner\">\n\t\t\t\t\t\t\t\t<i aria-hidden=\"true\" class=\"far fa-check-circle\"><\/i>\t\t\t\t\t\t\t\t\t\t\t\t\t\t\t\t\t<span >\n\t\t\t\t\t\t\t\t\t\tTeoretisk och praktisk instruktion p\u00e5 plats\t\t\t\t\t\t\t\t\t<\/span>\n\t\t\t\t\t\t\t\t\t\t\t\t\t\t\t\t<\/div>\n\t\t\t\t\t\t<\/li>\n\t\t\t\t\t\t\t\t\t\t\t<li class=\"elementor-repeater-item-b3a8d4c\">\n\t\t\t\t\t\t\t<div class=\"elementor-price-table__feature-inner\">\n\t\t\t\t\t\t\t\t<i aria-hidden=\"true\" class=\"far fa-check-circle\"><\/i>\t\t\t\t\t\t\t\t\t\t\t\t\t\t\t\t\t<span >\n\t\t\t\t\t\t\t\t\t\tInternationell certifiering\t\t\t\t\t\t\t\t\t<\/span>\n\t\t\t\t\t\t\t\t\t\t\t\t\t\t\t\t<\/div>\n\t\t\t\t\t\t<\/li>\n\t\t\t\t\t\t\t\t\t<\/ul>\n\t\t\t\n\t\t\t\t\t\t\t<div class=\"elementor-price-table__footer\">\n\t\t\t\t\t\t\t\t\t\t\t<a class=\"elementor-price-table__button elementor-button elementor-size-md\" href=\"https:\/\/andamanscuba.com\/sv\/boka-dykkurs-khao-lak\/\">\n\t\t\t\t\t\t\tBoka din kurs\t\t\t\t\t\t<\/a>\n\t\t\t\t\t\n\t\t\t\t\t\t\t\t\t\t\t<div class=\"elementor-price-table__additional_info\">\n\t\t\t\t\t\t\tKursen tillg\u00e4nglig under en dagstur eller p\u00e5 en dykkryssning\/liveaboard\t\t\t\t\t\t<\/div>\n\t\t\t\t\t\t\t\t\t<\/div>\n\t\t\t\t\t<\/div>\n\n\t\t\t\t\t\t<\/div>\n\t\t\t\t<\/div>\n\t\t\t\t\t<\/div>\n\t\t<\/div>\n\t\t\t\t\t<\/div>\n\t\t<\/section>\n\t\t\t\t<\/div>\n\t\t","protected":false},"excerpt":{"rendered":"<p>Djupdykning &#8211; Deep Diver i Khao Lak Uppgradera din dykniv\u00e5 Ge dig ut p\u00e5 djupet med s\u00e4kerhet och sj\u00e4lvf\u00f6rtroende tack vare v\u00e5r djupdykningskurs och v\u00e5ra certifierade SSI-, CMAS- eller PADI-instrukt\u00f6rer i Khao Lak. Specialiteten djupdykning l\u00e4r dig allt du beh\u00f6ver f\u00f6r att dyka till djup mellan 18 och 40 meter. V\u00e5ra certifierade SSI-, CMAS- och [&hellip;]<\/p>\n","protected":false},"author":1,"featured_media":0,"parent":0,"menu_order":0,"comment_status":"closed","ping_status":"closed","template":"template-homepage.php","meta":{"inline_featured_image":false,"footnotes":""},"class_list":["post-33333","page","type-page","status-publish","hentry"],"yoast_head":"<!-- This site is optimized with the Yoast SEO Premium plugin v23.3 (Yoast SEO v26.6) - https:\/\/yoast.com\/wordpress\/plugins\/seo\/ -->\n<title>Djupdykning i Khao Lak - Deep Diver kurs<\/title>\n<meta name=\"description\" content=\"G\u00e5 v\u00e5r kurs i djupdykning i Khao Lak! Bli certifierad Deep Diver med v\u00e5ra instrukt\u00f6rer fr\u00e5n SSI, CMAS och PADI, och l\u00e4r dig att planera...\" \/>\n<meta name=\"robots\" content=\"index, follow, max-snippet:-1, max-image-preview:large, max-video-preview:-1\" \/>\n<link rel=\"canonical\" href=\"https:\/\/andamanscuba.com\/cours-ssi-plongee-profonde-khao-lak\/\" \/>\n<meta property=\"og:locale\" content=\"sv_SE\" \/>\n<meta property=\"og:type\" content=\"article\" \/>\n<meta property=\"og:title\" content=\"Djupdykning i Khao Lak\" \/>\n<meta property=\"og:description\" content=\"G\u00e5 v\u00e5r kurs i djupdykning i Khao Lak! Bli certifierad Deep Diver med v\u00e5ra instrukt\u00f6rer fr\u00e5n SSI, CMAS och PADI, och l\u00e4r dig att planera...\" \/>\n<meta property=\"og:url\" content=\"https:\/\/andamanscuba.com\/cours-ssi-plongee-profonde-khao-lak\/\" \/>\n<meta property=\"og:site_name\" content=\"Andaman Scuba\" \/>\n<meta property=\"article:publisher\" content=\"https:\/\/www.facebook.com\/andaman.scuba\" \/>\n<meta property=\"article:modified_time\" content=\"2025-11-07T15:19:01+00:00\" \/>\n<meta property=\"og:image\" content=\"https:\/\/andamanscuba.com\/wp-content\/uploads\/2023\/12\/Scuba-diving-courses-Similan.webp\" \/>\n\t<meta property=\"og:image:width\" content=\"1188\" \/>\n\t<meta property=\"og:image:height\" content=\"242\" \/>\n\t<meta property=\"og:image:type\" content=\"image\/webp\" \/>\n<meta name=\"twitter:card\" content=\"summary_large_image\" \/>\n<meta name=\"twitter:label1\" content=\"Ber\u00e4knad l\u00e4stid\" \/>\n\t<meta name=\"twitter:data1\" content=\"2 minuter\" \/>\n<script type=\"application\/ld+json\" class=\"yoast-schema-graph\">{\"@context\":\"https:\/\/schema.org\",\"@graph\":[{\"@type\":\"WebPage\",\"@id\":\"https:\/\/andamanscuba.com\/cours-ssi-plongee-profonde-khao-lak\/\",\"url\":\"https:\/\/andamanscuba.com\/cours-ssi-plongee-profonde-khao-lak\/\",\"name\":\"Djupdykning i Khao Lak - Deep Diver kurs\",\"isPartOf\":{\"@id\":\"https:\/\/andamanscuba.com\/es\/#website\"},\"primaryImageOfPage\":{\"@id\":\"https:\/\/andamanscuba.com\/cours-ssi-plongee-profonde-khao-lak\/#primaryimage\"},\"image\":{\"@id\":\"https:\/\/andamanscuba.com\/cours-ssi-plongee-profonde-khao-lak\/#primaryimage\"},\"thumbnailUrl\":\"https:\/\/andamanscuba.com\/wp-content\/uploads\/2023\/12\/Scuba-diving-courses-Similan.webp\",\"datePublished\":\"2023-07-02T13:24:15+00:00\",\"dateModified\":\"2025-11-07T15:19:01+00:00\",\"description\":\"G\u00e5 v\u00e5r kurs i djupdykning i Khao Lak! Bli certifierad Deep Diver med v\u00e5ra instrukt\u00f6rer fr\u00e5n SSI, CMAS och PADI, och l\u00e4r dig att planera...\",\"breadcrumb\":{\"@id\":\"https:\/\/andamanscuba.com\/cours-ssi-plongee-profonde-khao-lak\/#breadcrumb\"},\"inLanguage\":\"sv-SE\",\"potentialAction\":[{\"@type\":\"ReadAction\",\"target\":[\"https:\/\/andamanscuba.com\/cours-ssi-plongee-profonde-khao-lak\/\"]}]},{\"@type\":\"ImageObject\",\"inLanguage\":\"sv-SE\",\"@id\":\"https:\/\/andamanscuba.com\/cours-ssi-plongee-profonde-khao-lak\/#primaryimage\",\"url\":\"https:\/\/andamanscuba.com\/wp-content\/uploads\/2023\/12\/Scuba-diving-courses-Similan.webp\",\"contentUrl\":\"https:\/\/andamanscuba.com\/wp-content\/uploads\/2023\/12\/Scuba-diving-courses-Similan.webp\"},{\"@type\":\"BreadcrumbList\",\"@id\":\"https:\/\/andamanscuba.com\/cours-ssi-plongee-profonde-khao-lak\/#breadcrumb\",\"itemListElement\":[{\"@type\":\"ListItem\",\"position\":1,\"name\":\"Home\",\"item\":\"https:\/\/andamanscuba.com\/sv\/\"},{\"@type\":\"ListItem\",\"position\":2,\"name\":\"Djupdykning i Khao Lak\"}]},{\"@type\":\"WebSite\",\"@id\":\"https:\/\/andamanscuba.com\/es\/#website\",\"url\":\"https:\/\/andamanscuba.com\/es\/\",\"name\":\"Andaman Scuba\",\"description\":\"Centre de plong\u00e9e et croisi\u00e8res en Tha\u00eflande\",\"publisher\":{\"@id\":\"https:\/\/andamanscuba.com\/es\/#organization\"},\"potentialAction\":[{\"@type\":\"SearchAction\",\"target\":{\"@type\":\"EntryPoint\",\"urlTemplate\":\"https:\/\/andamanscuba.com\/es\/?s={search_term_string}\"},\"query-input\":{\"@type\":\"PropertyValueSpecification\",\"valueRequired\":true,\"valueName\":\"search_term_string\"}}],\"inLanguage\":\"sv-SE\"},{\"@type\":\"Organization\",\"@id\":\"https:\/\/andamanscuba.com\/es\/#organization\",\"name\":\"Andaman Scuba\",\"url\":\"https:\/\/andamanscuba.com\/es\/\",\"logo\":{\"@type\":\"ImageObject\",\"inLanguage\":\"sv-SE\",\"@id\":\"https:\/\/andamanscuba.com\/es\/#\/schema\/logo\/image\/\",\"url\":\"https:\/\/andamanscuba.com\/wp-content\/uploads\/2023\/06\/logo-andaman-scuba-plongee-thailande.png\",\"contentUrl\":\"https:\/\/andamanscuba.com\/wp-content\/uploads\/2023\/06\/logo-andaman-scuba-plongee-thailande.png\",\"width\":1148,\"height\":602,\"caption\":\"Andaman Scuba\"},\"image\":{\"@id\":\"https:\/\/andamanscuba.com\/es\/#\/schema\/logo\/image\/\"},\"sameAs\":[\"https:\/\/www.facebook.com\/andaman.scuba\"]}]}<\/script>\n<!-- \/ Yoast SEO Premium plugin. -->","yoast_head_json":{"title":"Djupdykning i Khao Lak - Deep Diver kurs","description":"G\u00e5 v\u00e5r kurs i djupdykning i Khao Lak! Bli certifierad Deep Diver med v\u00e5ra instrukt\u00f6rer fr\u00e5n SSI, CMAS och PADI, och l\u00e4r dig att planera...","robots":{"index":"index","follow":"follow","max-snippet":"max-snippet:-1","max-image-preview":"max-image-preview:large","max-video-preview":"max-video-preview:-1"},"canonical":"https:\/\/andamanscuba.com\/cours-ssi-plongee-profonde-khao-lak\/","og_locale":"sv_SE","og_type":"article","og_title":"Djupdykning i Khao Lak","og_description":"G\u00e5 v\u00e5r kurs i djupdykning i Khao Lak! Bli certifierad Deep Diver med v\u00e5ra instrukt\u00f6rer fr\u00e5n SSI, CMAS och PADI, och l\u00e4r dig att planera...","og_url":"https:\/\/andamanscuba.com\/cours-ssi-plongee-profonde-khao-lak\/","og_site_name":"Andaman Scuba","article_publisher":"https:\/\/www.facebook.com\/andaman.scuba","article_modified_time":"2025-11-07T15:19:01+00:00","og_image":[{"width":1188,"height":242,"url":"https:\/\/andamanscuba.com\/wp-content\/uploads\/2023\/12\/Scuba-diving-courses-Similan.webp","type":"image\/webp"}],"twitter_card":"summary_large_image","twitter_misc":{"Ber\u00e4knad l\u00e4stid":"2 minuter"},"schema":{"@context":"https:\/\/schema.org","@graph":[{"@type":"WebPage","@id":"https:\/\/andamanscuba.com\/cours-ssi-plongee-profonde-khao-lak\/","url":"https:\/\/andamanscuba.com\/cours-ssi-plongee-profonde-khao-lak\/","name":"Djupdykning i Khao Lak - Deep Diver kurs","isPartOf":{"@id":"https:\/\/andamanscuba.com\/es\/#website"},"primaryImageOfPage":{"@id":"https:\/\/andamanscuba.com\/cours-ssi-plongee-profonde-khao-lak\/#primaryimage"},"image":{"@id":"https:\/\/andamanscuba.com\/cours-ssi-plongee-profonde-khao-lak\/#primaryimage"},"thumbnailUrl":"https:\/\/andamanscuba.com\/wp-content\/uploads\/2023\/12\/Scuba-diving-courses-Similan.webp","datePublished":"2023-07-02T13:24:15+00:00","dateModified":"2025-11-07T15:19:01+00:00","description":"G\u00e5 v\u00e5r kurs i djupdykning i Khao Lak! Bli certifierad Deep Diver med v\u00e5ra instrukt\u00f6rer fr\u00e5n SSI, CMAS och PADI, och l\u00e4r dig att planera...","breadcrumb":{"@id":"https:\/\/andamanscuba.com\/cours-ssi-plongee-profonde-khao-lak\/#breadcrumb"},"inLanguage":"sv-SE","potentialAction":[{"@type":"ReadAction","target":["https:\/\/andamanscuba.com\/cours-ssi-plongee-profonde-khao-lak\/"]}]},{"@type":"ImageObject","inLanguage":"sv-SE","@id":"https:\/\/andamanscuba.com\/cours-ssi-plongee-profonde-khao-lak\/#primaryimage","url":"https:\/\/andamanscuba.com\/wp-content\/uploads\/2023\/12\/Scuba-diving-courses-Similan.webp","contentUrl":"https:\/\/andamanscuba.com\/wp-content\/uploads\/2023\/12\/Scuba-diving-courses-Similan.webp"},{"@type":"BreadcrumbList","@id":"https:\/\/andamanscuba.com\/cours-ssi-plongee-profonde-khao-lak\/#breadcrumb","itemListElement":[{"@type":"ListItem","position":1,"name":"Home","item":"https:\/\/andamanscuba.com\/sv\/"},{"@type":"ListItem","position":2,"name":"Djupdykning i Khao Lak"}]},{"@type":"WebSite","@id":"https:\/\/andamanscuba.com\/es\/#website","url":"https:\/\/andamanscuba.com\/es\/","name":"Andaman Scuba","description":"Centre de plong\u00e9e et croisi\u00e8res en Tha\u00eflande","publisher":{"@id":"https:\/\/andamanscuba.com\/es\/#organization"},"potentialAction":[{"@type":"SearchAction","target":{"@type":"EntryPoint","urlTemplate":"https:\/\/andamanscuba.com\/es\/?s={search_term_string}"},"query-input":{"@type":"PropertyValueSpecification","valueRequired":true,"valueName":"search_term_string"}}],"inLanguage":"sv-SE"},{"@type":"Organization","@id":"https:\/\/andamanscuba.com\/es\/#organization","name":"Andaman Scuba","url":"https:\/\/andamanscuba.com\/es\/","logo":{"@type":"ImageObject","inLanguage":"sv-SE","@id":"https:\/\/andamanscuba.com\/es\/#\/schema\/logo\/image\/","url":"https:\/\/andamanscuba.com\/wp-content\/uploads\/2023\/06\/logo-andaman-scuba-plongee-thailande.png","contentUrl":"https:\/\/andamanscuba.com\/wp-content\/uploads\/2023\/06\/logo-andaman-scuba-plongee-thailande.png","width":1148,"height":602,"caption":"Andaman Scuba"},"image":{"@id":"https:\/\/andamanscuba.com\/es\/#\/schema\/logo\/image\/"},"sameAs":["https:\/\/www.facebook.com\/andaman.scuba"]}]}},"_links":{"self":[{"href":"https:\/\/andamanscuba.com\/sv\/wp-json\/wp\/v2\/pages\/33333","targetHints":{"allow":["GET"]}}],"collection":[{"href":"https:\/\/andamanscuba.com\/sv\/wp-json\/wp\/v2\/pages"}],"about":[{"href":"https:\/\/andamanscuba.com\/sv\/wp-json\/wp\/v2\/types\/page"}],"author":[{"embeddable":true,"href":"https:\/\/andamanscuba.com\/sv\/wp-json\/wp\/v2\/users\/1"}],"replies":[{"embeddable":true,"href":"https:\/\/andamanscuba.com\/sv\/wp-json\/wp\/v2\/comments?post=33333"}],"version-history":[{"count":14,"href":"https:\/\/andamanscuba.com\/sv\/wp-json\/wp\/v2\/pages\/33333\/revisions"}],"predecessor-version":[{"id":33745,"href":"https:\/\/andamanscuba.com\/sv\/wp-json\/wp\/v2\/pages\/33333\/revisions\/33745"}],"wp:attachment":[{"href":"https:\/\/andamanscuba.com\/sv\/wp-json\/wp\/v2\/media?parent=33333"}],"curies":[{"name":"wp","href":"https:\/\/api.w.org\/{rel}","templated":true}]}}