{"id":33326,"date":"2023-07-02T12:44:53","date_gmt":"2023-07-02T12:44:53","guid":{"rendered":"https:\/\/andamanscuba.com\/cours-nitrox-cmas-khao-lak-ean-plongee\/"},"modified":"2025-10-20T15:07:02","modified_gmt":"2025-10-20T15:07:02","slug":"nitrox-kurs-khao-la","status":"publish","type":"page","link":"https:\/\/andamanscuba.com\/sv\/nitrox-kurs-khao-la\/","title":{"rendered":"Nitrox-kurs Khao Lak &#8211; Specialkurs i dykning"},"content":{"rendered":"\t\t<div data-elementor-type=\"wp-page\" data-elementor-id=\"33326\" class=\"elementor elementor-33326 elementor-14291\" data-elementor-settings=\"{&quot;ha_cmc_init_switcher&quot;:&quot;no&quot;}\" data-elementor-post-type=\"page\">\n\t\t\t\t\t\t<section class=\"elementor-section elementor-top-section elementor-element elementor-element-114edd3 elementor-section-stretched elementor-section-boxed elementor-section-height-default elementor-section-height-default\" data-id=\"114edd3\" data-element_type=\"section\" data-settings=\"{&quot;stretch_section&quot;:&quot;section-stretched&quot;,&quot;background_background&quot;:&quot;classic&quot;}\">\n\t\t\t\t\t\t<div class=\"elementor-container elementor-column-gap-no\">\n\t\t\t\t\t<div class=\"elementor-column elementor-col-50 elementor-top-column elementor-element elementor-element-1d30f08\" data-id=\"1d30f08\" data-element_type=\"column\" data-settings=\"{&quot;background_background&quot;:&quot;classic&quot;}\">\n\t\t\t<div class=\"elementor-widget-wrap elementor-element-populated\">\n\t\t\t\t\t\t<div class=\"elementor-element elementor-element-0186461 elementor-mobile-align-center elementor-align-left subtitle-position-below elementor-widget elementor-widget-floaty-heading\" data-id=\"0186461\" data-element_type=\"widget\" data-widget_type=\"floaty-heading.default\">\n\t\t\t\t<div class=\"elementor-widget-container\">\n\t\t\t\t\t        <div class=\"elementor-heading-wrapper-inner\"><div class=\"elementor-sub-title\">Nitrox-kurs Khao Lak<\/div><h1 class=\"elementor-heading-title\">Bli en Nitrox-dykare\n<\/h1><\/div>\t\t\t\t<\/div>\n\t\t\t\t<\/div>\n\t\t\t\t<div class=\"elementor-element elementor-element-8649fa6 elementor-invisible elementor-widget elementor-widget-image\" data-id=\"8649fa6\" data-element_type=\"widget\" data-settings=\"{&quot;_animation&quot;:&quot;bounce&quot;}\" data-widget_type=\"image.default\">\n\t\t\t\t<div class=\"elementor-widget-container\">\n\t\t\t\t\t\t\t\t\t\t\t\t\t\t\t<img fetchpriority=\"high\" decoding=\"async\" width=\"1188\" height=\"242\" src=\"https:\/\/andamanscuba.com\/wp-content\/uploads\/2023\/12\/Scuba-diving-courses-Similan.webp\" class=\"attachment-full size-full wp-image-33284\" alt=\"Scuba Diving Courses Khao Lak Similan - Discover Scuba Open Water Advanced\" srcset=\"https:\/\/andamanscuba.com\/wp-content\/uploads\/2023\/12\/Scuba-diving-courses-Similan.webp 1188w, https:\/\/andamanscuba.com\/wp-content\/uploads\/2023\/12\/Scuba-diving-courses-Similan-300x61.webp 300w, https:\/\/andamanscuba.com\/wp-content\/uploads\/2023\/12\/Scuba-diving-courses-Similan-1024x209.webp 1024w, https:\/\/andamanscuba.com\/wp-content\/uploads\/2023\/12\/Scuba-diving-courses-Similan-768x156.webp 768w\" sizes=\"(max-width: 1188px) 100vw, 1188px\" \/>\t\t\t\t\t\t\t\t\t\t\t\t\t\t\t<\/div>\n\t\t\t\t<\/div>\n\t\t\t\t<div class=\"elementor-element elementor-element-3f7d126 elementor-widget elementor-widget-text-editor\" data-id=\"3f7d126\" data-element_type=\"widget\" data-widget_type=\"text-editor.default\">\n\t\t\t\t<div class=\"elementor-widget-container\">\n\t\t\t\t\t\t\t\t\t<p>Utnyttja dina utforskande dyk f\u00f6r att ta en kurs med v\u00e5ra specialiserade Nitrox-instrukt\u00f6rer, certifierade SSI-, CMAS- eller PADI, p\u00e5 v\u00e5rt dykcenter i Khao Lak.<\/p><h3><strong>Vad \u00e4r Nitrox<\/strong><\/h3><p>Nitrox, \u00e4ven k\u00e4nt som EAN f\u00f6r Enriched Air Nitrox, \u00e4r en syreberikad luftblandning. Medan luft inneh\u00e5ller 21 % syre \u00e4r de vanligaste berikade blandningarna EAN32 % eller EAN36 %.<\/p><p>Nitrox erbjuder m\u00e5nga f\u00f6rdelar n\u00e4r det g\u00e4ller s\u00e4kerhet, komfort och dykoptimering.<\/p><p>De fr\u00e4msta f\u00f6rdelarna \u00e4r att du kan<br \/>\u2013 \u00f6ka dyktider och s\u00e4kerhetsmarginaler beroende p\u00e5 djupet<br \/>\u2013 g\u00f6ra l\u00e4ngre dyk, beroende p\u00e5 djup och den blandning som anv\u00e4nds<br \/>\u2013 f\u00f6rkorta dina ytintervall<br \/>\u2013 minska tr\u00f6tthet efter flera dyk<\/p><p>SSI-, CMAS- eller PADI Nitrox-dykkursen som vi erbjuder fr\u00e5n Khao Lak \u00e4r tillg\u00e4nglig direkt efter Open Water eller niv\u00e5 1.<br \/>Kursen g\u00f6r att du kan anv\u00e4nda denna blandning berikad med upp till 40 % syre samtidigt som du f\u00e5r ut det mesta av dina utforskningsdyk.<\/p><h3><strong>Nitrox-kurs fr\u00e5n Khao Lak<\/strong><\/h3><p>Genom att ut\u00f6ka dina teoretiska kunskaper och utveckla nya tekniska f\u00e4rdigheter kommer du att kunna planera dina dyk s\u00e4kert med hj\u00e4lp av syrgasberikade luftblandningar.<\/p><p>Denna Nitrox-kurs, som erbjuds p\u00e5 v\u00e5rt center i Khao Lak, kan du ta antingen under dagsutflykter eller p\u00e5 en kryssning. Teoridelen l\u00e4rs ut online, och v\u00e5ra instrukt\u00f6rer g\u00e5r g\u00e4rna igenom alla viktiga punkter med dig. Sedan r\u00e4cker det med tv\u00e5 dyk p\u00e5 en eller tv\u00e5 dagar f\u00f6r denna utbildning.<\/p><p>I slutet av programmet blir du certifierad som SSI-, CMAS- eller PADI Enriched Air Nitrox Diver.<\/p><p>Ombord p\u00e5 n\u00e5gon av v\u00e5ra dyk-liveaboards i Thailand eller Myanmar kan du n\u00e4r som helst v\u00e4lja att delta i den h\u00e4r kursen.<\/p>\t\t\t\t\t\t\t\t<\/div>\n\t\t\t\t<\/div>\n\t\t\t\t\t<\/div>\n\t\t<\/div>\n\t\t\t\t<div class=\"elementor-column elementor-col-50 elementor-top-column elementor-element elementor-element-bbc7f60\" data-id=\"bbc7f60\" data-element_type=\"column\">\n\t\t\t<div class=\"elementor-widget-wrap elementor-element-populated\">\n\t\t\t\t\t\t<div class=\"elementor-element elementor-element-1082792 elementor-widget-tablet_extra__width-initial elementor-invisible elementor-widget elementor-widget-image\" data-id=\"1082792\" data-element_type=\"widget\" data-settings=\"{&quot;_animation&quot;:&quot;opal-move-left&quot;}\" data-widget_type=\"image.default\">\n\t\t\t\t<div class=\"elementor-widget-container\">\n\t\t\t\t\t\t\t\t\t\t\t\t\t\t\t<img decoding=\"async\" width=\"501\" height=\"660\" src=\"https:\/\/andamanscuba.com\/wp-content\/uploads\/2023\/11\/Cours-Nitrox-Khao-Lak-Plongee-Similan.webp\" class=\"attachment-full size-full wp-image-27210\" alt=\"Cours Nitrox Khao Lak Plong\u00e9e Similan - SSI PADI CMAS\" srcset=\"https:\/\/andamanscuba.com\/wp-content\/uploads\/2023\/11\/Cours-Nitrox-Khao-Lak-Plongee-Similan.webp 501w, https:\/\/andamanscuba.com\/wp-content\/uploads\/2023\/11\/Cours-Nitrox-Khao-Lak-Plongee-Similan-228x300.webp 228w\" sizes=\"(max-width: 501px) 100vw, 501px\" \/>\t\t\t\t\t\t\t\t\t\t\t\t\t\t\t<\/div>\n\t\t\t\t<\/div>\n\t\t\t\t\t<\/div>\n\t\t<\/div>\n\t\t\t\t\t<\/div>\n\t\t<\/section>\n\t\t\t\t<section class=\"elementor-section elementor-top-section elementor-element elementor-element-18c938d elementor-section-boxed elementor-section-height-default elementor-section-height-default elementor-invisible\" data-id=\"18c938d\" data-element_type=\"section\" data-settings=\"{&quot;background_background&quot;:&quot;classic&quot;,&quot;animation&quot;:&quot;slideInUp&quot;}\">\n\t\t\t\t\t\t<div class=\"elementor-container elementor-column-gap-default\">\n\t\t\t\t\t<div class=\"elementor-column elementor-col-25 elementor-top-column elementor-element elementor-element-8c96c04\" data-id=\"8c96c04\" data-element_type=\"column\" data-settings=\"{&quot;background_background&quot;:&quot;classic&quot;}\">\n\t\t\t<div class=\"elementor-widget-wrap\">\n\t\t\t\t\t\t\t<\/div>\n\t\t<\/div>\n\t\t\t\t<div class=\"elementor-column elementor-col-25 elementor-top-column elementor-element elementor-element-bb6cf05\" data-id=\"bb6cf05\" data-element_type=\"column\">\n\t\t\t<div class=\"elementor-widget-wrap elementor-element-populated\">\n\t\t\t\t\t\t<div class=\"elementor-element elementor-element-35db3a9 elementor-widget-tablet_extra__width-initial elementor-widget elementor-widget-price-table\" data-id=\"35db3a9\" data-element_type=\"widget\" data-widget_type=\"price-table.default\">\n\t\t\t\t<div class=\"elementor-widget-container\">\n\t\t\t\t\t\n\t\t<div class=\"elementor-price-table\">\n\t\t\t\t\t\t\t<div class=\"elementor-price-table__header\">\n\t\t\t\t\t\t\t\t\t\t\t<h4 class=\"elementor-price-table__heading\">\n\t\t\t\t\t\tNITROX-KURS <br>LIVEABOARD\t\t\t\t\t\t<\/h4>\n\t\t\t\t\t\n\t\t\t\t\t\t\t\t\t<\/div>\n\t\t\t\n\t\t\t<div class=\"elementor-price-table__price\">\n\t\t\t\t\t\t\t\t<span class=\"elementor-price-table__currency\">&#128;<\/span>\t\t\t\t\t\t\t\t\t<span class=\"elementor-price-table__integer-part\">\n\t\t\t\t\t\t195\t\t\t\t\t<\/span>\n\t\t\t\t\n\t\t\t\t\n\t\t\t\t\n\t\t\t\t\t\t\t\t\t<span class=\"elementor-price-table__period elementor-typo-excluded\">2 Dyk<\/span>\t\t\t\t\t\t\t<\/div>\n\n\t\t\t\t\t\t\t<ul class=\"elementor-price-table__features-list\">\n\t\t\t\t\t\t\t\t\t\t\t<li class=\"elementor-repeater-item-604ebb2\">\n\t\t\t\t\t\t\t<div class=\"elementor-price-table__feature-inner\">\n\t\t\t\t\t\t\t\t<i aria-hidden=\"true\" class=\"far fa-check-circle\"><\/i>\t\t\t\t\t\t\t\t\t\t\t\t\t\t\t\t\t<span >\n\t\t\t\t\t\t\t\t\t\tTeori online\t\t\t\t\t\t\t\t\t<\/span>\n\t\t\t\t\t\t\t\t\t\t\t\t\t\t\t\t<\/div>\n\t\t\t\t\t\t<\/li>\n\t\t\t\t\t\t\t\t\t\t\t<li class=\"elementor-repeater-item-2b7560e\">\n\t\t\t\t\t\t\t<div class=\"elementor-price-table__feature-inner\">\n\t\t\t\t\t\t\t\t<i aria-hidden=\"true\" class=\"far fa-check-circle\"><\/i>\t\t\t\t\t\t\t\t\t\t\t\t\t\t\t\t\t<span >\n\t\t\t\t\t\t\t\t\t\tTeori och praktik p\u00e5 plats\t\t\t\t\t\t\t\t\t<\/span>\n\t\t\t\t\t\t\t\t\t\t\t\t\t\t\t\t<\/div>\n\t\t\t\t\t\t<\/li>\n\t\t\t\t\t\t\t\t\t\t\t<li class=\"elementor-repeater-item-44e361f\">\n\t\t\t\t\t\t\t<div class=\"elementor-price-table__feature-inner\">\n\t\t\t\t\t\t\t\t<i aria-hidden=\"true\" class=\"far fa-check-circle\"><\/i>\t\t\t\t\t\t\t\t\t\t\t\t\t\t\t\t\t<span >\n\t\t\t\t\t\t\t\t\t\t2 Nitrox-flaskor\t\t\t\t\t\t\t\t\t<\/span>\n\t\t\t\t\t\t\t\t\t\t\t\t\t\t\t\t<\/div>\n\t\t\t\t\t\t<\/li>\n\t\t\t\t\t\t\t\t\t\t\t<li class=\"elementor-repeater-item-f3f82dd\">\n\t\t\t\t\t\t\t<div class=\"elementor-price-table__feature-inner\">\n\t\t\t\t\t\t\t\t<i aria-hidden=\"true\" class=\"far fa-check-circle\"><\/i>\t\t\t\t\t\t\t\t\t\t\t\t\t\t\t\t\t<span >\n\t\t\t\t\t\t\t\t\t\t2 tekniska dyk\t\t\t\t\t\t\t\t\t<\/span>\n\t\t\t\t\t\t\t\t\t\t\t\t\t\t\t\t<\/div>\n\t\t\t\t\t\t<\/li>\n\t\t\t\t\t\t\t\t\t\t\t<li class=\"elementor-repeater-item-b3a8d4c\">\n\t\t\t\t\t\t\t<div class=\"elementor-price-table__feature-inner\">\n\t\t\t\t\t\t\t\t<i aria-hidden=\"true\" class=\"far fa-check-circle\"><\/i>\t\t\t\t\t\t\t\t\t\t\t\t\t\t\t\t\t<span >\n\t\t\t\t\t\t\t\t\t\tInternationell certifiering\t\t\t\t\t\t\t\t\t<\/span>\n\t\t\t\t\t\t\t\t\t\t\t\t\t\t\t\t<\/div>\n\t\t\t\t\t\t<\/li>\n\t\t\t\t\t\t\t\t\t<\/ul>\n\t\t\t\n\t\t\t\t\t\t\t<div class=\"elementor-price-table__footer\">\n\t\t\t\t\t\t\t\t\t\t\t<a class=\"elementor-price-table__button elementor-button elementor-size-md\" href=\"https:\/\/andamanscuba.com\/sv\/boka-dykkurs-khao-lak\/\">\n\t\t\t\t\t\t\tBoka din <br>Nitrox-kurs\t\t\t\t\t\t<\/a>\n\t\t\t\t\t\n\t\t\t\t\t\t\t\t\t\t\t<div class=\"elementor-price-table__additional_info\">\n\t\t\t\t\t\t\tKursen \u00e4r tillg\u00e4nglig p\u00e5 dykkryssning\/liveaboard\t\t\t\t\t\t<\/div>\n\t\t\t\t\t\t\t\t\t<\/div>\n\t\t\t\t\t<\/div>\n\n\t\t\t\t\t<div class=\"elementor-ribbon\">\n\t\t\t\t<div class=\"elementor-ribbon-inner\">\n\t\t\t\t\tPROMO\t\t\t\t<\/div>\n\t\t\t<\/div>\n\t\t\t\t\t\t\t<\/div>\n\t\t\t\t<\/div>\n\t\t\t\t\t<\/div>\n\t\t<\/div>\n\t\t\t\t<div class=\"elementor-column elementor-col-25 elementor-top-column elementor-element elementor-element-b32e1ec\" data-id=\"b32e1ec\" data-element_type=\"column\">\n\t\t\t<div class=\"elementor-widget-wrap elementor-element-populated\">\n\t\t\t\t\t\t<div class=\"elementor-element elementor-element-204943a elementor-widget-tablet_extra__width-initial elementor-widget elementor-widget-price-table\" data-id=\"204943a\" data-element_type=\"widget\" data-widget_type=\"price-table.default\">\n\t\t\t\t<div class=\"elementor-widget-container\">\n\t\t\t\t\t\n\t\t<div class=\"elementor-price-table\">\n\t\t\t\t\t\t\t<div class=\"elementor-price-table__header\">\n\t\t\t\t\t\t\t\t\t\t\t<h4 class=\"elementor-price-table__heading\">\n\t\t\t\t\t\tNITROX-KURS <br>DAGSTUR\t\t\t\t\t\t<\/h4>\n\t\t\t\t\t\n\t\t\t\t\t\t\t\t\t<\/div>\n\t\t\t\n\t\t\t<div class=\"elementor-price-table__price\">\n\t\t\t\t\t\t\t\t<span class=\"elementor-price-table__currency\">&#128;<\/span>\t\t\t\t\t\t\t\t\t<span class=\"elementor-price-table__integer-part\">\n\t\t\t\t\t\t295\t\t\t\t\t<\/span>\n\t\t\t\t\n\t\t\t\t\n\t\t\t\t\n\t\t\t\t\t\t\t\t\t<span class=\"elementor-price-table__period elementor-typo-excluded\">2 Dyk<\/span>\t\t\t\t\t\t\t<\/div>\n\n\t\t\t\t\t\t\t<ul class=\"elementor-price-table__features-list\">\n\t\t\t\t\t\t\t\t\t\t\t<li class=\"elementor-repeater-item-604ebb2\">\n\t\t\t\t\t\t\t<div class=\"elementor-price-table__feature-inner\">\n\t\t\t\t\t\t\t\t<i aria-hidden=\"true\" class=\"far fa-check-circle\"><\/i>\t\t\t\t\t\t\t\t\t\t\t\t\t\t\t\t\t<span >\n\t\t\t\t\t\t\t\t\t\tLektioner, teori och praktik\t\t\t\t\t\t\t\t\t<\/span>\n\t\t\t\t\t\t\t\t\t\t\t\t\t\t\t\t<\/div>\n\t\t\t\t\t\t<\/li>\n\t\t\t\t\t\t\t\t\t\t\t<li class=\"elementor-repeater-item-8f21a18\">\n\t\t\t\t\t\t\t<div class=\"elementor-price-table__feature-inner\">\n\t\t\t\t\t\t\t\t<i aria-hidden=\"true\" class=\"far fa-check-circle\"><\/i>\t\t\t\t\t\t\t\t\t\t\t\t\t\t\t\t\t<span >\n\t\t\t\t\t\t\t\t\t\tHotelltransfer\t\t\t\t\t\t\t\t\t<\/span>\n\t\t\t\t\t\t\t\t\t\t\t\t\t\t\t\t<\/div>\n\t\t\t\t\t\t<\/li>\n\t\t\t\t\t\t\t\t\t\t\t<li class=\"elementor-repeater-item-97906b7\">\n\t\t\t\t\t\t\t<div class=\"elementor-price-table__feature-inner\">\n\t\t\t\t\t\t\t\t<i aria-hidden=\"true\" class=\"far fa-check-circle\"><\/i>\t\t\t\t\t\t\t\t\t\t\t\t\t\t\t\t\t<span >\n\t\t\t\t\t\t\t\t\t\tDagstur dykning \u2013 2 dyk (Similan islands Richelieu Rock)\t\t\t\t\t\t\t\t\t<\/span>\n\t\t\t\t\t\t\t\t\t\t\t\t\t\t\t\t<\/div>\n\t\t\t\t\t\t<\/li>\n\t\t\t\t\t\t\t\t\t\t\t<li class=\"elementor-repeater-item-cc44ff3\">\n\t\t\t\t\t\t\t<div class=\"elementor-price-table__feature-inner\">\n\t\t\t\t\t\t\t\t<i aria-hidden=\"true\" class=\"far fa-check-circle\"><\/i>\t\t\t\t\t\t\t\t\t\t\t\t\t\t\t\t\t<span >\n\t\t\t\t\t\t\t\t\t\tLunch och icke alkoholhaltiga drycker\t\t\t\t\t\t\t\t\t<\/span>\n\t\t\t\t\t\t\t\t\t\t\t\t\t\t\t\t<\/div>\n\t\t\t\t\t\t<\/li>\n\t\t\t\t\t\t\t\t\t\t\t<li class=\"elementor-repeater-item-44e361f\">\n\t\t\t\t\t\t\t<div class=\"elementor-price-table__feature-inner\">\n\t\t\t\t\t\t\t\t<i aria-hidden=\"true\" class=\"far fa-check-circle\"><\/i>\t\t\t\t\t\t\t\t\t\t\t\t\t\t\t\t\t<span >\n\t\t\t\t\t\t\t\t\t\tIndividuell utrustning\t\t\t\t\t\t\t\t\t<\/span>\n\t\t\t\t\t\t\t\t\t\t\t\t\t\t\t\t<\/div>\n\t\t\t\t\t\t<\/li>\n\t\t\t\t\t\t\t\t\t\t\t<li class=\"elementor-repeater-item-5630314\">\n\t\t\t\t\t\t\t<div class=\"elementor-price-table__feature-inner\">\n\t\t\t\t\t\t\t\t<i aria-hidden=\"true\" class=\"far fa-check-circle\"><\/i>\t\t\t\t\t\t\t\t\t\t\t\t\t\t\t\t\t<span >\n\t\t\t\t\t\t\t\t\t\t2 Nitrox-flaskor\t\t\t\t\t\t\t\t\t<\/span>\n\t\t\t\t\t\t\t\t\t\t\t\t\t\t\t\t<\/div>\n\t\t\t\t\t\t<\/li>\n\t\t\t\t\t\t\t\t\t\t\t<li class=\"elementor-repeater-item-b3a8d4c\">\n\t\t\t\t\t\t\t<div class=\"elementor-price-table__feature-inner\">\n\t\t\t\t\t\t\t\t<i aria-hidden=\"true\" class=\"far fa-check-circle\"><\/i>\t\t\t\t\t\t\t\t\t\t\t\t\t\t\t\t\t<span >\n\t\t\t\t\t\t\t\t\t\tInternationell certifiering\t\t\t\t\t\t\t\t\t<\/span>\n\t\t\t\t\t\t\t\t\t\t\t\t\t\t\t\t<\/div>\n\t\t\t\t\t\t<\/li>\n\t\t\t\t\t\t\t\t\t<\/ul>\n\t\t\t\n\t\t\t\t\t\t\t<div class=\"elementor-price-table__footer\">\n\t\t\t\t\t\t\t\t\t\t\t<a class=\"elementor-price-table__button elementor-button elementor-size-md\" href=\"https:\/\/andamanscuba.com\/sv\/boka-dykkurs-khao-lak\/\">\n\t\t\t\t\t\t\tBoka din <br>Nitrox-kurs\t\t\t\t\t\t<\/a>\n\t\t\t\t\t\n\t\t\t\t\t\t\t\t\t\t\t<div class=\"elementor-price-table__additional_info\">\n\t\t\t\t\t\t\tKursen \u00e4r tillg\u00e4nglig p\u00e5 dyk-dagsturer\t\t\t\t\t\t<\/div>\n\t\t\t\t\t\t\t\t\t<\/div>\n\t\t\t\t\t<\/div>\n\n\t\t\t\t\t\t<\/div>\n\t\t\t\t<\/div>\n\t\t\t\t\t<\/div>\n\t\t<\/div>\n\t\t\t\t<div class=\"elementor-column elementor-col-25 elementor-top-column elementor-element elementor-element-9a5f573\" data-id=\"9a5f573\" data-element_type=\"column\">\n\t\t\t<div class=\"elementor-widget-wrap\">\n\t\t\t\t\t\t\t<\/div>\n\t\t<\/div>\n\t\t\t\t\t<\/div>\n\t\t<\/section>\n\t\t\t\t<\/div>\n\t\t","protected":false},"excerpt":{"rendered":"<p>Nitrox-kurs Khao Lak Bli en Nitrox-dykare Utnyttja dina utforskande dyk f\u00f6r att ta en kurs med v\u00e5ra specialiserade Nitrox-instrukt\u00f6rer, certifierade SSI-, CMAS- eller PADI, p\u00e5 v\u00e5rt dykcenter i Khao Lak. Vad \u00e4r Nitrox Nitrox, \u00e4ven k\u00e4nt som EAN f\u00f6r Enriched Air Nitrox, \u00e4r en syreberikad luftblandning. Medan luft inneh\u00e5ller 21 % syre \u00e4r de vanligaste [&hellip;]<\/p>\n","protected":false},"author":1,"featured_media":0,"parent":0,"menu_order":0,"comment_status":"closed","ping_status":"closed","template":"template-homepage.php","meta":{"inline_featured_image":false,"footnotes":""},"class_list":["post-33326","page","type-page","status-publish","hentry"],"yoast_head":"<!-- This site is optimized with the Yoast SEO Premium plugin v23.3 (Yoast SEO v26.6) - https:\/\/yoast.com\/wordpress\/plugins\/seo\/ -->\n<title>Nitrox-kurs Khao Lak - Specialkurs i dykning<\/title>\n<meta name=\"description\" content=\"G\u00e5 Nitrox-kurs i Khao Lak - SSI, PADI eller CMAS - L\u00e4r dig dykning med syreberikad luft, analysera flaskor och s\u00e4ker planering\" \/>\n<meta name=\"robots\" content=\"index, follow, max-snippet:-1, max-image-preview:large, max-video-preview:-1\" \/>\n<link rel=\"canonical\" href=\"https:\/\/andamanscuba.com\/sv\/nitrox-kurs-khao-la\/\" \/>\n<meta property=\"og:locale\" content=\"sv_SE\" \/>\n<meta property=\"og:type\" content=\"article\" \/>\n<meta property=\"og:title\" content=\"Nitrox-kurs Khao Lak - Specialkurs i dykning\" \/>\n<meta property=\"og:description\" content=\"G\u00e5 Nitrox-kurs i Khao Lak - SSI, PADI eller CMAS - L\u00e4r dig dykning med syreberikad luft, analysera flaskor och s\u00e4ker planering\" \/>\n<meta property=\"og:url\" content=\"https:\/\/andamanscuba.com\/sv\/nitrox-kurs-khao-la\/\" \/>\n<meta property=\"og:site_name\" content=\"Andaman Scuba\" \/>\n<meta property=\"article:publisher\" content=\"https:\/\/www.facebook.com\/andaman.scuba\" \/>\n<meta property=\"article:modified_time\" content=\"2025-10-20T15:07:02+00:00\" \/>\n<meta property=\"og:image\" content=\"https:\/\/andamanscuba.com\/wp-content\/uploads\/2023\/12\/Scuba-diving-courses-Similan.webp\" \/>\n\t<meta property=\"og:image:width\" content=\"1188\" \/>\n\t<meta property=\"og:image:height\" content=\"242\" \/>\n\t<meta property=\"og:image:type\" content=\"image\/webp\" \/>\n<meta name=\"twitter:card\" content=\"summary_large_image\" \/>\n<meta name=\"twitter:label1\" content=\"Ber\u00e4knad l\u00e4stid\" \/>\n\t<meta name=\"twitter:data1\" content=\"3 minuter\" \/>\n<script type=\"application\/ld+json\" class=\"yoast-schema-graph\">{\"@context\":\"https:\/\/schema.org\",\"@graph\":[{\"@type\":\"WebPage\",\"@id\":\"https:\/\/andamanscuba.com\/sv\/nitrox-kurs-khao-la\/\",\"url\":\"https:\/\/andamanscuba.com\/sv\/nitrox-kurs-khao-la\/\",\"name\":\"Nitrox-kurs Khao Lak - Specialkurs i dykning\",\"isPartOf\":{\"@id\":\"https:\/\/andamanscuba.com\/es\/#website\"},\"primaryImageOfPage\":{\"@id\":\"https:\/\/andamanscuba.com\/sv\/nitrox-kurs-khao-la\/#primaryimage\"},\"image\":{\"@id\":\"https:\/\/andamanscuba.com\/sv\/nitrox-kurs-khao-la\/#primaryimage\"},\"thumbnailUrl\":\"https:\/\/andamanscuba.com\/wp-content\/uploads\/2023\/12\/Scuba-diving-courses-Similan.webp\",\"datePublished\":\"2023-07-02T12:44:53+00:00\",\"dateModified\":\"2025-10-20T15:07:02+00:00\",\"description\":\"G\u00e5 Nitrox-kurs i Khao Lak - SSI, PADI eller CMAS - L\u00e4r dig dykning med syreberikad luft, analysera flaskor och s\u00e4ker planering\",\"breadcrumb\":{\"@id\":\"https:\/\/andamanscuba.com\/sv\/nitrox-kurs-khao-la\/#breadcrumb\"},\"inLanguage\":\"sv-SE\",\"potentialAction\":[{\"@type\":\"ReadAction\",\"target\":[\"https:\/\/andamanscuba.com\/sv\/nitrox-kurs-khao-la\/\"]}]},{\"@type\":\"ImageObject\",\"inLanguage\":\"sv-SE\",\"@id\":\"https:\/\/andamanscuba.com\/sv\/nitrox-kurs-khao-la\/#primaryimage\",\"url\":\"https:\/\/andamanscuba.com\/wp-content\/uploads\/2023\/12\/Scuba-diving-courses-Similan.webp\",\"contentUrl\":\"https:\/\/andamanscuba.com\/wp-content\/uploads\/2023\/12\/Scuba-diving-courses-Similan.webp\"},{\"@type\":\"BreadcrumbList\",\"@id\":\"https:\/\/andamanscuba.com\/sv\/nitrox-kurs-khao-la\/#breadcrumb\",\"itemListElement\":[{\"@type\":\"ListItem\",\"position\":1,\"name\":\"Home\",\"item\":\"https:\/\/andamanscuba.com\/sv\/\"},{\"@type\":\"ListItem\",\"position\":2,\"name\":\"Nitrox-kurs Khao Lak &#8211; Specialkurs i dykning\"}]},{\"@type\":\"WebSite\",\"@id\":\"https:\/\/andamanscuba.com\/es\/#website\",\"url\":\"https:\/\/andamanscuba.com\/es\/\",\"name\":\"Andaman Scuba\",\"description\":\"Centre de plong\u00e9e et croisi\u00e8res en Tha\u00eflande\",\"publisher\":{\"@id\":\"https:\/\/andamanscuba.com\/es\/#organization\"},\"potentialAction\":[{\"@type\":\"SearchAction\",\"target\":{\"@type\":\"EntryPoint\",\"urlTemplate\":\"https:\/\/andamanscuba.com\/es\/?s={search_term_string}\"},\"query-input\":{\"@type\":\"PropertyValueSpecification\",\"valueRequired\":true,\"valueName\":\"search_term_string\"}}],\"inLanguage\":\"sv-SE\"},{\"@type\":\"Organization\",\"@id\":\"https:\/\/andamanscuba.com\/es\/#organization\",\"name\":\"Andaman Scuba\",\"url\":\"https:\/\/andamanscuba.com\/es\/\",\"logo\":{\"@type\":\"ImageObject\",\"inLanguage\":\"sv-SE\",\"@id\":\"https:\/\/andamanscuba.com\/es\/#\/schema\/logo\/image\/\",\"url\":\"https:\/\/andamanscuba.com\/wp-content\/uploads\/2023\/06\/logo-andaman-scuba-plongee-thailande.png\",\"contentUrl\":\"https:\/\/andamanscuba.com\/wp-content\/uploads\/2023\/06\/logo-andaman-scuba-plongee-thailande.png\",\"width\":1148,\"height\":602,\"caption\":\"Andaman Scuba\"},\"image\":{\"@id\":\"https:\/\/andamanscuba.com\/es\/#\/schema\/logo\/image\/\"},\"sameAs\":[\"https:\/\/www.facebook.com\/andaman.scuba\"]}]}<\/script>\n<!-- \/ Yoast SEO Premium plugin. -->","yoast_head_json":{"title":"Nitrox-kurs Khao Lak - Specialkurs i dykning","description":"G\u00e5 Nitrox-kurs i Khao Lak - SSI, PADI eller CMAS - L\u00e4r dig dykning med syreberikad luft, analysera flaskor och s\u00e4ker planering","robots":{"index":"index","follow":"follow","max-snippet":"max-snippet:-1","max-image-preview":"max-image-preview:large","max-video-preview":"max-video-preview:-1"},"canonical":"https:\/\/andamanscuba.com\/sv\/nitrox-kurs-khao-la\/","og_locale":"sv_SE","og_type":"article","og_title":"Nitrox-kurs Khao Lak - Specialkurs i dykning","og_description":"G\u00e5 Nitrox-kurs i Khao Lak - SSI, PADI eller CMAS - L\u00e4r dig dykning med syreberikad luft, analysera flaskor och s\u00e4ker planering","og_url":"https:\/\/andamanscuba.com\/sv\/nitrox-kurs-khao-la\/","og_site_name":"Andaman Scuba","article_publisher":"https:\/\/www.facebook.com\/andaman.scuba","article_modified_time":"2025-10-20T15:07:02+00:00","og_image":[{"width":1188,"height":242,"url":"https:\/\/andamanscuba.com\/wp-content\/uploads\/2023\/12\/Scuba-diving-courses-Similan.webp","type":"image\/webp"}],"twitter_card":"summary_large_image","twitter_misc":{"Ber\u00e4knad l\u00e4stid":"3 minuter"},"schema":{"@context":"https:\/\/schema.org","@graph":[{"@type":"WebPage","@id":"https:\/\/andamanscuba.com\/sv\/nitrox-kurs-khao-la\/","url":"https:\/\/andamanscuba.com\/sv\/nitrox-kurs-khao-la\/","name":"Nitrox-kurs Khao Lak - Specialkurs i dykning","isPartOf":{"@id":"https:\/\/andamanscuba.com\/es\/#website"},"primaryImageOfPage":{"@id":"https:\/\/andamanscuba.com\/sv\/nitrox-kurs-khao-la\/#primaryimage"},"image":{"@id":"https:\/\/andamanscuba.com\/sv\/nitrox-kurs-khao-la\/#primaryimage"},"thumbnailUrl":"https:\/\/andamanscuba.com\/wp-content\/uploads\/2023\/12\/Scuba-diving-courses-Similan.webp","datePublished":"2023-07-02T12:44:53+00:00","dateModified":"2025-10-20T15:07:02+00:00","description":"G\u00e5 Nitrox-kurs i Khao Lak - SSI, PADI eller CMAS - L\u00e4r dig dykning med syreberikad luft, analysera flaskor och s\u00e4ker planering","breadcrumb":{"@id":"https:\/\/andamanscuba.com\/sv\/nitrox-kurs-khao-la\/#breadcrumb"},"inLanguage":"sv-SE","potentialAction":[{"@type":"ReadAction","target":["https:\/\/andamanscuba.com\/sv\/nitrox-kurs-khao-la\/"]}]},{"@type":"ImageObject","inLanguage":"sv-SE","@id":"https:\/\/andamanscuba.com\/sv\/nitrox-kurs-khao-la\/#primaryimage","url":"https:\/\/andamanscuba.com\/wp-content\/uploads\/2023\/12\/Scuba-diving-courses-Similan.webp","contentUrl":"https:\/\/andamanscuba.com\/wp-content\/uploads\/2023\/12\/Scuba-diving-courses-Similan.webp"},{"@type":"BreadcrumbList","@id":"https:\/\/andamanscuba.com\/sv\/nitrox-kurs-khao-la\/#breadcrumb","itemListElement":[{"@type":"ListItem","position":1,"name":"Home","item":"https:\/\/andamanscuba.com\/sv\/"},{"@type":"ListItem","position":2,"name":"Nitrox-kurs Khao Lak &#8211; Specialkurs i dykning"}]},{"@type":"WebSite","@id":"https:\/\/andamanscuba.com\/es\/#website","url":"https:\/\/andamanscuba.com\/es\/","name":"Andaman Scuba","description":"Centre de plong\u00e9e et croisi\u00e8res en Tha\u00eflande","publisher":{"@id":"https:\/\/andamanscuba.com\/es\/#organization"},"potentialAction":[{"@type":"SearchAction","target":{"@type":"EntryPoint","urlTemplate":"https:\/\/andamanscuba.com\/es\/?s={search_term_string}"},"query-input":{"@type":"PropertyValueSpecification","valueRequired":true,"valueName":"search_term_string"}}],"inLanguage":"sv-SE"},{"@type":"Organization","@id":"https:\/\/andamanscuba.com\/es\/#organization","name":"Andaman Scuba","url":"https:\/\/andamanscuba.com\/es\/","logo":{"@type":"ImageObject","inLanguage":"sv-SE","@id":"https:\/\/andamanscuba.com\/es\/#\/schema\/logo\/image\/","url":"https:\/\/andamanscuba.com\/wp-content\/uploads\/2023\/06\/logo-andaman-scuba-plongee-thailande.png","contentUrl":"https:\/\/andamanscuba.com\/wp-content\/uploads\/2023\/06\/logo-andaman-scuba-plongee-thailande.png","width":1148,"height":602,"caption":"Andaman Scuba"},"image":{"@id":"https:\/\/andamanscuba.com\/es\/#\/schema\/logo\/image\/"},"sameAs":["https:\/\/www.facebook.com\/andaman.scuba"]}]}},"_links":{"self":[{"href":"https:\/\/andamanscuba.com\/sv\/wp-json\/wp\/v2\/pages\/33326","targetHints":{"allow":["GET"]}}],"collection":[{"href":"https:\/\/andamanscuba.com\/sv\/wp-json\/wp\/v2\/pages"}],"about":[{"href":"https:\/\/andamanscuba.com\/sv\/wp-json\/wp\/v2\/types\/page"}],"author":[{"embeddable":true,"href":"https:\/\/andamanscuba.com\/sv\/wp-json\/wp\/v2\/users\/1"}],"replies":[{"embeddable":true,"href":"https:\/\/andamanscuba.com\/sv\/wp-json\/wp\/v2\/comments?post=33326"}],"version-history":[{"count":10,"href":"https:\/\/andamanscuba.com\/sv\/wp-json\/wp\/v2\/pages\/33326\/revisions"}],"predecessor-version":[{"id":33681,"href":"https:\/\/andamanscuba.com\/sv\/wp-json\/wp\/v2\/pages\/33326\/revisions\/33681"}],"wp:attachment":[{"href":"https:\/\/andamanscuba.com\/sv\/wp-json\/wp\/v2\/media?parent=33326"}],"curies":[{"name":"wp","href":"https:\/\/api.w.org\/{rel}","templated":true}]}}