{"id":19216,"date":"2023-07-28T10:29:27","date_gmt":"2023-07-28T10:29:27","guid":{"rendered":"https:\/\/andamanscuba.com\/?page_id=19216"},"modified":"2023-07-28T10:31:03","modified_gmt":"2023-07-28T10:31:03","slug":"bienvenido-a-andaman-scuba","status":"publish","type":"page","link":"https:\/\/andamanscuba.com\/es\/bienvenido-a-andaman-scuba\/","title":{"rendered":"Bienvenido a Andaman Scuba &#8211; Sitio en Mantenimiento"},"content":{"rendered":"\t\t<div data-elementor-type=\"wp-page\" data-elementor-id=\"19216\" class=\"elementor elementor-19216\" data-elementor-settings=\"{&quot;ha_cmc_init_switcher&quot;:&quot;no&quot;}\" data-elementor-post-type=\"page\">\n\t\t\t\t\t\t<section class=\"elementor-section elementor-top-section elementor-element elementor-element-3557bf3 elementor-section-stretched elementor-section-boxed elementor-section-height-default elementor-section-height-default\" data-id=\"3557bf3\" data-element_type=\"section\" data-settings=\"{&quot;stretch_section&quot;:&quot;section-stretched&quot;,&quot;background_background&quot;:&quot;classic&quot;}\">\n\t\t\t\t\t\t<div class=\"elementor-container elementor-column-gap-no\">\n\t\t\t\t\t<div class=\"elementor-column elementor-col-100 elementor-top-column elementor-element elementor-element-6495095\" data-id=\"6495095\" data-element_type=\"column\">\n\t\t\t<div class=\"elementor-widget-wrap elementor-element-populated\">\n\t\t\t\t\t\t<div class=\"elementor-element elementor-element-be62edd elementor-widget elementor-widget-image\" data-id=\"be62edd\" data-element_type=\"widget\" data-widget_type=\"image.default\">\n\t\t\t\t<div class=\"elementor-widget-container\">\n\t\t\t\t\t\t\t\t\t\t\t\t\t\t\t<img decoding=\"async\" width=\"100\" height=\"51\" src=\"https:\/\/andamanscuba.com\/wp-content\/uploads\/2023\/07\/Logo-Andaman-Scuba-Croisieres-Plongee-Thailande-Myanmar-1.png\" class=\"attachment-large size-large wp-image-19218\" alt=\"\" \/>\t\t\t\t\t\t\t\t\t\t\t\t\t\t\t<\/div>\n\t\t\t\t<\/div>\n\t\t\t\t<div class=\"elementor-element elementor-element-4efaad2 elementor-align-center elementor-widget__width-initial subtitle-position-below elementor-invisible elementor-widget elementor-widget-floaty-heading\" data-id=\"4efaad2\" data-element_type=\"widget\" data-settings=\"{&quot;_animation&quot;:&quot;fadeInUp&quot;}\" data-widget_type=\"floaty-heading.default\">\n\t\t\t\t<div class=\"elementor-widget-container\">\n\t\t\t\t\t        <div class=\"elementor-heading-wrapper-inner\"><div class=\"elementor-sub-title\">Tu Mejor Experiencia de Buceo<\/div><h2 class=\"elementor-heading-title\">Bienvenido a Andaman Scuba\n\n<\/h2><\/div>\t\t\t\t<\/div>\n\t\t\t\t<\/div>\n\t\t\t\t<div class=\"elementor-element elementor-element-b7aad08 elementor-widget__width-initial elementor-widget elementor-widget-text-editor\" data-id=\"b7aad08\" data-element_type=\"widget\" data-widget_type=\"text-editor.default\">\n\t\t\t\t<div class=\"elementor-widget-container\">\n\t\t\t\t\t\t\t\t\t<p><strong>Lamentamos las molestias, pero nuestra versi\u00f3n en espa\u00f1ol se encuentra actualmente en mantenimiento para brindarte una experiencia a\u00fan mejor.<\/strong><\/p><p><strong>Te aseguramos que nuestro sitio web estar\u00e1 nuevamente disponible muy pronto, listo para ofrecerte toda la informaci\u00f3n y servicios que necesitas para tus pr\u00f3ximas aventuras de buceo. <\/strong><\/p><p><strong>Mientras tanto, puedes visitar nuestro sitio web en franc\u00e9s o contactarnos directamente a trav\u00e9s de <a href=\"mailto:info@andamanscuba.com\" target=\"_new\"><span style=\"color: #00ccff;\">info@andamanscuba.com<\/span><\/a> para cualquier consulta.<\/strong><\/p><p><strong>\u00a1Agradecemos tu comprensi\u00f3n y apreciamos tu paciencia!<\/strong><\/p>\t\t\t\t\t\t\t\t<\/div>\n\t\t\t\t<\/div>\n\t\t\t\t<section class=\"elementor-section elementor-inner-section elementor-element elementor-element-7bcd1f0 elementor-section-boxed elementor-section-height-default elementor-section-height-default\" data-id=\"7bcd1f0\" data-element_type=\"section\">\n\t\t\t\t\t\t<div class=\"elementor-container elementor-column-gap-no\">\n\t\t\t\t\t<div class=\"elementor-column elementor-col-33 elementor-inner-column elementor-element elementor-element-201e15d\" data-id=\"201e15d\" data-element_type=\"column\">\n\t\t\t<div class=\"elementor-widget-wrap elementor-element-populated\">\n\t\t\t\t\t\t<div class=\"elementor-element elementor-element-3fcb08c elementor-invisible elementor-widget elementor-widget-image\" data-id=\"3fcb08c\" data-element_type=\"widget\" data-settings=\"{&quot;_animation&quot;:&quot;fadeInUp&quot;}\" data-widget_type=\"image.default\">\n\t\t\t\t<div class=\"elementor-widget-container\">\n\t\t\t\t\t\t\t\t\t\t\t\t\t\t\t<img fetchpriority=\"high\" decoding=\"async\" width=\"450\" height=\"580\" src=\"https:\/\/andamanscuba.com\/wp-content\/uploads\/2023\/07\/croisiere-plongee-coraux-plongeurs-similan-1-1.png\" class=\"attachment-full size-full wp-image-19221\" alt=\"\" srcset=\"https:\/\/andamanscuba.com\/wp-content\/uploads\/2023\/07\/croisiere-plongee-coraux-plongeurs-similan-1-1.png 450w, https:\/\/andamanscuba.com\/wp-content\/uploads\/2023\/07\/croisiere-plongee-coraux-plongeurs-similan-1-1-233x300.png 233w\" sizes=\"(max-width: 450px) 100vw, 450px\" \/>\t\t\t\t\t\t\t\t\t\t\t\t\t\t\t<\/div>\n\t\t\t\t<\/div>\n\t\t\t\t\t<\/div>\n\t\t<\/div>\n\t\t\t\t<div class=\"elementor-column elementor-col-33 elementor-inner-column elementor-element elementor-element-9bea9d0\" data-id=\"9bea9d0\" data-element_type=\"column\">\n\t\t\t<div class=\"elementor-widget-wrap elementor-element-populated\">\n\t\t\t\t\t\t<div class=\"elementor-element elementor-element-419bc9c elementor-invisible elementor-widget elementor-widget-image\" data-id=\"419bc9c\" data-element_type=\"widget\" data-settings=\"{&quot;_animation&quot;:&quot;fadeInDown&quot;}\" data-widget_type=\"image.default\">\n\t\t\t\t<div class=\"elementor-widget-container\">\n\t\t\t\t\t\t\t\t\t\t\t\t\t\t\t<img decoding=\"async\" width=\"450\" height=\"580\" src=\"https:\/\/andamanscuba.com\/wp-content\/uploads\/2023\/07\/crabe-croisiere-plongee-journee-thailande-myanmar-1-1.png\" class=\"attachment-full size-full wp-image-19224\" alt=\"\" srcset=\"https:\/\/andamanscuba.com\/wp-content\/uploads\/2023\/07\/crabe-croisiere-plongee-journee-thailande-myanmar-1-1.png 450w, https:\/\/andamanscuba.com\/wp-content\/uploads\/2023\/07\/crabe-croisiere-plongee-journee-thailande-myanmar-1-1-233x300.png 233w\" sizes=\"(max-width: 450px) 100vw, 450px\" \/>\t\t\t\t\t\t\t\t\t\t\t\t\t\t\t<\/div>\n\t\t\t\t<\/div>\n\t\t\t\t\t<\/div>\n\t\t<\/div>\n\t\t\t\t<div class=\"elementor-column elementor-col-33 elementor-inner-column elementor-element elementor-element-2d6cbbe\" data-id=\"2d6cbbe\" data-element_type=\"column\">\n\t\t\t<div class=\"elementor-widget-wrap elementor-element-populated\">\n\t\t\t\t\t\t<div class=\"elementor-element elementor-element-52784a7 elementor-invisible elementor-widget elementor-widget-image\" data-id=\"52784a7\" data-element_type=\"widget\" data-settings=\"{&quot;_animation&quot;:&quot;fadeInUp&quot;}\" data-widget_type=\"image.default\">\n\t\t\t\t<div class=\"elementor-widget-container\">\n\t\t\t\t\t\t\t\t\t\t\t\t\t\t\t<img loading=\"lazy\" decoding=\"async\" width=\"450\" height=\"580\" src=\"https:\/\/andamanscuba.com\/wp-content\/uploads\/2023\/07\/raie-manta-croisiere-journee-plongee-thailande-1-1.png\" class=\"attachment-full size-full wp-image-19227\" alt=\"\" srcset=\"https:\/\/andamanscuba.com\/wp-content\/uploads\/2023\/07\/raie-manta-croisiere-journee-plongee-thailande-1-1.png 450w, https:\/\/andamanscuba.com\/wp-content\/uploads\/2023\/07\/raie-manta-croisiere-journee-plongee-thailande-1-1-233x300.png 233w\" sizes=\"(max-width: 450px) 100vw, 450px\" \/>\t\t\t\t\t\t\t\t\t\t\t\t\t\t\t<\/div>\n\t\t\t\t<\/div>\n\t\t\t\t\t<\/div>\n\t\t<\/div>\n\t\t\t\t\t<\/div>\n\t\t<\/section>\n\t\t\t\t\t<\/div>\n\t\t<\/div>\n\t\t\t\t\t<\/div>\n\t\t<\/section>\n\t\t\t\t<\/div>\n\t\t","protected":false},"excerpt":{"rendered":"<p>Tu Mejor Experiencia de Buceo Bienvenido a Andaman Scuba Lamentamos las molestias, pero nuestra versi\u00f3n en espa\u00f1ol se encuentra actualmente en mantenimiento para brindarte una experiencia a\u00fan mejor. Te aseguramos que nuestro sitio web estar\u00e1 nuevamente disponible muy pronto, listo para ofrecerte toda la informaci\u00f3n y servicios que necesitas para tus pr\u00f3ximas aventuras de buceo. [&hellip;]<\/p>\n","protected":false},"author":1,"featured_media":0,"parent":0,"menu_order":0,"comment_status":"closed","ping_status":"closed","template":"template-homepage.php","meta":{"inline_featured_image":false,"footnotes":""},"class_list":["post-19216","page","type-page","status-publish","hentry"],"yoast_head":"<!-- This site is optimized with the Yoast SEO Premium plugin v23.3 (Yoast SEO v26.6) - https:\/\/yoast.com\/wordpress\/plugins\/seo\/ -->\n<title>Bienvenido a Andaman Scuba - Sitio en Mantenimiento - Andaman Scuba<\/title>\n<meta name=\"robots\" content=\"index, follow, max-snippet:-1, max-image-preview:large, max-video-preview:-1\" \/>\n<link rel=\"canonical\" href=\"https:\/\/andamanscuba.com\/es\/bienvenido-a-andaman-scuba\/\" \/>\n<meta property=\"og:locale\" content=\"es_ES\" \/>\n<meta property=\"og:type\" content=\"article\" \/>\n<meta property=\"og:title\" content=\"Bienvenido a Andaman Scuba - Sitio en Mantenimiento\" \/>\n<meta property=\"og:description\" content=\"Tu Mejor Experiencia de Buceo Bienvenido a Andaman Scuba Lamentamos las molestias, pero nuestra versi\u00f3n en espa\u00f1ol se encuentra actualmente en mantenimiento para brindarte una experiencia a\u00fan mejor. Te aseguramos que nuestro sitio web estar\u00e1 nuevamente disponible muy pronto, listo para ofrecerte toda la informaci\u00f3n y servicios que necesitas para tus pr\u00f3ximas aventuras de buceo. [&hellip;]\" \/>\n<meta property=\"og:url\" content=\"https:\/\/andamanscuba.com\/es\/bienvenido-a-andaman-scuba\/\" \/>\n<meta property=\"og:site_name\" content=\"Andaman Scuba\" \/>\n<meta property=\"article:publisher\" content=\"https:\/\/www.facebook.com\/andaman.scuba\" \/>\n<meta property=\"article:modified_time\" content=\"2023-07-28T10:31:03+00:00\" \/>\n<meta property=\"og:image\" content=\"https:\/\/andamanscuba.com\/wp-content\/uploads\/2023\/07\/Logo-Andaman-Scuba-Croisieres-Plongee-Thailande-Myanmar-1.png\" \/>\n<meta name=\"twitter:card\" content=\"summary_large_image\" \/>\n<script type=\"application\/ld+json\" class=\"yoast-schema-graph\">{\"@context\":\"https:\/\/schema.org\",\"@graph\":[{\"@type\":\"WebPage\",\"@id\":\"https:\/\/andamanscuba.com\/es\/bienvenido-a-andaman-scuba\/\",\"url\":\"https:\/\/andamanscuba.com\/es\/bienvenido-a-andaman-scuba\/\",\"name\":\"Bienvenido a Andaman Scuba - Sitio en Mantenimiento - Andaman Scuba\",\"isPartOf\":{\"@id\":\"https:\/\/andamanscuba.com\/es\/#website\"},\"primaryImageOfPage\":{\"@id\":\"https:\/\/andamanscuba.com\/es\/bienvenido-a-andaman-scuba\/#primaryimage\"},\"image\":{\"@id\":\"https:\/\/andamanscuba.com\/es\/bienvenido-a-andaman-scuba\/#primaryimage\"},\"thumbnailUrl\":\"https:\/\/andamanscuba.com\/wp-content\/uploads\/2023\/07\/Logo-Andaman-Scuba-Croisieres-Plongee-Thailande-Myanmar-1.png\",\"datePublished\":\"2023-07-28T10:29:27+00:00\",\"dateModified\":\"2023-07-28T10:31:03+00:00\",\"breadcrumb\":{\"@id\":\"https:\/\/andamanscuba.com\/es\/bienvenido-a-andaman-scuba\/#breadcrumb\"},\"inLanguage\":\"es\",\"potentialAction\":[{\"@type\":\"ReadAction\",\"target\":[\"https:\/\/andamanscuba.com\/es\/bienvenido-a-andaman-scuba\/\"]}]},{\"@type\":\"ImageObject\",\"inLanguage\":\"es\",\"@id\":\"https:\/\/andamanscuba.com\/es\/bienvenido-a-andaman-scuba\/#primaryimage\",\"url\":\"https:\/\/andamanscuba.com\/wp-content\/uploads\/2023\/07\/Logo-Andaman-Scuba-Croisieres-Plongee-Thailande-Myanmar-1.png\",\"contentUrl\":\"https:\/\/andamanscuba.com\/wp-content\/uploads\/2023\/07\/Logo-Andaman-Scuba-Croisieres-Plongee-Thailande-Myanmar-1.png\"},{\"@type\":\"BreadcrumbList\",\"@id\":\"https:\/\/andamanscuba.com\/es\/bienvenido-a-andaman-scuba\/#breadcrumb\",\"itemListElement\":[{\"@type\":\"ListItem\",\"position\":1,\"name\":\"Home\",\"item\":\"https:\/\/andamanscuba.com\/sv\/\"},{\"@type\":\"ListItem\",\"position\":2,\"name\":\"Bienvenido a Andaman Scuba &#8211; Sitio en Mantenimiento\"}]},{\"@type\":\"WebSite\",\"@id\":\"https:\/\/andamanscuba.com\/es\/#website\",\"url\":\"https:\/\/andamanscuba.com\/es\/\",\"name\":\"Andaman Scuba\",\"description\":\"Centre de plong\u00e9e et croisi\u00e8res en Tha\u00eflande\",\"publisher\":{\"@id\":\"https:\/\/andamanscuba.com\/es\/#organization\"},\"potentialAction\":[{\"@type\":\"SearchAction\",\"target\":{\"@type\":\"EntryPoint\",\"urlTemplate\":\"https:\/\/andamanscuba.com\/es\/?s={search_term_string}\"},\"query-input\":{\"@type\":\"PropertyValueSpecification\",\"valueRequired\":true,\"valueName\":\"search_term_string\"}}],\"inLanguage\":\"es\"},{\"@type\":\"Organization\",\"@id\":\"https:\/\/andamanscuba.com\/es\/#organization\",\"name\":\"Andaman Scuba\",\"url\":\"https:\/\/andamanscuba.com\/es\/\",\"logo\":{\"@type\":\"ImageObject\",\"inLanguage\":\"es\",\"@id\":\"https:\/\/andamanscuba.com\/es\/#\/schema\/logo\/image\/\",\"url\":\"https:\/\/andamanscuba.com\/wp-content\/uploads\/2023\/06\/logo-andaman-scuba-plongee-thailande.png\",\"contentUrl\":\"https:\/\/andamanscuba.com\/wp-content\/uploads\/2023\/06\/logo-andaman-scuba-plongee-thailande.png\",\"width\":1148,\"height\":602,\"caption\":\"Andaman Scuba\"},\"image\":{\"@id\":\"https:\/\/andamanscuba.com\/es\/#\/schema\/logo\/image\/\"},\"sameAs\":[\"https:\/\/www.facebook.com\/andaman.scuba\"]}]}<\/script>\n<!-- \/ Yoast SEO Premium plugin. -->","yoast_head_json":{"title":"Bienvenido a Andaman Scuba - Sitio en Mantenimiento - Andaman Scuba","robots":{"index":"index","follow":"follow","max-snippet":"max-snippet:-1","max-image-preview":"max-image-preview:large","max-video-preview":"max-video-preview:-1"},"canonical":"https:\/\/andamanscuba.com\/es\/bienvenido-a-andaman-scuba\/","og_locale":"es_ES","og_type":"article","og_title":"Bienvenido a Andaman Scuba - Sitio en Mantenimiento","og_description":"Tu Mejor Experiencia de Buceo Bienvenido a Andaman Scuba Lamentamos las molestias, pero nuestra versi\u00f3n en espa\u00f1ol se encuentra actualmente en mantenimiento para brindarte una experiencia a\u00fan mejor. Te aseguramos que nuestro sitio web estar\u00e1 nuevamente disponible muy pronto, listo para ofrecerte toda la informaci\u00f3n y servicios que necesitas para tus pr\u00f3ximas aventuras de buceo. [&hellip;]","og_url":"https:\/\/andamanscuba.com\/es\/bienvenido-a-andaman-scuba\/","og_site_name":"Andaman Scuba","article_publisher":"https:\/\/www.facebook.com\/andaman.scuba","article_modified_time":"2023-07-28T10:31:03+00:00","og_image":[{"url":"https:\/\/andamanscuba.com\/wp-content\/uploads\/2023\/07\/Logo-Andaman-Scuba-Croisieres-Plongee-Thailande-Myanmar-1.png","type":"","width":"","height":""}],"twitter_card":"summary_large_image","schema":{"@context":"https:\/\/schema.org","@graph":[{"@type":"WebPage","@id":"https:\/\/andamanscuba.com\/es\/bienvenido-a-andaman-scuba\/","url":"https:\/\/andamanscuba.com\/es\/bienvenido-a-andaman-scuba\/","name":"Bienvenido a Andaman Scuba - Sitio en Mantenimiento - Andaman Scuba","isPartOf":{"@id":"https:\/\/andamanscuba.com\/es\/#website"},"primaryImageOfPage":{"@id":"https:\/\/andamanscuba.com\/es\/bienvenido-a-andaman-scuba\/#primaryimage"},"image":{"@id":"https:\/\/andamanscuba.com\/es\/bienvenido-a-andaman-scuba\/#primaryimage"},"thumbnailUrl":"https:\/\/andamanscuba.com\/wp-content\/uploads\/2023\/07\/Logo-Andaman-Scuba-Croisieres-Plongee-Thailande-Myanmar-1.png","datePublished":"2023-07-28T10:29:27+00:00","dateModified":"2023-07-28T10:31:03+00:00","breadcrumb":{"@id":"https:\/\/andamanscuba.com\/es\/bienvenido-a-andaman-scuba\/#breadcrumb"},"inLanguage":"es","potentialAction":[{"@type":"ReadAction","target":["https:\/\/andamanscuba.com\/es\/bienvenido-a-andaman-scuba\/"]}]},{"@type":"ImageObject","inLanguage":"es","@id":"https:\/\/andamanscuba.com\/es\/bienvenido-a-andaman-scuba\/#primaryimage","url":"https:\/\/andamanscuba.com\/wp-content\/uploads\/2023\/07\/Logo-Andaman-Scuba-Croisieres-Plongee-Thailande-Myanmar-1.png","contentUrl":"https:\/\/andamanscuba.com\/wp-content\/uploads\/2023\/07\/Logo-Andaman-Scuba-Croisieres-Plongee-Thailande-Myanmar-1.png"},{"@type":"BreadcrumbList","@id":"https:\/\/andamanscuba.com\/es\/bienvenido-a-andaman-scuba\/#breadcrumb","itemListElement":[{"@type":"ListItem","position":1,"name":"Home","item":"https:\/\/andamanscuba.com\/sv\/"},{"@type":"ListItem","position":2,"name":"Bienvenido a Andaman Scuba &#8211; Sitio en Mantenimiento"}]},{"@type":"WebSite","@id":"https:\/\/andamanscuba.com\/es\/#website","url":"https:\/\/andamanscuba.com\/es\/","name":"Andaman Scuba","description":"Centre de plong\u00e9e et croisi\u00e8res en Tha\u00eflande","publisher":{"@id":"https:\/\/andamanscuba.com\/es\/#organization"},"potentialAction":[{"@type":"SearchAction","target":{"@type":"EntryPoint","urlTemplate":"https:\/\/andamanscuba.com\/es\/?s={search_term_string}"},"query-input":{"@type":"PropertyValueSpecification","valueRequired":true,"valueName":"search_term_string"}}],"inLanguage":"es"},{"@type":"Organization","@id":"https:\/\/andamanscuba.com\/es\/#organization","name":"Andaman Scuba","url":"https:\/\/andamanscuba.com\/es\/","logo":{"@type":"ImageObject","inLanguage":"es","@id":"https:\/\/andamanscuba.com\/es\/#\/schema\/logo\/image\/","url":"https:\/\/andamanscuba.com\/wp-content\/uploads\/2023\/06\/logo-andaman-scuba-plongee-thailande.png","contentUrl":"https:\/\/andamanscuba.com\/wp-content\/uploads\/2023\/06\/logo-andaman-scuba-plongee-thailande.png","width":1148,"height":602,"caption":"Andaman Scuba"},"image":{"@id":"https:\/\/andamanscuba.com\/es\/#\/schema\/logo\/image\/"},"sameAs":["https:\/\/www.facebook.com\/andaman.scuba"]}]}},"_links":{"self":[{"href":"https:\/\/andamanscuba.com\/es\/wp-json\/wp\/v2\/pages\/19216","targetHints":{"allow":["GET"]}}],"collection":[{"href":"https:\/\/andamanscuba.com\/es\/wp-json\/wp\/v2\/pages"}],"about":[{"href":"https:\/\/andamanscuba.com\/es\/wp-json\/wp\/v2\/types\/page"}],"author":[{"embeddable":true,"href":"https:\/\/andamanscuba.com\/es\/wp-json\/wp\/v2\/users\/1"}],"replies":[{"embeddable":true,"href":"https:\/\/andamanscuba.com\/es\/wp-json\/wp\/v2\/comments?post=19216"}],"version-history":[{"count":7,"href":"https:\/\/andamanscuba.com\/es\/wp-json\/wp\/v2\/pages\/19216\/revisions"}],"predecessor-version":[{"id":19253,"href":"https:\/\/andamanscuba.com\/es\/wp-json\/wp\/v2\/pages\/19216\/revisions\/19253"}],"wp:attachment":[{"href":"https:\/\/andamanscuba.com\/es\/wp-json\/wp\/v2\/media?parent=19216"}],"curies":[{"name":"wp","href":"https:\/\/api.w.org\/{rel}","templated":true}]}}