{"id":18929,"date":"2023-07-02T13:06:36","date_gmt":"2023-07-02T13:06:36","guid":{"rendered":"https:\/\/andamanscuba.com\/cours-plongee-divemaster-guide-professionnel-khao-lak-ssi-padi-cmas\/"},"modified":"2023-12-04T13:01:16","modified_gmt":"2023-12-04T13:01:16","slug":"curso-divemaster-khao-lak","status":"publish","type":"page","link":"https:\/\/andamanscuba.com\/es\/curso-divemaster-khao-lak\/","title":{"rendered":"Curso de Buceo Divemaster Dive Leader Gu\u00eda de Buceo Certificaci\u00f3n Profesional en Khao Lak y Islas Similan Tailandia &#8211; SSI PADI CMAS"},"content":{"rendered":"\t\t<div data-elementor-type=\"wp-page\" data-elementor-id=\"18929\" class=\"elementor elementor-18929 elementor-14310\" data-elementor-settings=\"{&quot;ha_cmc_init_switcher&quot;:&quot;no&quot;}\" data-elementor-post-type=\"page\">\n\t\t\t\t\t\t<section class=\"elementor-section elementor-top-section elementor-element elementor-element-75b2d2b elementor-section-boxed elementor-section-height-default elementor-section-height-default\" data-id=\"75b2d2b\" data-element_type=\"section\" data-settings=\"{&quot;background_background&quot;:&quot;classic&quot;}\">\n\t\t\t\t\t\t<div class=\"elementor-container elementor-column-gap-default\">\n\t\t\t\t\t<div class=\"elementor-column elementor-col-33 elementor-top-column elementor-element elementor-element-2908711\" data-id=\"2908711\" data-element_type=\"column\" data-settings=\"{&quot;background_background&quot;:&quot;classic&quot;}\">\n\t\t\t<div class=\"elementor-widget-wrap elementor-element-populated\">\n\t\t\t\t\t\t<div class=\"elementor-element elementor-element-4dbf1ca elementor-mobile-align-center elementor-align-left subtitle-position-below elementor-widget elementor-widget-floaty-heading\" data-id=\"4dbf1ca\" data-element_type=\"widget\" data-widget_type=\"floaty-heading.default\">\n\t\t\t\t<div class=\"elementor-widget-container\">\n\t\t\t\t\t        <div class=\"elementor-heading-wrapper-inner\"><div class=\"elementor-sub-title\">Curso Divemaster en Khao Lak<\/div><h2 class=\"elementor-heading-title\">Convertirse en gu\u00eda de buceo profesional<\/h2><\/div>\t\t\t\t<\/div>\n\t\t\t\t<\/div>\n\t\t\t\t<div class=\"elementor-element elementor-element-1417abc elementor-invisible elementor-widget elementor-widget-image\" data-id=\"1417abc\" data-element_type=\"widget\" data-settings=\"{&quot;_animation&quot;:&quot;bounce&quot;}\" data-widget_type=\"image.default\">\n\t\t\t\t<div class=\"elementor-widget-container\">\n\t\t\t\t\t\t\t\t\t\t\t\t\t\t\t<img fetchpriority=\"high\" decoding=\"async\" width=\"1188\" height=\"242\" src=\"https:\/\/andamanscuba.com\/wp-content\/uploads\/2023\/12\/Divemaster-Khao-Lak-Similan-Curso-Buceo-Certificacion-Guia-Buceo.webp\" class=\"attachment-full size-full wp-image-28218\" alt=\"Divemaster Khao Lak Similan Curso Buceo Certificacion Guia Buceo\" srcset=\"https:\/\/andamanscuba.com\/wp-content\/uploads\/2023\/12\/Divemaster-Khao-Lak-Similan-Curso-Buceo-Certificacion-Guia-Buceo.webp 1188w, https:\/\/andamanscuba.com\/wp-content\/uploads\/2023\/12\/Divemaster-Khao-Lak-Similan-Curso-Buceo-Certificacion-Guia-Buceo-300x61.webp 300w, https:\/\/andamanscuba.com\/wp-content\/uploads\/2023\/12\/Divemaster-Khao-Lak-Similan-Curso-Buceo-Certificacion-Guia-Buceo-1024x209.webp 1024w, https:\/\/andamanscuba.com\/wp-content\/uploads\/2023\/12\/Divemaster-Khao-Lak-Similan-Curso-Buceo-Certificacion-Guia-Buceo-768x156.webp 768w\" sizes=\"(max-width: 1188px) 100vw, 1188px\" \/>\t\t\t\t\t\t\t\t\t\t\t\t\t\t\t<\/div>\n\t\t\t\t<\/div>\n\t\t\t\t<div class=\"elementor-element elementor-element-f350a3d elementor-widget elementor-widget-text-editor\" data-id=\"f350a3d\" data-element_type=\"widget\" data-widget_type=\"text-editor.default\">\n\t\t\t\t<div class=\"elementor-widget-container\">\n\t\t\t\t\t\t\t\t\t<p>\u00bfQuieres hacer del buceo tu profesi\u00f3n? \u00bfO convertir su pasi\u00f3n en una carrera?<\/p>\n<p>Nuestro curso de Divemaster en Khao Lak, Tailandia, te abre las puertas a una apasionante carrera en el mundo del submarinismo en un entorno tropical.<\/p>\n<p>Aprender\u00e1s a guiar a buzos certificados de forma segura en una gran variedad de entornos y condiciones. Establecer la seguridad, dar briefings de inmersi\u00f3n, evaluar y cartografiar puntos de inmersi\u00f3n, dirigir inmersiones y ayudar a otros instructores&#8230; \u00a1no tendr\u00e1s secretos!<\/p>\n<p>Al unirte al curso Divemaster, tendr\u00e1s la oportunidad de formarte con un equipo de experimentados instructores Ssi Cmas y Padi que te guiar\u00e1n a lo largo del camino.<\/p>\n<p>Desarrollar\u00e1s habilidades avanzadas de buceo, liderazgo y gesti\u00f3n de grupos mientras exploras los bellos lugares de buceo de Tailandia.<\/p>\n<p>Si quieres trabajar como gu\u00eda de buceo profesional o simplemente ampliar tus conocimientos, nuestro curso Divemaster en Khao Lak en nuestro centro de buceo est\u00e1 dise\u00f1ado para ofrecerte una formaci\u00f3n completa y una experiencia inolvidable.<\/p>\t\t\t\t\t\t\t\t<\/div>\n\t\t\t\t<\/div>\n\t\t\t\t<div class=\"elementor-element elementor-element-682d00f elementor-mobile-align-center elementor-button-default elementor-widget elementor-widget-button\" data-id=\"682d00f\" data-element_type=\"widget\" data-widget_type=\"button.default\">\n\t\t\t\t<div class=\"elementor-widget-container\">\n\t\t\t\t\t\t\t\t\t<div class=\"elementor-button-wrapper\">\n\t\t\t\t\t<a class=\"elementor-button elementor-button-link elementor-size-sm\" href=\"https:\/\/andamanscuba.com\/es\/contacto-reservacion-cursos-buceo-tailandia\/\">\n\t\t\t\t\t\t<span class=\"elementor-button-content-wrapper\">\n\t\t\t\t\t\t\t\t\t<span class=\"elementor-button-text\">Cont\u00e1ctanos<\/span>\n\t\t\t\t\t<\/span>\n\t\t\t\t\t<\/a>\n\t\t\t\t<\/div>\n\t\t\t\t\t\t\t\t<\/div>\n\t\t\t\t<\/div>\n\t\t\t\t\t<\/div>\n\t\t<\/div>\n\t\t\t\t<div class=\"elementor-column elementor-col-33 elementor-top-column elementor-element elementor-element-606017c\" data-id=\"606017c\" data-element_type=\"column\">\n\t\t\t<div class=\"elementor-widget-wrap elementor-element-populated\">\n\t\t\t\t\t\t<div class=\"elementor-element elementor-element-d2d3e6b elementor-widget-tablet_extra__width-initial elementor-invisible elementor-widget elementor-widget-image\" data-id=\"d2d3e6b\" data-element_type=\"widget\" data-settings=\"{&quot;_animation&quot;:&quot;bounce&quot;}\" data-widget_type=\"image.default\">\n\t\t\t\t<div class=\"elementor-widget-container\">\n\t\t\t\t\t\t\t\t\t\t\t\t\t\t\t<img decoding=\"async\" width=\"628\" height=\"560\" src=\"https:\/\/andamanscuba.com\/wp-content\/uploads\/2023\/11\/Curso-Divemaster-Khao-Lak-Buceo-Similan.webp\" class=\"attachment-full size-full wp-image-27299\" alt=\"Curso Divemaster Khao Lak Buceo Similan - Certificaci\u00f3n Gu\u00eda de Buceo SSI PADI CMAS\" srcset=\"https:\/\/andamanscuba.com\/wp-content\/uploads\/2023\/11\/Curso-Divemaster-Khao-Lak-Buceo-Similan.webp 628w, https:\/\/andamanscuba.com\/wp-content\/uploads\/2023\/11\/Curso-Divemaster-Khao-Lak-Buceo-Similan-300x268.webp 300w\" sizes=\"(max-width: 628px) 100vw, 628px\" \/>\t\t\t\t\t\t\t\t\t\t\t\t\t\t\t<\/div>\n\t\t\t\t<\/div>\n\t\t\t\t<div class=\"elementor-element elementor-element-e2620e9 elementor-widget elementor-widget-heading\" data-id=\"e2620e9\" data-element_type=\"widget\" data-widget_type=\"heading.default\">\n\t\t\t\t<div class=\"elementor-widget-container\">\n\t\t\t\t\t<h2 class=\"elementor-heading-title elementor-size-default\">Curso Divemaster Khao Lak<\/h2>\t\t\t\t<\/div>\n\t\t\t\t<\/div>\n\t\t\t\t\t<\/div>\n\t\t<\/div>\n\t\t\t\t<div class=\"elementor-column elementor-col-33 elementor-top-column elementor-element elementor-element-20221ee\" data-id=\"20221ee\" data-element_type=\"column\" data-settings=\"{&quot;background_background&quot;:&quot;classic&quot;}\">\n\t\t\t<div class=\"elementor-widget-wrap elementor-element-populated\">\n\t\t\t\t\t\t<div class=\"elementor-element elementor-element-3e451c6 elementor-widget elementor-widget-price-table\" data-id=\"3e451c6\" data-element_type=\"widget\" data-widget_type=\"price-table.default\">\n\t\t\t\t<div class=\"elementor-widget-container\">\n\t\t\t\t\t\n\t\t<div class=\"elementor-price-table\">\n\t\t\t\t\t\t\t<div class=\"elementor-price-table__header\">\n\t\t\t\t\t\t\t\t\t\t\t<h4 class=\"elementor-price-table__heading\">\n\t\t\t\t\t\tNIVEL PROFESIONAL\t\t\t\t\t\t<\/h4>\n\t\t\t\t\t\n\t\t\t\t\t\t\t\t\t<\/div>\n\t\t\t\n\t\t\t<div class=\"elementor-price-table__price\">\n\t\t\t\t\t\t\t\t\t\t\t\t\n\t\t\t\t\n\t\t\t\t\n\t\t\t\t\t\t\t\t\t<span class=\"elementor-price-table__period elementor-typo-excluded\">Convi\u00e9rtete en<\/span>\t\t\t\t\t\t\t<\/div>\n\n\t\t\t\t\t\t\t<ul class=\"elementor-price-table__features-list\">\n\t\t\t\t\t\t\t\t\t\t\t<li class=\"elementor-repeater-item-8f21a18\">\n\t\t\t\t\t\t\t<div class=\"elementor-price-table__feature-inner\">\n\t\t\t\t\t\t\t\t<i aria-hidden=\"true\" class=\"far fa-check-circle\"><\/i>\t\t\t\t\t\t\t\t\t\t\t\t\t\t\t\t\t<span >\n\t\t\t\t\t\t\t\t\t\tGu\u00eda de Buceo\t\t\t\t\t\t\t\t\t<\/span>\n\t\t\t\t\t\t\t\t\t\t\t\t\t\t\t\t<\/div>\n\t\t\t\t\t\t<\/li>\n\t\t\t\t\t\t\t\t\t\t\t<li class=\"elementor-repeater-item-604ebb2\">\n\t\t\t\t\t\t\t<div class=\"elementor-price-table__feature-inner\">\n\t\t\t\t\t\t\t\t<i aria-hidden=\"true\" class=\"far fa-check-circle\"><\/i>\t\t\t\t\t\t\t\t\t\t\t\t\t\t\t\t\t<span >\n\t\t\t\t\t\t\t\t\t\tDivemaster\t\t\t\t\t\t\t\t\t<\/span>\n\t\t\t\t\t\t\t\t\t\t\t\t\t\t\t\t<\/div>\n\t\t\t\t\t\t<\/li>\n\t\t\t\t\t\t\t\t\t\t\t<li class=\"elementor-repeater-item-b3a8d4c\">\n\t\t\t\t\t\t\t<div class=\"elementor-price-table__feature-inner\">\n\t\t\t\t\t\t\t\t<i aria-hidden=\"true\" class=\"far fa-check-circle\"><\/i>\t\t\t\t\t\t\t\t\t\t\t\t\t\t\t\t\t<span >\n\t\t\t\t\t\t\t\t\t\tDive Leader\t\t\t\t\t\t\t\t\t<\/span>\n\t\t\t\t\t\t\t\t\t\t\t\t\t\t\t\t<\/div>\n\t\t\t\t\t\t<\/li>\n\t\t\t\t\t\t\t\t\t\t\t<li class=\"elementor-repeater-item-c2008b2\">\n\t\t\t\t\t\t\t<div class=\"elementor-price-table__feature-inner\">\n\t\t\t\t\t\t\t\t\t\t\t\t\t\t\t\t\t\t\t\t\t\t\t\t\t<span >\n\t\t\t\t\t\t\t\t\t\tDependiendo de tu nivel y experiencia en buceo, nuestro curso de Divemaster se adapta a una duraci\u00f3n flexible, que va desde 2 semanas hasta 3 meses.<br><br>Durante esta formaci\u00f3n integral, nuestro equipo de instructores te acompa\u00f1ar\u00e1 en tu camino para convertirte en un gu\u00eda de buceo profesional, transmiti\u00e9ndote conocimientos profundos y una experiencia inigualable obtenida en nuestras excursiones diarias y cruceros de buceo.<br><br>Desarrollar\u00e1s las habilidades necesarias para liderar inmersiones de manera segura y guiar a buceadores a trav\u00e9s de sitios submarinos extraordinarios. \u00a1Bienvenido al mundo del buceo!\t\t\t\t\t\t\t\t\t<\/span>\n\t\t\t\t\t\t\t\t\t\t\t\t\t\t\t\t<\/div>\n\t\t\t\t\t\t<\/li>\n\t\t\t\t\t\t\t\t\t<\/ul>\n\t\t\t\n\t\t\t\t\t\t\t<div class=\"elementor-price-table__footer\">\n\t\t\t\t\t\t\t\t\t\t\t<a class=\"elementor-price-table__button elementor-button elementor-size-md\" href=\"https:\/\/andamanscuba.com\/es\/contacto-reservacion-cursos-buceo-tailandia\/\">\n\t\t\t\t\t\t\tCont\u00e1ctanos\t\t\t\t\t\t<\/a>\n\t\t\t\t\t\n\t\t\t\t\t\t\t\t\t<\/div>\n\t\t\t\t\t<\/div>\n\n\t\t\t\t\t\t<\/div>\n\t\t\t\t<\/div>\n\t\t\t\t\t<\/div>\n\t\t<\/div>\n\t\t\t\t\t<\/div>\n\t\t<\/section>\n\t\t\t\t<\/div>\n\t\t","protected":false},"excerpt":{"rendered":"<p>Curso Divemaster en Khao Lak Convertirse en gu\u00eda de buceo profesional \u00bfQuieres hacer del buceo tu profesi\u00f3n? \u00bfO convertir su pasi\u00f3n en una carrera? Nuestro curso de Divemaster en Khao Lak, Tailandia, te abre las puertas a una apasionante carrera en el mundo del submarinismo en un entorno tropical. Aprender\u00e1s a guiar a buzos certificados [&hellip;]<\/p>\n","protected":false},"author":1,"featured_media":22959,"parent":0,"menu_order":0,"comment_status":"closed","ping_status":"closed","template":"template-homepage.php","meta":{"inline_featured_image":false,"footnotes":""},"class_list":["post-18929","page","type-page","status-publish","has-post-thumbnail","hentry"],"yoast_head":"<!-- This site is optimized with the Yoast SEO Premium plugin v23.3 (Yoast SEO v26.6) - https:\/\/yoast.com\/wordpress\/plugins\/seo\/ -->\n<title>Curso Divemaster Khao Lak - El primer nivel profesional<\/title>\n<meta name=\"description\" content=\"Convi\u00e9rtase en gu\u00eda de buceo y obtenga su primera certificaci\u00f3n profesional con nuestro curso Divemaster en Khao Lak, Tailandia\" \/>\n<meta name=\"robots\" content=\"index, follow, max-snippet:-1, max-image-preview:large, max-video-preview:-1\" \/>\n<link rel=\"canonical\" href=\"https:\/\/andamanscuba.com\/cours-divemaster-khao-lak\/\" \/>\n<meta property=\"og:locale\" content=\"es_ES\" \/>\n<meta property=\"og:type\" content=\"article\" \/>\n<meta property=\"og:title\" content=\"Curso de Buceo Divemaster Dive Leader Gu\u00eda de Buceo Certificaci\u00f3n Profesional en Khao Lak y Islas Similan Tailandia - SSI PADI CMAS\" \/>\n<meta property=\"og:description\" content=\"Convi\u00e9rtase en gu\u00eda de buceo y obtenga su primera certificaci\u00f3n profesional con nuestro curso Divemaster en Khao Lak, Tailandia\" \/>\n<meta property=\"og:url\" content=\"https:\/\/andamanscuba.com\/cours-divemaster-khao-lak\/\" \/>\n<meta property=\"og:site_name\" content=\"Andaman Scuba\" \/>\n<meta property=\"article:publisher\" content=\"https:\/\/www.facebook.com\/andaman.scuba\" \/>\n<meta property=\"article:modified_time\" content=\"2023-12-04T13:01:16+00:00\" \/>\n<meta property=\"og:image\" content=\"https:\/\/andamanscuba.com\/wp-content\/uploads\/2023\/09\/Centre-Plongee-Khao-Lak.jpg\" \/>\n\t<meta property=\"og:image:width\" content=\"1080\" \/>\n\t<meta property=\"og:image:height\" content=\"720\" \/>\n\t<meta property=\"og:image:type\" content=\"image\/jpeg\" \/>\n<meta name=\"twitter:card\" content=\"summary_large_image\" \/>\n<meta name=\"twitter:label1\" content=\"Tiempo de lectura\" \/>\n\t<meta name=\"twitter:data1\" content=\"2 minutos\" \/>\n<script type=\"application\/ld+json\" class=\"yoast-schema-graph\">{\"@context\":\"https:\/\/schema.org\",\"@graph\":[{\"@type\":\"WebPage\",\"@id\":\"https:\/\/andamanscuba.com\/cours-divemaster-khao-lak\/\",\"url\":\"https:\/\/andamanscuba.com\/cours-divemaster-khao-lak\/\",\"name\":\"Curso Divemaster Khao Lak - El primer nivel profesional\",\"isPartOf\":{\"@id\":\"https:\/\/andamanscuba.com\/es\/#website\"},\"primaryImageOfPage\":{\"@id\":\"https:\/\/andamanscuba.com\/cours-divemaster-khao-lak\/#primaryimage\"},\"image\":{\"@id\":\"https:\/\/andamanscuba.com\/cours-divemaster-khao-lak\/#primaryimage\"},\"thumbnailUrl\":\"https:\/\/andamanscuba.com\/wp-content\/uploads\/2023\/09\/Centre-Plongee-Khao-Lak.jpg\",\"datePublished\":\"2023-07-02T13:06:36+00:00\",\"dateModified\":\"2023-12-04T13:01:16+00:00\",\"description\":\"Convi\u00e9rtase en gu\u00eda de buceo y obtenga su primera certificaci\u00f3n profesional con nuestro curso Divemaster en Khao Lak, Tailandia\",\"breadcrumb\":{\"@id\":\"https:\/\/andamanscuba.com\/cours-divemaster-khao-lak\/#breadcrumb\"},\"inLanguage\":\"es\",\"potentialAction\":[{\"@type\":\"ReadAction\",\"target\":[\"https:\/\/andamanscuba.com\/cours-divemaster-khao-lak\/\"]}]},{\"@type\":\"ImageObject\",\"inLanguage\":\"es\",\"@id\":\"https:\/\/andamanscuba.com\/cours-divemaster-khao-lak\/#primaryimage\",\"url\":\"https:\/\/andamanscuba.com\/wp-content\/uploads\/2023\/09\/Centre-Plongee-Khao-Lak.jpg\",\"contentUrl\":\"https:\/\/andamanscuba.com\/wp-content\/uploads\/2023\/09\/Centre-Plongee-Khao-Lak.jpg\",\"width\":1080,\"height\":720,\"caption\":\"Centre Plonge\u0301e Khao Lak - Tous nos cours de plong\u00e9e du Bapt\u00eame, \u00e0 l'Open Water, \u00e0 la Certification Divemaster\"},{\"@type\":\"BreadcrumbList\",\"@id\":\"https:\/\/andamanscuba.com\/cours-divemaster-khao-lak\/#breadcrumb\",\"itemListElement\":[{\"@type\":\"ListItem\",\"position\":1,\"name\":\"Home\",\"item\":\"https:\/\/andamanscuba.com\/sv\/\"},{\"@type\":\"ListItem\",\"position\":2,\"name\":\"Curso de Buceo Divemaster Dive Leader Gu\u00eda de Buceo Certificaci\u00f3n Profesional en Khao Lak y Islas Similan Tailandia &#8211; SSI PADI CMAS\"}]},{\"@type\":\"WebSite\",\"@id\":\"https:\/\/andamanscuba.com\/es\/#website\",\"url\":\"https:\/\/andamanscuba.com\/es\/\",\"name\":\"Andaman Scuba\",\"description\":\"Centre de plong\u00e9e et croisi\u00e8res en Tha\u00eflande\",\"publisher\":{\"@id\":\"https:\/\/andamanscuba.com\/es\/#organization\"},\"potentialAction\":[{\"@type\":\"SearchAction\",\"target\":{\"@type\":\"EntryPoint\",\"urlTemplate\":\"https:\/\/andamanscuba.com\/es\/?s={search_term_string}\"},\"query-input\":{\"@type\":\"PropertyValueSpecification\",\"valueRequired\":true,\"valueName\":\"search_term_string\"}}],\"inLanguage\":\"es\"},{\"@type\":\"Organization\",\"@id\":\"https:\/\/andamanscuba.com\/es\/#organization\",\"name\":\"Andaman Scuba\",\"url\":\"https:\/\/andamanscuba.com\/es\/\",\"logo\":{\"@type\":\"ImageObject\",\"inLanguage\":\"es\",\"@id\":\"https:\/\/andamanscuba.com\/es\/#\/schema\/logo\/image\/\",\"url\":\"https:\/\/andamanscuba.com\/wp-content\/uploads\/2023\/06\/logo-andaman-scuba-plongee-thailande.png\",\"contentUrl\":\"https:\/\/andamanscuba.com\/wp-content\/uploads\/2023\/06\/logo-andaman-scuba-plongee-thailande.png\",\"width\":1148,\"height\":602,\"caption\":\"Andaman Scuba\"},\"image\":{\"@id\":\"https:\/\/andamanscuba.com\/es\/#\/schema\/logo\/image\/\"},\"sameAs\":[\"https:\/\/www.facebook.com\/andaman.scuba\"]}]}<\/script>\n<!-- \/ Yoast SEO Premium plugin. -->","yoast_head_json":{"title":"Curso Divemaster Khao Lak - El primer nivel profesional","description":"Convi\u00e9rtase en gu\u00eda de buceo y obtenga su primera certificaci\u00f3n profesional con nuestro curso Divemaster en Khao Lak, Tailandia","robots":{"index":"index","follow":"follow","max-snippet":"max-snippet:-1","max-image-preview":"max-image-preview:large","max-video-preview":"max-video-preview:-1"},"canonical":"https:\/\/andamanscuba.com\/cours-divemaster-khao-lak\/","og_locale":"es_ES","og_type":"article","og_title":"Curso de Buceo Divemaster Dive Leader Gu\u00eda de Buceo Certificaci\u00f3n Profesional en Khao Lak y Islas Similan Tailandia - SSI PADI CMAS","og_description":"Convi\u00e9rtase en gu\u00eda de buceo y obtenga su primera certificaci\u00f3n profesional con nuestro curso Divemaster en Khao Lak, Tailandia","og_url":"https:\/\/andamanscuba.com\/cours-divemaster-khao-lak\/","og_site_name":"Andaman Scuba","article_publisher":"https:\/\/www.facebook.com\/andaman.scuba","article_modified_time":"2023-12-04T13:01:16+00:00","og_image":[{"width":1080,"height":720,"url":"https:\/\/andamanscuba.com\/wp-content\/uploads\/2023\/09\/Centre-Plongee-Khao-Lak.jpg","type":"image\/jpeg"}],"twitter_card":"summary_large_image","twitter_misc":{"Tiempo de lectura":"2 minutos"},"schema":{"@context":"https:\/\/schema.org","@graph":[{"@type":"WebPage","@id":"https:\/\/andamanscuba.com\/cours-divemaster-khao-lak\/","url":"https:\/\/andamanscuba.com\/cours-divemaster-khao-lak\/","name":"Curso Divemaster Khao Lak - El primer nivel profesional","isPartOf":{"@id":"https:\/\/andamanscuba.com\/es\/#website"},"primaryImageOfPage":{"@id":"https:\/\/andamanscuba.com\/cours-divemaster-khao-lak\/#primaryimage"},"image":{"@id":"https:\/\/andamanscuba.com\/cours-divemaster-khao-lak\/#primaryimage"},"thumbnailUrl":"https:\/\/andamanscuba.com\/wp-content\/uploads\/2023\/09\/Centre-Plongee-Khao-Lak.jpg","datePublished":"2023-07-02T13:06:36+00:00","dateModified":"2023-12-04T13:01:16+00:00","description":"Convi\u00e9rtase en gu\u00eda de buceo y obtenga su primera certificaci\u00f3n profesional con nuestro curso Divemaster en Khao Lak, Tailandia","breadcrumb":{"@id":"https:\/\/andamanscuba.com\/cours-divemaster-khao-lak\/#breadcrumb"},"inLanguage":"es","potentialAction":[{"@type":"ReadAction","target":["https:\/\/andamanscuba.com\/cours-divemaster-khao-lak\/"]}]},{"@type":"ImageObject","inLanguage":"es","@id":"https:\/\/andamanscuba.com\/cours-divemaster-khao-lak\/#primaryimage","url":"https:\/\/andamanscuba.com\/wp-content\/uploads\/2023\/09\/Centre-Plongee-Khao-Lak.jpg","contentUrl":"https:\/\/andamanscuba.com\/wp-content\/uploads\/2023\/09\/Centre-Plongee-Khao-Lak.jpg","width":1080,"height":720,"caption":"Centre Plonge\u0301e Khao Lak - Tous nos cours de plong\u00e9e du Bapt\u00eame, \u00e0 l'Open Water, \u00e0 la Certification Divemaster"},{"@type":"BreadcrumbList","@id":"https:\/\/andamanscuba.com\/cours-divemaster-khao-lak\/#breadcrumb","itemListElement":[{"@type":"ListItem","position":1,"name":"Home","item":"https:\/\/andamanscuba.com\/sv\/"},{"@type":"ListItem","position":2,"name":"Curso de Buceo Divemaster Dive Leader Gu\u00eda de Buceo Certificaci\u00f3n Profesional en Khao Lak y Islas Similan Tailandia &#8211; SSI PADI CMAS"}]},{"@type":"WebSite","@id":"https:\/\/andamanscuba.com\/es\/#website","url":"https:\/\/andamanscuba.com\/es\/","name":"Andaman Scuba","description":"Centre de plong\u00e9e et croisi\u00e8res en Tha\u00eflande","publisher":{"@id":"https:\/\/andamanscuba.com\/es\/#organization"},"potentialAction":[{"@type":"SearchAction","target":{"@type":"EntryPoint","urlTemplate":"https:\/\/andamanscuba.com\/es\/?s={search_term_string}"},"query-input":{"@type":"PropertyValueSpecification","valueRequired":true,"valueName":"search_term_string"}}],"inLanguage":"es"},{"@type":"Organization","@id":"https:\/\/andamanscuba.com\/es\/#organization","name":"Andaman Scuba","url":"https:\/\/andamanscuba.com\/es\/","logo":{"@type":"ImageObject","inLanguage":"es","@id":"https:\/\/andamanscuba.com\/es\/#\/schema\/logo\/image\/","url":"https:\/\/andamanscuba.com\/wp-content\/uploads\/2023\/06\/logo-andaman-scuba-plongee-thailande.png","contentUrl":"https:\/\/andamanscuba.com\/wp-content\/uploads\/2023\/06\/logo-andaman-scuba-plongee-thailande.png","width":1148,"height":602,"caption":"Andaman Scuba"},"image":{"@id":"https:\/\/andamanscuba.com\/es\/#\/schema\/logo\/image\/"},"sameAs":["https:\/\/www.facebook.com\/andaman.scuba"]}]}},"_links":{"self":[{"href":"https:\/\/andamanscuba.com\/es\/wp-json\/wp\/v2\/pages\/18929","targetHints":{"allow":["GET"]}}],"collection":[{"href":"https:\/\/andamanscuba.com\/es\/wp-json\/wp\/v2\/pages"}],"about":[{"href":"https:\/\/andamanscuba.com\/es\/wp-json\/wp\/v2\/types\/page"}],"author":[{"embeddable":true,"href":"https:\/\/andamanscuba.com\/es\/wp-json\/wp\/v2\/users\/1"}],"replies":[{"embeddable":true,"href":"https:\/\/andamanscuba.com\/es\/wp-json\/wp\/v2\/comments?post=18929"}],"version-history":[{"count":37,"href":"https:\/\/andamanscuba.com\/es\/wp-json\/wp\/v2\/pages\/18929\/revisions"}],"predecessor-version":[{"id":28223,"href":"https:\/\/andamanscuba.com\/es\/wp-json\/wp\/v2\/pages\/18929\/revisions\/28223"}],"wp:featuredmedia":[{"embeddable":true,"href":"https:\/\/andamanscuba.com\/es\/wp-json\/wp\/v2\/media\/22959"}],"wp:attachment":[{"href":"https:\/\/andamanscuba.com\/es\/wp-json\/wp\/v2\/media?parent=18929"}],"curies":[{"name":"wp","href":"https:\/\/api.w.org\/{rel}","templated":true}]}}