{"id":18927,"date":"2023-07-02T13:24:15","date_gmt":"2023-07-02T13:24:15","guid":{"rendered":"https:\/\/andamanscuba.com\/cours-plongee-profonde-khao-lak-phuket-ssi-padi-cmas\/"},"modified":"2025-11-07T15:17:20","modified_gmt":"2025-11-07T15:17:20","slug":"curso-buceo-profundo-khao-lak-ssi-cmas-padi","status":"publish","type":"page","link":"https:\/\/andamanscuba.com\/es\/curso-buceo-profundo-khao-lak-ssi-cmas-padi\/","title":{"rendered":"Curso de Buceo Profundo Deep Diver Certificaci\u00f3n en Khao Lak y Islas Similan Tailandia &#8211; SSI PADI CMAS"},"content":{"rendered":"\t\t<div data-elementor-type=\"wp-page\" data-elementor-id=\"18927\" class=\"elementor elementor-18927 elementor-14332\" data-elementor-settings=\"{&quot;ha_cmc_init_switcher&quot;:&quot;no&quot;}\" data-elementor-post-type=\"page\">\n\t\t\t\t\t\t<section class=\"elementor-section elementor-top-section elementor-element elementor-element-75b2d2b elementor-section-stretched elementor-section-boxed elementor-section-height-default elementor-section-height-default\" data-id=\"75b2d2b\" data-element_type=\"section\" data-settings=\"{&quot;background_background&quot;:&quot;classic&quot;,&quot;stretch_section&quot;:&quot;section-stretched&quot;}\">\n\t\t\t\t\t\t<div class=\"elementor-container elementor-column-gap-default\">\n\t\t\t\t\t<div class=\"elementor-column elementor-col-50 elementor-top-column elementor-element elementor-element-2908711\" data-id=\"2908711\" data-element_type=\"column\" data-settings=\"{&quot;background_background&quot;:&quot;classic&quot;}\">\n\t\t\t<div class=\"elementor-widget-wrap elementor-element-populated\">\n\t\t\t\t\t\t<div class=\"elementor-element elementor-element-4dbf1ca elementor-mobile-align-center elementor-align-left subtitle-position-below elementor-widget elementor-widget-floaty-heading\" data-id=\"4dbf1ca\" data-element_type=\"widget\" data-widget_type=\"floaty-heading.default\">\n\t\t\t\t<div class=\"elementor-widget-container\">\n\t\t\t\t\t        <div class=\"elementor-heading-wrapper-inner\"><div class=\"elementor-sub-title\">Curso de Buceo Profundo <br>en Khao Lak<\/div><h2 class=\"elementor-heading-title\">La aventura de las profundidades<\/h2><\/div>\t\t\t\t<\/div>\n\t\t\t\t<\/div>\n\t\t\t\t<div class=\"elementor-element elementor-element-4e2ab35 elementor-invisible elementor-widget elementor-widget-image\" data-id=\"4e2ab35\" data-element_type=\"widget\" data-settings=\"{&quot;_animation&quot;:&quot;bounce&quot;}\" data-widget_type=\"image.default\">\n\t\t\t\t<div class=\"elementor-widget-container\">\n\t\t\t\t\t\t\t\t\t\t\t\t\t\t\t<img fetchpriority=\"high\" decoding=\"async\" width=\"1188\" height=\"242\" src=\"https:\/\/andamanscuba.com\/wp-content\/uploads\/2023\/12\/Buceo-Profundo-Khao-Lak-Similan-Curso-Buceo.webp\" class=\"attachment-full size-full wp-image-28157\" alt=\"Buceo Profundo Khao Lak Similan Curso Buceo Vida a Bordo\" srcset=\"https:\/\/andamanscuba.com\/wp-content\/uploads\/2023\/12\/Buceo-Profundo-Khao-Lak-Similan-Curso-Buceo.webp 1188w, https:\/\/andamanscuba.com\/wp-content\/uploads\/2023\/12\/Buceo-Profundo-Khao-Lak-Similan-Curso-Buceo-300x61.webp 300w, https:\/\/andamanscuba.com\/wp-content\/uploads\/2023\/12\/Buceo-Profundo-Khao-Lak-Similan-Curso-Buceo-1024x209.webp 1024w, https:\/\/andamanscuba.com\/wp-content\/uploads\/2023\/12\/Buceo-Profundo-Khao-Lak-Similan-Curso-Buceo-768x156.webp 768w\" sizes=\"(max-width: 1188px) 100vw, 1188px\" \/>\t\t\t\t\t\t\t\t\t\t\t\t\t\t\t<\/div>\n\t\t\t\t<\/div>\n\t\t\t\t<div class=\"elementor-element elementor-element-f350a3d elementor-widget elementor-widget-text-editor\" data-id=\"f350a3d\" data-element_type=\"widget\" data-widget_type=\"text-editor.default\">\n\t\t\t\t<div class=\"elementor-widget-container\">\n\t\t\t\t\t\t\t\t\t<p>Avent\u00farate en las profundidades con total seguridad y confianza con nuestro curso de buceo profundo y nuestros instructores certificados Ssi Cmas o Padi en Khao Lak.<\/p>\n<p>La especialidad de Buceo Profundo te ense\u00f1ar\u00e1 todo lo necesario para bucear a profundidades de entre 18 y 40 metros.<\/p>\n<p>Nuestros instructores certificados Ssi Cmas Padi te ense\u00f1ar\u00e1n las t\u00e9cnicas y protocolos necesarios para perfeccionar tus habilidades de buceo profundo, ya sea en el mar cerca de Khao Lak, o en uno de nuestros cruceros de buceo.<\/p>\n<p>A trav\u00e9s de una mezcla de sesiones te\u00f3ricas e inmersiones en aguas abiertas, aprender\u00e1s a planificar y ejecutar con seguridad tus aventuras de buceo profundo.<\/p>\n<p>Aproveche la oportunidad de este curso de buceo profundo en Khao Lak, Tailandia, que le permitir\u00e1 descubrir incre\u00edbles puntos de inmersi\u00f3n y admirar una vida marina excepcional en pleno mar de Andam\u00e1n.<\/p>\t\t\t\t\t\t\t\t<\/div>\n\t\t\t\t<\/div>\n\t\t\t\t<div class=\"elementor-element elementor-element-682d00f elementor-align-center elementor-button-default elementor-widget elementor-widget-button\" data-id=\"682d00f\" data-element_type=\"widget\" data-widget_type=\"button.default\">\n\t\t\t\t<div class=\"elementor-widget-container\">\n\t\t\t\t\t\t\t\t\t<div class=\"elementor-button-wrapper\">\n\t\t\t\t\t<a class=\"elementor-button elementor-button-link elementor-size-sm\" href=\"https:\/\/andamanscuba.com\/es\/contacto-reservacion-cursos-buceo-tailandia\/\">\n\t\t\t\t\t\t<span class=\"elementor-button-content-wrapper\">\n\t\t\t\t\t\t\t\t\t<span class=\"elementor-button-text\">Cont\u00e1ctanos<\/span>\n\t\t\t\t\t<\/span>\n\t\t\t\t\t<\/a>\n\t\t\t\t<\/div>\n\t\t\t\t\t\t\t\t<\/div>\n\t\t\t\t<\/div>\n\t\t\t\t<div class=\"elementor-element elementor-element-8f22267 elementor-widget elementor-widget-heading\" data-id=\"8f22267\" data-element_type=\"widget\" data-widget_type=\"heading.default\">\n\t\t\t\t<div class=\"elementor-widget-container\">\n\t\t\t\t\t<h3 class=\"elementor-heading-title elementor-size-default\">Curso Buceo Profundo Khao Lak<\/h3>\t\t\t\t<\/div>\n\t\t\t\t<\/div>\n\t\t\t\t\t<\/div>\n\t\t<\/div>\n\t\t\t\t<div class=\"elementor-column elementor-col-50 elementor-top-column elementor-element elementor-element-2bbdf2c\" data-id=\"2bbdf2c\" data-element_type=\"column\">\n\t\t\t<div class=\"elementor-widget-wrap elementor-element-populated\">\n\t\t\t\t\t\t<div class=\"elementor-element elementor-element-8ccca33 elementor-invisible elementor-widget elementor-widget-image\" data-id=\"8ccca33\" data-element_type=\"widget\" data-settings=\"{&quot;_animation&quot;:&quot;bounce&quot;}\" data-widget_type=\"image.default\">\n\t\t\t\t<div class=\"elementor-widget-container\">\n\t\t\t\t\t\t\t\t\t\t\t\t\t\t\t<img decoding=\"async\" width=\"639\" height=\"710\" src=\"https:\/\/andamanscuba.com\/wp-content\/uploads\/2023\/11\/Curso-Buceo-Profundo-Khao-Lak.webp\" class=\"attachment-full size-full wp-image-27234\" alt=\"Curso Buceo Profundo Khao Lak CMAS SSI PADI - Bucear Islas Similan Vida a Bordo\" srcset=\"https:\/\/andamanscuba.com\/wp-content\/uploads\/2023\/11\/Curso-Buceo-Profundo-Khao-Lak.webp 639w, https:\/\/andamanscuba.com\/wp-content\/uploads\/2023\/11\/Curso-Buceo-Profundo-Khao-Lak-270x300.webp 270w\" sizes=\"(max-width: 639px) 100vw, 639px\" \/>\t\t\t\t\t\t\t\t\t\t\t\t\t\t\t<\/div>\n\t\t\t\t<\/div>\n\t\t\t\t\t<\/div>\n\t\t<\/div>\n\t\t\t\t\t<\/div>\n\t\t<\/section>\n\t\t\t\t<section class=\"elementor-section elementor-top-section elementor-element elementor-element-5a52c8e elementor-section-boxed elementor-section-height-default elementor-section-height-default\" data-id=\"5a52c8e\" data-element_type=\"section\">\n\t\t\t\t\t\t<div class=\"elementor-container elementor-column-gap-default\">\n\t\t\t\t\t<div class=\"elementor-column elementor-col-50 elementor-top-column elementor-element elementor-element-1c4bb05 elementor-invisible\" data-id=\"1c4bb05\" data-element_type=\"column\" data-settings=\"{&quot;animation&quot;:&quot;slideInUp&quot;}\">\n\t\t\t<div class=\"elementor-widget-wrap elementor-element-populated\">\n\t\t\t\t\t\t<div class=\"elementor-element elementor-element-d3c37fb elementor-widget elementor-widget-price-table\" data-id=\"d3c37fb\" data-element_type=\"widget\" data-widget_type=\"price-table.default\">\n\t\t\t\t<div class=\"elementor-widget-container\">\n\t\t\t\t\t\n\t\t<div class=\"elementor-price-table\">\n\t\t\t\t\t\t\t<div class=\"elementor-price-table__header\">\n\t\t\t\t\t\t\t\t\t\t\t<h4 class=\"elementor-price-table__heading\">\n\t\t\t\t\t\tMODULO AVENTURA <br>BUCEO PROFUNDO\t\t\t\t\t\t<\/h4>\n\t\t\t\t\t\n\t\t\t\t\t\t\t\t\t<\/div>\n\t\t\t\n\t\t\t<div class=\"elementor-price-table__price\">\n\t\t\t\t\t\t\t\t<span class=\"elementor-price-table__currency\">&#128;<\/span>\t\t\t\t\t\t\t\t\t<span class=\"elementor-price-table__integer-part\">\n\t\t\t\t\t\t50\t\t\t\t\t<\/span>\n\t\t\t\t\n\t\t\t\t\n\t\t\t\t\n\t\t\t\t\t\t\t\t\t<span class=\"elementor-price-table__period elementor-typo-excluded\">1 Inmersi\u00f3n<\/span>\t\t\t\t\t\t\t<\/div>\n\n\t\t\t\t\t\t\t<ul class=\"elementor-price-table__features-list\">\n\t\t\t\t\t\t\t\t\t\t\t<li class=\"elementor-repeater-item-604ebb2\">\n\t\t\t\t\t\t\t<div class=\"elementor-price-table__feature-inner\">\n\t\t\t\t\t\t\t\t<i aria-hidden=\"true\" class=\"far fa-check-circle\"><\/i>\t\t\t\t\t\t\t\t\t\t\t\t\t\t\t\t\t<span >\n\t\t\t\t\t\t\t\t\t\tN\u00edvel 1 \/ Open Water\t\t\t\t\t\t\t\t\t<\/span>\n\t\t\t\t\t\t\t\t\t\t\t\t\t\t\t\t<\/div>\n\t\t\t\t\t\t<\/li>\n\t\t\t\t\t\t\t\t\t\t\t<li class=\"elementor-repeater-item-b3a8d4c\">\n\t\t\t\t\t\t\t<div class=\"elementor-price-table__feature-inner\">\n\t\t\t\t\t\t\t\t<i aria-hidden=\"true\" class=\"far fa-check-circle\"><\/i>\t\t\t\t\t\t\t\t\t\t\t\t\t\t\t\t\t<span >\n\t\t\t\t\t\t\t\t\t\t2h teor\u00eda\t\t\t\t\t\t\t\t\t<\/span>\n\t\t\t\t\t\t\t\t\t\t\t\t\t\t\t\t<\/div>\n\t\t\t\t\t\t<\/li>\n\t\t\t\t\t\t\t\t\t\t\t<li class=\"elementor-repeater-item-e0ec13c\">\n\t\t\t\t\t\t\t<div class=\"elementor-price-table__feature-inner\">\n\t\t\t\t\t\t\t\t<i aria-hidden=\"true\" class=\"far fa-check-circle\"><\/i>\t\t\t\t\t\t\t\t\t\t\t\t\t\t\t\t\t<span >\n\t\t\t\t\t\t\t\t\t\t1 inmersi\u00f3n de aprendizaje\t\t\t\t\t\t\t\t\t<\/span>\n\t\t\t\t\t\t\t\t\t\t\t\t\t\t\t\t<\/div>\n\t\t\t\t\t\t<\/li>\n\t\t\t\t\t\t\t\t\t\t\t<li class=\"elementor-repeater-item-720fdd9\">\n\t\t\t\t\t\t\t<div class=\"elementor-price-table__feature-inner\">\n\t\t\t\t\t\t\t\t<i aria-hidden=\"true\" class=\"far fa-check-circle\"><\/i>\t\t\t\t\t\t\t\t\t\t\t\t\t\t\t\t\t<span >\n\t\t\t\t\t\t\t\t\t\tTarjeta de reconocimiento\t\t\t\t\t\t\t\t\t<\/span>\n\t\t\t\t\t\t\t\t\t\t\t\t\t\t\t\t<\/div>\n\t\t\t\t\t\t<\/li>\n\t\t\t\t\t\t\t\t\t<\/ul>\n\t\t\t\n\t\t\t\t\t\t\t<div class=\"elementor-price-table__footer\">\n\t\t\t\t\t\t\t\t\t\t\t<a class=\"elementor-price-table__button elementor-button elementor-size-md\" href=\"https:\/\/andamanscuba.com\/es\/contacto-reservacion-cursos-buceo-tailandia\/\">\n\t\t\t\t\t\t\tReservar tu<br>Curso\t\t\t\t\t\t<\/a>\n\t\t\t\t\t\n\t\t\t\t\t\t\t\t\t\t\t<div class=\"elementor-price-table__additional_info\">\n\t\t\t\t\t\t\tCurso para tomar durante una salida de un d\u00eda o durante un crucero de buceo\t\t\t\t\t\t<\/div>\n\t\t\t\t\t\t\t\t\t<\/div>\n\t\t\t\t\t<\/div>\n\n\t\t\t\t\t\t<\/div>\n\t\t\t\t<\/div>\n\t\t\t\t\t<\/div>\n\t\t<\/div>\n\t\t\t\t<div class=\"elementor-column elementor-col-50 elementor-top-column elementor-element elementor-element-5d62003 elementor-invisible\" data-id=\"5d62003\" data-element_type=\"column\" data-settings=\"{&quot;animation&quot;:&quot;slideInUp&quot;}\">\n\t\t\t<div class=\"elementor-widget-wrap elementor-element-populated\">\n\t\t\t\t\t\t<div class=\"elementor-element elementor-element-91e48f4 elementor-widget elementor-widget-price-table\" data-id=\"91e48f4\" data-element_type=\"widget\" data-widget_type=\"price-table.default\">\n\t\t\t\t<div class=\"elementor-widget-container\">\n\t\t\t\t\t\n\t\t<div class=\"elementor-price-table\">\n\t\t\t\t\t\t\t<div class=\"elementor-price-table__header\">\n\t\t\t\t\t\t\t\t\t\t\t<h4 class=\"elementor-price-table__heading\">\n\t\t\t\t\t\tCURSO AVENTURA <br>BUCEO PROFUNDO\t\t\t\t\t\t<\/h4>\n\t\t\t\t\t\n\t\t\t\t\t\t\t\t\t<\/div>\n\t\t\t\n\t\t\t<div class=\"elementor-price-table__price\">\n\t\t\t\t\t\t\t\t<span class=\"elementor-price-table__currency\">&#128;<\/span>\t\t\t\t\t\t\t\t\t<span class=\"elementor-price-table__integer-part\">\n\t\t\t\t\t\t195\t\t\t\t\t<\/span>\n\t\t\t\t\n\t\t\t\t\n\t\t\t\t\n\t\t\t\t\t\t\t\t\t<span class=\"elementor-price-table__period elementor-typo-excluded\">3 Inmersiones<\/span>\t\t\t\t\t\t\t<\/div>\n\n\t\t\t\t\t\t\t<ul class=\"elementor-price-table__features-list\">\n\t\t\t\t\t\t\t\t\t\t\t<li class=\"elementor-repeater-item-8f21a18\">\n\t\t\t\t\t\t\t<div class=\"elementor-price-table__feature-inner\">\n\t\t\t\t\t\t\t\t<i aria-hidden=\"true\" class=\"far fa-check-circle\"><\/i>\t\t\t\t\t\t\t\t\t\t\t\t\t\t\t\t\t<span >\n\t\t\t\t\t\t\t\t\t\tCurso te\u00f3rico en l\u00ednea\t\t\t\t\t\t\t\t\t<\/span>\n\t\t\t\t\t\t\t\t\t\t\t\t\t\t\t\t<\/div>\n\t\t\t\t\t\t<\/li>\n\t\t\t\t\t\t\t\t\t\t\t<li class=\"elementor-repeater-item-44e361f\">\n\t\t\t\t\t\t\t<div class=\"elementor-price-table__feature-inner\">\n\t\t\t\t\t\t\t\t<i aria-hidden=\"true\" class=\"far fa-check-circle\"><\/i>\t\t\t\t\t\t\t\t\t\t\t\t\t\t\t\t\t<span >\n\t\t\t\t\t\t\t\t\t\tEquipamiento individual\t\t\t\t\t\t\t\t\t<\/span>\n\t\t\t\t\t\t\t\t\t\t\t\t\t\t\t\t<\/div>\n\t\t\t\t\t\t<\/li>\n\t\t\t\t\t\t\t\t\t\t\t<li class=\"elementor-repeater-item-604ebb2\">\n\t\t\t\t\t\t\t<div class=\"elementor-price-table__feature-inner\">\n\t\t\t\t\t\t\t\t<i aria-hidden=\"true\" class=\"far fa-check-circle\"><\/i>\t\t\t\t\t\t\t\t\t\t\t\t\t\t\t\t\t<span >\n\t\t\t\t\t\t\t\t\t\tInstrucci\u00f3n te\u00f3rica y pr\u00e1ctica\t\t\t\t\t\t\t\t\t<\/span>\n\t\t\t\t\t\t\t\t\t\t\t\t\t\t\t\t<\/div>\n\t\t\t\t\t\t<\/li>\n\t\t\t\t\t\t\t\t\t\t\t<li class=\"elementor-repeater-item-b3a8d4c\">\n\t\t\t\t\t\t\t<div class=\"elementor-price-table__feature-inner\">\n\t\t\t\t\t\t\t\t<i aria-hidden=\"true\" class=\"far fa-check-circle\"><\/i>\t\t\t\t\t\t\t\t\t\t\t\t\t\t\t\t\t<span >\n\t\t\t\t\t\t\t\t\t\tCertificaci\u00f3n internacional\t\t\t\t\t\t\t\t\t<\/span>\n\t\t\t\t\t\t\t\t\t\t\t\t\t\t\t\t<\/div>\n\t\t\t\t\t\t<\/li>\n\t\t\t\t\t\t\t\t\t<\/ul>\n\t\t\t\n\t\t\t\t\t\t\t<div class=\"elementor-price-table__footer\">\n\t\t\t\t\t\t\t\t\t\t\t<a class=\"elementor-price-table__button elementor-button elementor-size-md\" href=\"https:\/\/andamanscuba.com\/es\/contacto-reservacion-cursos-buceo-tailandia\/\">\n\t\t\t\t\t\t\tReservar tu<br>Curso\t\t\t\t\t\t<\/a>\n\t\t\t\t\t\n\t\t\t\t\t\t\t\t\t\t\t<div class=\"elementor-price-table__additional_info\">\n\t\t\t\t\t\t\tCurso para tomar durante una salida de un d\u00eda o durante un crucero de buceo\t\t\t\t\t\t<\/div>\n\t\t\t\t\t\t\t\t\t<\/div>\n\t\t\t\t\t<\/div>\n\n\t\t\t\t\t\t<\/div>\n\t\t\t\t<\/div>\n\t\t\t\t\t<\/div>\n\t\t<\/div>\n\t\t\t\t\t<\/div>\n\t\t<\/section>\n\t\t\t\t<\/div>\n\t\t","protected":false},"excerpt":{"rendered":"<p>Curso de Buceo Profundo en Khao Lak La aventura de las profundidades Avent\u00farate en las profundidades con total seguridad y confianza con nuestro curso de buceo profundo y nuestros instructores certificados Ssi Cmas o Padi en Khao Lak. La especialidad de Buceo Profundo te ense\u00f1ar\u00e1 todo lo necesario para bucear a profundidades de entre 18 [&hellip;]<\/p>\n","protected":false},"author":1,"featured_media":0,"parent":0,"menu_order":0,"comment_status":"closed","ping_status":"closed","template":"template-homepage.php","meta":{"inline_featured_image":false,"footnotes":""},"class_list":["post-18927","page","type-page","status-publish","hentry"],"yoast_head":"<!-- This site is optimized with the Yoast SEO Premium plugin v23.3 (Yoast SEO v26.6) - https:\/\/yoast.com\/wordpress\/plugins\/seo\/ -->\n<title>Curso Buceo Profundo Khao Lak SSI CMAS<\/title>\n<meta name=\"description\" content=\"Obt\u00e9n tu certificaci\u00f3n de buceo profundo con nuestro curso de Buceo Profundo, SSI CMAS PADI en Khao Lak, Tailandia\" \/>\n<meta name=\"robots\" content=\"index, follow, max-snippet:-1, max-image-preview:large, max-video-preview:-1\" \/>\n<link rel=\"canonical\" href=\"https:\/\/andamanscuba.com\/cours-ssi-plongee-profonde-khao-lak\/\" \/>\n<meta property=\"og:locale\" content=\"es_ES\" \/>\n<meta property=\"og:type\" content=\"article\" \/>\n<meta property=\"og:title\" content=\"Curso de Buceo Profundo Deep Diver Certificaci\u00f3n en Khao Lak y Islas Similan Tailandia - SSI PADI CMAS\" \/>\n<meta property=\"og:description\" content=\"Obt\u00e9n tu certificaci\u00f3n de buceo profundo con nuestro curso de Buceo Profundo, SSI CMAS PADI en Khao Lak, Tailandia\" \/>\n<meta property=\"og:url\" content=\"https:\/\/andamanscuba.com\/cours-ssi-plongee-profonde-khao-lak\/\" \/>\n<meta property=\"og:site_name\" content=\"Andaman Scuba\" \/>\n<meta property=\"article:publisher\" content=\"https:\/\/www.facebook.com\/andaman.scuba\" \/>\n<meta property=\"article:modified_time\" content=\"2025-11-07T15:17:20+00:00\" \/>\n<meta property=\"og:image\" content=\"https:\/\/andamanscuba.com\/wp-content\/uploads\/2023\/12\/Buceo-Profundo-Khao-Lak-Similan-Curso-Buceo.webp\" \/>\n\t<meta property=\"og:image:width\" content=\"1188\" \/>\n\t<meta property=\"og:image:height\" content=\"242\" \/>\n\t<meta property=\"og:image:type\" content=\"image\/webp\" \/>\n<meta name=\"twitter:card\" content=\"summary_large_image\" \/>\n<meta name=\"twitter:label1\" content=\"Tiempo de lectura\" \/>\n\t<meta name=\"twitter:data1\" content=\"2 minutos\" \/>\n<script type=\"application\/ld+json\" class=\"yoast-schema-graph\">{\"@context\":\"https:\/\/schema.org\",\"@graph\":[{\"@type\":\"WebPage\",\"@id\":\"https:\/\/andamanscuba.com\/cours-ssi-plongee-profonde-khao-lak\/\",\"url\":\"https:\/\/andamanscuba.com\/cours-ssi-plongee-profonde-khao-lak\/\",\"name\":\"Curso Buceo Profundo Khao Lak SSI CMAS\",\"isPartOf\":{\"@id\":\"https:\/\/andamanscuba.com\/es\/#website\"},\"primaryImageOfPage\":{\"@id\":\"https:\/\/andamanscuba.com\/cours-ssi-plongee-profonde-khao-lak\/#primaryimage\"},\"image\":{\"@id\":\"https:\/\/andamanscuba.com\/cours-ssi-plongee-profonde-khao-lak\/#primaryimage\"},\"thumbnailUrl\":\"https:\/\/andamanscuba.com\/wp-content\/uploads\/2023\/12\/Buceo-Profundo-Khao-Lak-Similan-Curso-Buceo.webp\",\"datePublished\":\"2023-07-02T13:24:15+00:00\",\"dateModified\":\"2025-11-07T15:17:20+00:00\",\"description\":\"Obt\u00e9n tu certificaci\u00f3n de buceo profundo con nuestro curso de Buceo Profundo, SSI CMAS PADI en Khao Lak, Tailandia\",\"breadcrumb\":{\"@id\":\"https:\/\/andamanscuba.com\/cours-ssi-plongee-profonde-khao-lak\/#breadcrumb\"},\"inLanguage\":\"es\",\"potentialAction\":[{\"@type\":\"ReadAction\",\"target\":[\"https:\/\/andamanscuba.com\/cours-ssi-plongee-profonde-khao-lak\/\"]}]},{\"@type\":\"ImageObject\",\"inLanguage\":\"es\",\"@id\":\"https:\/\/andamanscuba.com\/cours-ssi-plongee-profonde-khao-lak\/#primaryimage\",\"url\":\"https:\/\/andamanscuba.com\/wp-content\/uploads\/2023\/12\/Buceo-Profundo-Khao-Lak-Similan-Curso-Buceo.webp\",\"contentUrl\":\"https:\/\/andamanscuba.com\/wp-content\/uploads\/2023\/12\/Buceo-Profundo-Khao-Lak-Similan-Curso-Buceo.webp\"},{\"@type\":\"BreadcrumbList\",\"@id\":\"https:\/\/andamanscuba.com\/cours-ssi-plongee-profonde-khao-lak\/#breadcrumb\",\"itemListElement\":[{\"@type\":\"ListItem\",\"position\":1,\"name\":\"Home\",\"item\":\"https:\/\/andamanscuba.com\/sv\/\"},{\"@type\":\"ListItem\",\"position\":2,\"name\":\"Curso de Buceo Profundo Deep Diver Certificaci\u00f3n en Khao Lak y Islas Similan Tailandia &#8211; SSI PADI CMAS\"}]},{\"@type\":\"WebSite\",\"@id\":\"https:\/\/andamanscuba.com\/es\/#website\",\"url\":\"https:\/\/andamanscuba.com\/es\/\",\"name\":\"Andaman Scuba\",\"description\":\"Centre de plong\u00e9e et croisi\u00e8res en Tha\u00eflande\",\"publisher\":{\"@id\":\"https:\/\/andamanscuba.com\/es\/#organization\"},\"potentialAction\":[{\"@type\":\"SearchAction\",\"target\":{\"@type\":\"EntryPoint\",\"urlTemplate\":\"https:\/\/andamanscuba.com\/es\/?s={search_term_string}\"},\"query-input\":{\"@type\":\"PropertyValueSpecification\",\"valueRequired\":true,\"valueName\":\"search_term_string\"}}],\"inLanguage\":\"es\"},{\"@type\":\"Organization\",\"@id\":\"https:\/\/andamanscuba.com\/es\/#organization\",\"name\":\"Andaman Scuba\",\"url\":\"https:\/\/andamanscuba.com\/es\/\",\"logo\":{\"@type\":\"ImageObject\",\"inLanguage\":\"es\",\"@id\":\"https:\/\/andamanscuba.com\/es\/#\/schema\/logo\/image\/\",\"url\":\"https:\/\/andamanscuba.com\/wp-content\/uploads\/2023\/06\/logo-andaman-scuba-plongee-thailande.png\",\"contentUrl\":\"https:\/\/andamanscuba.com\/wp-content\/uploads\/2023\/06\/logo-andaman-scuba-plongee-thailande.png\",\"width\":1148,\"height\":602,\"caption\":\"Andaman Scuba\"},\"image\":{\"@id\":\"https:\/\/andamanscuba.com\/es\/#\/schema\/logo\/image\/\"},\"sameAs\":[\"https:\/\/www.facebook.com\/andaman.scuba\"]}]}<\/script>\n<!-- \/ Yoast SEO Premium plugin. -->","yoast_head_json":{"title":"Curso Buceo Profundo Khao Lak SSI CMAS","description":"Obt\u00e9n tu certificaci\u00f3n de buceo profundo con nuestro curso de Buceo Profundo, SSI CMAS PADI en Khao Lak, Tailandia","robots":{"index":"index","follow":"follow","max-snippet":"max-snippet:-1","max-image-preview":"max-image-preview:large","max-video-preview":"max-video-preview:-1"},"canonical":"https:\/\/andamanscuba.com\/cours-ssi-plongee-profonde-khao-lak\/","og_locale":"es_ES","og_type":"article","og_title":"Curso de Buceo Profundo Deep Diver Certificaci\u00f3n en Khao Lak y Islas Similan Tailandia - SSI PADI CMAS","og_description":"Obt\u00e9n tu certificaci\u00f3n de buceo profundo con nuestro curso de Buceo Profundo, SSI CMAS PADI en Khao Lak, Tailandia","og_url":"https:\/\/andamanscuba.com\/cours-ssi-plongee-profonde-khao-lak\/","og_site_name":"Andaman Scuba","article_publisher":"https:\/\/www.facebook.com\/andaman.scuba","article_modified_time":"2025-11-07T15:17:20+00:00","og_image":[{"width":1188,"height":242,"url":"https:\/\/andamanscuba.com\/wp-content\/uploads\/2023\/12\/Buceo-Profundo-Khao-Lak-Similan-Curso-Buceo.webp","type":"image\/webp"}],"twitter_card":"summary_large_image","twitter_misc":{"Tiempo de lectura":"2 minutos"},"schema":{"@context":"https:\/\/schema.org","@graph":[{"@type":"WebPage","@id":"https:\/\/andamanscuba.com\/cours-ssi-plongee-profonde-khao-lak\/","url":"https:\/\/andamanscuba.com\/cours-ssi-plongee-profonde-khao-lak\/","name":"Curso Buceo Profundo Khao Lak SSI CMAS","isPartOf":{"@id":"https:\/\/andamanscuba.com\/es\/#website"},"primaryImageOfPage":{"@id":"https:\/\/andamanscuba.com\/cours-ssi-plongee-profonde-khao-lak\/#primaryimage"},"image":{"@id":"https:\/\/andamanscuba.com\/cours-ssi-plongee-profonde-khao-lak\/#primaryimage"},"thumbnailUrl":"https:\/\/andamanscuba.com\/wp-content\/uploads\/2023\/12\/Buceo-Profundo-Khao-Lak-Similan-Curso-Buceo.webp","datePublished":"2023-07-02T13:24:15+00:00","dateModified":"2025-11-07T15:17:20+00:00","description":"Obt\u00e9n tu certificaci\u00f3n de buceo profundo con nuestro curso de Buceo Profundo, SSI CMAS PADI en Khao Lak, Tailandia","breadcrumb":{"@id":"https:\/\/andamanscuba.com\/cours-ssi-plongee-profonde-khao-lak\/#breadcrumb"},"inLanguage":"es","potentialAction":[{"@type":"ReadAction","target":["https:\/\/andamanscuba.com\/cours-ssi-plongee-profonde-khao-lak\/"]}]},{"@type":"ImageObject","inLanguage":"es","@id":"https:\/\/andamanscuba.com\/cours-ssi-plongee-profonde-khao-lak\/#primaryimage","url":"https:\/\/andamanscuba.com\/wp-content\/uploads\/2023\/12\/Buceo-Profundo-Khao-Lak-Similan-Curso-Buceo.webp","contentUrl":"https:\/\/andamanscuba.com\/wp-content\/uploads\/2023\/12\/Buceo-Profundo-Khao-Lak-Similan-Curso-Buceo.webp"},{"@type":"BreadcrumbList","@id":"https:\/\/andamanscuba.com\/cours-ssi-plongee-profonde-khao-lak\/#breadcrumb","itemListElement":[{"@type":"ListItem","position":1,"name":"Home","item":"https:\/\/andamanscuba.com\/sv\/"},{"@type":"ListItem","position":2,"name":"Curso de Buceo Profundo Deep Diver Certificaci\u00f3n en Khao Lak y Islas Similan Tailandia &#8211; SSI PADI CMAS"}]},{"@type":"WebSite","@id":"https:\/\/andamanscuba.com\/es\/#website","url":"https:\/\/andamanscuba.com\/es\/","name":"Andaman Scuba","description":"Centre de plong\u00e9e et croisi\u00e8res en Tha\u00eflande","publisher":{"@id":"https:\/\/andamanscuba.com\/es\/#organization"},"potentialAction":[{"@type":"SearchAction","target":{"@type":"EntryPoint","urlTemplate":"https:\/\/andamanscuba.com\/es\/?s={search_term_string}"},"query-input":{"@type":"PropertyValueSpecification","valueRequired":true,"valueName":"search_term_string"}}],"inLanguage":"es"},{"@type":"Organization","@id":"https:\/\/andamanscuba.com\/es\/#organization","name":"Andaman Scuba","url":"https:\/\/andamanscuba.com\/es\/","logo":{"@type":"ImageObject","inLanguage":"es","@id":"https:\/\/andamanscuba.com\/es\/#\/schema\/logo\/image\/","url":"https:\/\/andamanscuba.com\/wp-content\/uploads\/2023\/06\/logo-andaman-scuba-plongee-thailande.png","contentUrl":"https:\/\/andamanscuba.com\/wp-content\/uploads\/2023\/06\/logo-andaman-scuba-plongee-thailande.png","width":1148,"height":602,"caption":"Andaman Scuba"},"image":{"@id":"https:\/\/andamanscuba.com\/es\/#\/schema\/logo\/image\/"},"sameAs":["https:\/\/www.facebook.com\/andaman.scuba"]}]}},"_links":{"self":[{"href":"https:\/\/andamanscuba.com\/es\/wp-json\/wp\/v2\/pages\/18927","targetHints":{"allow":["GET"]}}],"collection":[{"href":"https:\/\/andamanscuba.com\/es\/wp-json\/wp\/v2\/pages"}],"about":[{"href":"https:\/\/andamanscuba.com\/es\/wp-json\/wp\/v2\/types\/page"}],"author":[{"embeddable":true,"href":"https:\/\/andamanscuba.com\/es\/wp-json\/wp\/v2\/users\/1"}],"replies":[{"embeddable":true,"href":"https:\/\/andamanscuba.com\/es\/wp-json\/wp\/v2\/comments?post=18927"}],"version-history":[{"count":68,"href":"https:\/\/andamanscuba.com\/es\/wp-json\/wp\/v2\/pages\/18927\/revisions"}],"predecessor-version":[{"id":33742,"href":"https:\/\/andamanscuba.com\/es\/wp-json\/wp\/v2\/pages\/18927\/revisions\/33742"}],"wp:attachment":[{"href":"https:\/\/andamanscuba.com\/es\/wp-json\/wp\/v2\/media?parent=18927"}],"curies":[{"name":"wp","href":"https:\/\/api.w.org\/{rel}","templated":true}]}}