{"id":18891,"date":"2023-07-13T10:24:31","date_gmt":"2023-07-13T10:24:31","guid":{"rendered":"https:\/\/andamanscuba.com\/politique-de-confidentialite\/"},"modified":"2023-11-07T13:08:52","modified_gmt":"2023-11-07T13:08:52","slug":"confidencialidad","status":"publish","type":"page","link":"https:\/\/andamanscuba.com\/es\/confidencialidad\/","title":{"rendered":"Confidencialidad &#8211; Andaman Scuba"},"content":{"rendered":"\t\t<div data-elementor-type=\"wp-page\" data-elementor-id=\"18891\" class=\"elementor elementor-18891 elementor-17031\" data-elementor-settings=\"{&quot;ha_cmc_init_switcher&quot;:&quot;no&quot;}\" data-elementor-post-type=\"page\">\n\t\t\t\t\t\t<section class=\"elementor-section elementor-top-section elementor-element elementor-element-b326161 elementor-section-stretched elementor-section-boxed elementor-section-height-default elementor-section-height-default\" data-id=\"b326161\" data-element_type=\"section\" data-settings=\"{&quot;stretch_section&quot;:&quot;section-stretched&quot;,&quot;background_background&quot;:&quot;classic&quot;}\">\n\t\t\t\t\t\t<div class=\"elementor-container elementor-column-gap-default\">\n\t\t\t\t\t<div class=\"elementor-column elementor-col-100 elementor-top-column elementor-element elementor-element-004d030\" data-id=\"004d030\" data-element_type=\"column\">\n\t\t\t<div class=\"elementor-widget-wrap\">\n\t\t\t\t\t\t\t<\/div>\n\t\t<\/div>\n\t\t\t\t\t<\/div>\n\t\t<\/section>\n\t\t\t\t<section class=\"elementor-section elementor-top-section elementor-element elementor-element-0546735 elementor-section-stretched elementor-section-boxed elementor-section-height-default elementor-section-height-default\" data-id=\"0546735\" data-element_type=\"section\" data-settings=\"{&quot;stretch_section&quot;:&quot;section-stretched&quot;,&quot;background_background&quot;:&quot;classic&quot;}\">\n\t\t\t\t\t\t<div class=\"elementor-container elementor-column-gap-no\">\n\t\t\t\t\t<div class=\"elementor-column elementor-col-100 elementor-top-column elementor-element elementor-element-cb524c0\" data-id=\"cb524c0\" data-element_type=\"column\">\n\t\t\t<div class=\"elementor-widget-wrap elementor-element-populated\">\n\t\t\t\t\t\t<div class=\"elementor-element elementor-element-c208c62 elementor-widget elementor-widget-image\" data-id=\"c208c62\" data-element_type=\"widget\" data-widget_type=\"image.default\">\n\t\t\t\t<div class=\"elementor-widget-container\">\n\t\t\t\t\t\t\t\t\t\t\t\t\t\t\t<img decoding=\"async\" width=\"100\" height=\"51\" src=\"https:\/\/andamanscuba.com\/wp-content\/uploads\/2023\/06\/Logo-Andaman-Scuba-Croisieres-Plongee-Thailande-Myanmar.png\" class=\"attachment-full size-full wp-image-18217\" alt=\"\" \/>\t\t\t\t\t\t\t\t\t\t\t\t\t\t\t<\/div>\n\t\t\t\t<\/div>\n\t\t\t\t<div class=\"elementor-element elementor-element-32d1467 elementor-align-center elementor-mobile-align-center elementor-widget-tablet__width-initial subtitle-position-below elementor-widget elementor-widget-floaty-heading\" data-id=\"32d1467\" data-element_type=\"widget\" data-widget_type=\"floaty-heading.default\">\n\t\t\t\t<div class=\"elementor-widget-container\">\n\t\t\t\t\t        <div class=\"elementor-heading-wrapper-inner\"><h2 class=\"elementor-heading-title\">Pol\u00edtica de Privacidad<\/h2><\/div>\t\t\t\t<\/div>\n\t\t\t\t<\/div>\n\t\t\t\t<div class=\"elementor-element elementor-element-ce8e491 elementor-widget elementor-widget-text-editor\" data-id=\"ce8e491\" data-element_type=\"widget\" data-widget_type=\"text-editor.default\">\n\t\t\t\t<div class=\"elementor-widget-container\">\n\t\t\t\t\t\t\t\t\t<div data-id=\"34310e90\" data-element_type=\"widget\" data-widget_type=\"text-editor.default\"><p>Andaman Scuba da gran importancia a la protecci\u00f3n de la privacidad de sus clientes. Se comprometen a mantener la confidencialidad de la informaci\u00f3n personal y no alquilarla, venderla o intercambiarla. Se aseguran de brindar un mejor servicio garantizando que los clientes comprendan su pol\u00edtica de privacidad. Andaman Scuba no recopila autom\u00e1ticamente informaci\u00f3n personal de los visitantes de su sitio web, a menos que dicha informaci\u00f3n sea proporcionada voluntariamente a trav\u00e9s de contactos por correo electr\u00f3nico, tel\u00e9fono, mensajer\u00eda o formularios en l\u00ednea.<\/p><p>Algunos datos, como la direcci\u00f3n IP, el tipo de navegador utilizado y las p\u00e1ginas visitadas, se registran para mejorar el sitio web y analizar patrones de tr\u00e1fico. Esta informaci\u00f3n no est\u00e1 vinculada a personas espec\u00edficas, a menos que sea necesario para responder a una solicitud espec\u00edfica.<\/p><\/div><div data-id=\"a53c22d\" data-element_type=\"widget\" data-widget_type=\"text-editor.default\"><h3><strong>Seguridad<\/strong><\/h3><p>Andaman Scuba utiliza programas de software para garantizar la seguridad de su sitio web y proteger la informaci\u00f3n contra intentos no autorizados de acceso o modificaci\u00f3n. La informaci\u00f3n personal se almacena de forma segura en los Estados Unidos y Tailandia, y las transferencias de datos se realizan a trav\u00e9s de conexiones encriptadas y redes privadas virtuales.<\/p><h3><strong>Privacidad y enlaces a otros sitios\u00a0<\/strong><\/h3><p>El sitio web puede contener enlaces a otros sitios, pero Andaman Scuba no se hace responsable de su contenido o pr\u00e1cticas de privacidad. La informaci\u00f3n personal proporcionada por los clientes se utiliza para responder a sus solicitudes, proporcionar servicios o productos solicitados y cumplir con la ley. Andaman Scuba puede divulgar cierta informaci\u00f3n personal si es requerido por la ley o para proteger la seguridad de las personas.<\/p><h3><strong>Informaci\u00f3n y sistema de registro\u00a0<\/strong><\/h3><p>Cuando se proporcionan datos personales que ingresan en un sistema de registro, se recopilan de acuerdo con el derecho internacional y el GDPR. Andaman Scuba recopila, crea y conserva informaci\u00f3n con el prop\u00f3sito de promover sus productos y servicios de viaje, as\u00ed como para la educaci\u00f3n y boletines informativos relacionados directamente con sus productos y servicios de viaje. La informaci\u00f3n recopilada se retiene solo durante el tiempo necesario para lograr el objetivo para el cual se recopil\u00f3. Algunos datos hist\u00f3ricos se conservan en nuestros registros para que podamos atender mejor sus necesidades si viaja regularmente con nosotros.<\/p><h3><strong>C\u00f3mo utilizamos sus datos\u00a0<\/strong><\/h3><p>Los clientes tienen opciones en cuanto a privacidad y pueden solicitar una copia de sus datos personales o revocar su consentimiento. Andaman Scuba no vende informaci\u00f3n a terceros, pero puede recopilar informaci\u00f3n personal de terceros, como redes sociales, o utilizar Google Analytics para rastrear el uso de su sitio web.<\/p><p>Para cualquier pregunta o comentario sobre la pol\u00edtica de privacidad o los datos personales, los clientes pueden contactar a Andaman Scuba por tel\u00e9fono o correo electr\u00f3nico.<\/p><\/div>\t\t\t\t\t\t\t\t<\/div>\n\t\t\t\t<\/div>\n\t\t\t\t\t<\/div>\n\t\t<\/div>\n\t\t\t\t\t<\/div>\n\t\t<\/section>\n\t\t\t\t<\/div>\n\t\t","protected":false},"excerpt":{"rendered":"<p>Pol\u00edtica de Privacidad Andaman Scuba da gran importancia a la protecci\u00f3n de la privacidad de sus clientes. Se comprometen a mantener la confidencialidad de la informaci\u00f3n personal y no alquilarla, venderla o intercambiarla. Se aseguran de brindar un mejor servicio garantizando que los clientes comprendan su pol\u00edtica de privacidad. Andaman Scuba no recopila autom\u00e1ticamente informaci\u00f3n [&hellip;]<\/p>\n","protected":false},"author":1,"featured_media":0,"parent":0,"menu_order":0,"comment_status":"closed","ping_status":"closed","template":"template-homepage.php","meta":{"inline_featured_image":false,"footnotes":""},"class_list":["post-18891","page","type-page","status-publish","hentry"],"yoast_head":"<!-- This site is optimized with the Yoast SEO Premium plugin v23.3 (Yoast SEO v26.6) - https:\/\/yoast.com\/wordpress\/plugins\/seo\/ -->\n<title>Confidencialidad - Andaman Scuba - Andaman Scuba<\/title>\n<meta name=\"robots\" content=\"index, follow, max-snippet:-1, max-image-preview:large, max-video-preview:-1\" \/>\n<link rel=\"canonical\" href=\"https:\/\/andamanscuba.com\/politique-de-confidentialite\/\" \/>\n<meta property=\"og:locale\" content=\"es_ES\" \/>\n<meta property=\"og:type\" content=\"article\" \/>\n<meta property=\"og:title\" content=\"Confidencialidad - Andaman Scuba\" \/>\n<meta property=\"og:description\" content=\"Pol\u00edtica de Privacidad Andaman Scuba da gran importancia a la protecci\u00f3n de la privacidad de sus clientes. Se comprometen a mantener la confidencialidad de la informaci\u00f3n personal y no alquilarla, venderla o intercambiarla. Se aseguran de brindar un mejor servicio garantizando que los clientes comprendan su pol\u00edtica de privacidad. Andaman Scuba no recopila autom\u00e1ticamente informaci\u00f3n [&hellip;]\" \/>\n<meta property=\"og:url\" content=\"https:\/\/andamanscuba.com\/politique-de-confidentialite\/\" \/>\n<meta property=\"og:site_name\" content=\"Andaman Scuba\" \/>\n<meta property=\"article:publisher\" content=\"https:\/\/www.facebook.com\/andaman.scuba\" \/>\n<meta property=\"article:modified_time\" content=\"2023-11-07T13:08:52+00:00\" \/>\n<meta property=\"og:image\" content=\"https:\/\/andamanscuba.com\/wp-content\/uploads\/2023\/06\/Logo-Andaman-Scuba-Croisieres-Plongee-Thailande-Myanmar.png\" \/>\n<meta name=\"twitter:card\" content=\"summary_large_image\" \/>\n<meta name=\"twitter:label1\" content=\"Tiempo de lectura\" \/>\n\t<meta name=\"twitter:data1\" content=\"3 minutos\" \/>\n<script type=\"application\/ld+json\" class=\"yoast-schema-graph\">{\"@context\":\"https:\/\/schema.org\",\"@graph\":[{\"@type\":\"WebPage\",\"@id\":\"https:\/\/andamanscuba.com\/politique-de-confidentialite\/\",\"url\":\"https:\/\/andamanscuba.com\/politique-de-confidentialite\/\",\"name\":\"Confidencialidad - Andaman Scuba - Andaman Scuba\",\"isPartOf\":{\"@id\":\"https:\/\/andamanscuba.com\/es\/#website\"},\"primaryImageOfPage\":{\"@id\":\"https:\/\/andamanscuba.com\/politique-de-confidentialite\/#primaryimage\"},\"image\":{\"@id\":\"https:\/\/andamanscuba.com\/politique-de-confidentialite\/#primaryimage\"},\"thumbnailUrl\":\"https:\/\/andamanscuba.com\/wp-content\/uploads\/2023\/06\/Logo-Andaman-Scuba-Croisieres-Plongee-Thailande-Myanmar.png\",\"datePublished\":\"2023-07-13T10:24:31+00:00\",\"dateModified\":\"2023-11-07T13:08:52+00:00\",\"breadcrumb\":{\"@id\":\"https:\/\/andamanscuba.com\/politique-de-confidentialite\/#breadcrumb\"},\"inLanguage\":\"es\",\"potentialAction\":[{\"@type\":\"ReadAction\",\"target\":[\"https:\/\/andamanscuba.com\/politique-de-confidentialite\/\"]}]},{\"@type\":\"ImageObject\",\"inLanguage\":\"es\",\"@id\":\"https:\/\/andamanscuba.com\/politique-de-confidentialite\/#primaryimage\",\"url\":\"https:\/\/andamanscuba.com\/wp-content\/uploads\/2023\/06\/Logo-Andaman-Scuba-Croisieres-Plongee-Thailande-Myanmar.png\",\"contentUrl\":\"https:\/\/andamanscuba.com\/wp-content\/uploads\/2023\/06\/Logo-Andaman-Scuba-Croisieres-Plongee-Thailande-Myanmar.png\"},{\"@type\":\"BreadcrumbList\",\"@id\":\"https:\/\/andamanscuba.com\/politique-de-confidentialite\/#breadcrumb\",\"itemListElement\":[{\"@type\":\"ListItem\",\"position\":1,\"name\":\"Home\",\"item\":\"https:\/\/andamanscuba.com\/sv\/\"},{\"@type\":\"ListItem\",\"position\":2,\"name\":\"Confidencialidad &#8211; Andaman Scuba\"}]},{\"@type\":\"WebSite\",\"@id\":\"https:\/\/andamanscuba.com\/es\/#website\",\"url\":\"https:\/\/andamanscuba.com\/es\/\",\"name\":\"Andaman Scuba\",\"description\":\"Centre de plong\u00e9e et croisi\u00e8res en Tha\u00eflande\",\"publisher\":{\"@id\":\"https:\/\/andamanscuba.com\/es\/#organization\"},\"potentialAction\":[{\"@type\":\"SearchAction\",\"target\":{\"@type\":\"EntryPoint\",\"urlTemplate\":\"https:\/\/andamanscuba.com\/es\/?s={search_term_string}\"},\"query-input\":{\"@type\":\"PropertyValueSpecification\",\"valueRequired\":true,\"valueName\":\"search_term_string\"}}],\"inLanguage\":\"es\"},{\"@type\":\"Organization\",\"@id\":\"https:\/\/andamanscuba.com\/es\/#organization\",\"name\":\"Andaman Scuba\",\"url\":\"https:\/\/andamanscuba.com\/es\/\",\"logo\":{\"@type\":\"ImageObject\",\"inLanguage\":\"es\",\"@id\":\"https:\/\/andamanscuba.com\/es\/#\/schema\/logo\/image\/\",\"url\":\"https:\/\/andamanscuba.com\/wp-content\/uploads\/2023\/06\/logo-andaman-scuba-plongee-thailande.png\",\"contentUrl\":\"https:\/\/andamanscuba.com\/wp-content\/uploads\/2023\/06\/logo-andaman-scuba-plongee-thailande.png\",\"width\":1148,\"height\":602,\"caption\":\"Andaman Scuba\"},\"image\":{\"@id\":\"https:\/\/andamanscuba.com\/es\/#\/schema\/logo\/image\/\"},\"sameAs\":[\"https:\/\/www.facebook.com\/andaman.scuba\"]}]}<\/script>\n<!-- \/ Yoast SEO Premium plugin. -->","yoast_head_json":{"title":"Confidencialidad - Andaman Scuba - Andaman Scuba","robots":{"index":"index","follow":"follow","max-snippet":"max-snippet:-1","max-image-preview":"max-image-preview:large","max-video-preview":"max-video-preview:-1"},"canonical":"https:\/\/andamanscuba.com\/politique-de-confidentialite\/","og_locale":"es_ES","og_type":"article","og_title":"Confidencialidad - Andaman Scuba","og_description":"Pol\u00edtica de Privacidad Andaman Scuba da gran importancia a la protecci\u00f3n de la privacidad de sus clientes. Se comprometen a mantener la confidencialidad de la informaci\u00f3n personal y no alquilarla, venderla o intercambiarla. Se aseguran de brindar un mejor servicio garantizando que los clientes comprendan su pol\u00edtica de privacidad. Andaman Scuba no recopila autom\u00e1ticamente informaci\u00f3n [&hellip;]","og_url":"https:\/\/andamanscuba.com\/politique-de-confidentialite\/","og_site_name":"Andaman Scuba","article_publisher":"https:\/\/www.facebook.com\/andaman.scuba","article_modified_time":"2023-11-07T13:08:52+00:00","og_image":[{"url":"https:\/\/andamanscuba.com\/wp-content\/uploads\/2023\/06\/Logo-Andaman-Scuba-Croisieres-Plongee-Thailande-Myanmar.png","type":"","width":"","height":""}],"twitter_card":"summary_large_image","twitter_misc":{"Tiempo de lectura":"3 minutos"},"schema":{"@context":"https:\/\/schema.org","@graph":[{"@type":"WebPage","@id":"https:\/\/andamanscuba.com\/politique-de-confidentialite\/","url":"https:\/\/andamanscuba.com\/politique-de-confidentialite\/","name":"Confidencialidad - Andaman Scuba - Andaman Scuba","isPartOf":{"@id":"https:\/\/andamanscuba.com\/es\/#website"},"primaryImageOfPage":{"@id":"https:\/\/andamanscuba.com\/politique-de-confidentialite\/#primaryimage"},"image":{"@id":"https:\/\/andamanscuba.com\/politique-de-confidentialite\/#primaryimage"},"thumbnailUrl":"https:\/\/andamanscuba.com\/wp-content\/uploads\/2023\/06\/Logo-Andaman-Scuba-Croisieres-Plongee-Thailande-Myanmar.png","datePublished":"2023-07-13T10:24:31+00:00","dateModified":"2023-11-07T13:08:52+00:00","breadcrumb":{"@id":"https:\/\/andamanscuba.com\/politique-de-confidentialite\/#breadcrumb"},"inLanguage":"es","potentialAction":[{"@type":"ReadAction","target":["https:\/\/andamanscuba.com\/politique-de-confidentialite\/"]}]},{"@type":"ImageObject","inLanguage":"es","@id":"https:\/\/andamanscuba.com\/politique-de-confidentialite\/#primaryimage","url":"https:\/\/andamanscuba.com\/wp-content\/uploads\/2023\/06\/Logo-Andaman-Scuba-Croisieres-Plongee-Thailande-Myanmar.png","contentUrl":"https:\/\/andamanscuba.com\/wp-content\/uploads\/2023\/06\/Logo-Andaman-Scuba-Croisieres-Plongee-Thailande-Myanmar.png"},{"@type":"BreadcrumbList","@id":"https:\/\/andamanscuba.com\/politique-de-confidentialite\/#breadcrumb","itemListElement":[{"@type":"ListItem","position":1,"name":"Home","item":"https:\/\/andamanscuba.com\/sv\/"},{"@type":"ListItem","position":2,"name":"Confidencialidad &#8211; Andaman Scuba"}]},{"@type":"WebSite","@id":"https:\/\/andamanscuba.com\/es\/#website","url":"https:\/\/andamanscuba.com\/es\/","name":"Andaman Scuba","description":"Centre de plong\u00e9e et croisi\u00e8res en Tha\u00eflande","publisher":{"@id":"https:\/\/andamanscuba.com\/es\/#organization"},"potentialAction":[{"@type":"SearchAction","target":{"@type":"EntryPoint","urlTemplate":"https:\/\/andamanscuba.com\/es\/?s={search_term_string}"},"query-input":{"@type":"PropertyValueSpecification","valueRequired":true,"valueName":"search_term_string"}}],"inLanguage":"es"},{"@type":"Organization","@id":"https:\/\/andamanscuba.com\/es\/#organization","name":"Andaman Scuba","url":"https:\/\/andamanscuba.com\/es\/","logo":{"@type":"ImageObject","inLanguage":"es","@id":"https:\/\/andamanscuba.com\/es\/#\/schema\/logo\/image\/","url":"https:\/\/andamanscuba.com\/wp-content\/uploads\/2023\/06\/logo-andaman-scuba-plongee-thailande.png","contentUrl":"https:\/\/andamanscuba.com\/wp-content\/uploads\/2023\/06\/logo-andaman-scuba-plongee-thailande.png","width":1148,"height":602,"caption":"Andaman Scuba"},"image":{"@id":"https:\/\/andamanscuba.com\/es\/#\/schema\/logo\/image\/"},"sameAs":["https:\/\/www.facebook.com\/andaman.scuba"]}]}},"_links":{"self":[{"href":"https:\/\/andamanscuba.com\/es\/wp-json\/wp\/v2\/pages\/18891","targetHints":{"allow":["GET"]}}],"collection":[{"href":"https:\/\/andamanscuba.com\/es\/wp-json\/wp\/v2\/pages"}],"about":[{"href":"https:\/\/andamanscuba.com\/es\/wp-json\/wp\/v2\/types\/page"}],"author":[{"embeddable":true,"href":"https:\/\/andamanscuba.com\/es\/wp-json\/wp\/v2\/users\/1"}],"replies":[{"embeddable":true,"href":"https:\/\/andamanscuba.com\/es\/wp-json\/wp\/v2\/comments?post=18891"}],"version-history":[{"count":10,"href":"https:\/\/andamanscuba.com\/es\/wp-json\/wp\/v2\/pages\/18891\/revisions"}],"predecessor-version":[{"id":27933,"href":"https:\/\/andamanscuba.com\/es\/wp-json\/wp\/v2\/pages\/18891\/revisions\/27933"}],"wp:attachment":[{"href":"https:\/\/andamanscuba.com\/es\/wp-json\/wp\/v2\/media?parent=18891"}],"curies":[{"name":"wp","href":"https:\/\/api.w.org\/{rel}","templated":true}]}}