{"id":18930,"date":"2023-07-02T12:44:53","date_gmt":"2023-07-02T12:44:53","guid":{"rendered":"https:\/\/andamanscuba.com\/cours-plongee-nitrox-khao-lak-phuket-thailande-ssi-padi-cmas\/"},"modified":"2024-06-15T17:49:28","modified_gmt":"2024-06-15T17:49:28","slug":"nitrox-course-diving-ean-khao-lak-similan","status":"publish","type":"page","link":"https:\/\/andamanscuba.com\/en\/nitrox-course-diving-ean-khao-lak-similan\/","title":{"rendered":"Nitrox Diver Course in Khao Lak &#038; Similan Islands Thailand &#8211; SSI Padi Cmas"},"content":{"rendered":"\t\t<div data-elementor-type=\"wp-page\" data-elementor-id=\"18930\" class=\"elementor elementor-18930 elementor-14291\" data-elementor-settings=\"{&quot;ha_cmc_init_switcher&quot;:&quot;no&quot;}\" data-elementor-post-type=\"page\">\n\t\t\t\t\t\t<section class=\"elementor-section elementor-top-section elementor-element elementor-element-75b2d2b elementor-section-boxed elementor-section-height-default elementor-section-height-default\" data-id=\"75b2d2b\" data-element_type=\"section\" data-settings=\"{&quot;background_background&quot;:&quot;classic&quot;}\">\n\t\t\t\t\t\t<div class=\"elementor-container elementor-column-gap-default\">\n\t\t\t\t\t<div class=\"elementor-column elementor-col-50 elementor-top-column elementor-element elementor-element-2908711\" data-id=\"2908711\" data-element_type=\"column\" data-settings=\"{&quot;background_background&quot;:&quot;classic&quot;}\">\n\t\t\t<div class=\"elementor-widget-wrap elementor-element-populated\">\n\t\t\t\t\t\t<div class=\"elementor-element elementor-element-4dbf1ca elementor-mobile-align-center elementor-align-left subtitle-position-below elementor-widget elementor-widget-floaty-heading\" data-id=\"4dbf1ca\" data-element_type=\"widget\" data-widget_type=\"floaty-heading.default\">\n\t\t\t\t<div class=\"elementor-widget-container\">\n\t\t\t\t\t        <div class=\"elementor-heading-wrapper-inner\"><div class=\"elementor-sub-title\">Nitrox Course Khao Lak<\/div><h1 class=\"elementor-heading-title\">Becoming a Nitrox Diver<\/h1><\/div>\t\t\t\t<\/div>\n\t\t\t\t<\/div>\n\t\t\t\t<div class=\"elementor-element elementor-element-ace1118 elementor-widget elementor-widget-image\" data-id=\"ace1118\" data-element_type=\"widget\" data-widget_type=\"image.default\">\n\t\t\t\t<div class=\"elementor-widget-container\">\n\t\t\t\t\t\t\t\t\t\t\t\t\t\t\t<img fetchpriority=\"high\" decoding=\"async\" width=\"1188\" height=\"242\" src=\"https:\/\/andamanscuba.com\/wp-content\/uploads\/2023\/12\/Nitrox-Diving-Khao-Lak-Similan-Dive-Courses.webp\" class=\"attachment-full size-full wp-image-28133\" alt=\"Nitrox Diving Khao Lak Similan Dive Courses\" srcset=\"https:\/\/andamanscuba.com\/wp-content\/uploads\/2023\/12\/Nitrox-Diving-Khao-Lak-Similan-Dive-Courses.webp 1188w, https:\/\/andamanscuba.com\/wp-content\/uploads\/2023\/12\/Nitrox-Diving-Khao-Lak-Similan-Dive-Courses-300x61.webp 300w, https:\/\/andamanscuba.com\/wp-content\/uploads\/2023\/12\/Nitrox-Diving-Khao-Lak-Similan-Dive-Courses-1024x209.webp 1024w, https:\/\/andamanscuba.com\/wp-content\/uploads\/2023\/12\/Nitrox-Diving-Khao-Lak-Similan-Dive-Courses-768x156.webp 768w\" sizes=\"(max-width: 1188px) 100vw, 1188px\" \/>\t\t\t\t\t\t\t\t\t\t\t\t\t\t\t<\/div>\n\t\t\t\t<\/div>\n\t\t\t\t<div class=\"elementor-element elementor-element-16115f4 elementor-widget elementor-widget-text-editor\" data-id=\"16115f4\" data-element_type=\"widget\" data-widget_type=\"text-editor.default\">\n\t\t\t\t<div class=\"elementor-widget-container\">\n\t\t\t\t\t\t\t\t\t<p>Take advantage of your exploration dives to take a course with our specialized Nitrox instructors, certified Cmas Ssi or Padi, at our diving center in Khao Lak.<\/p><h3><strong>What is Nitrox ?<\/strong><\/h3><p>Nitrox, also known as EAN for Enriched Air Nitrox, is an oxygen-enriched air mixture.\u2028While air contains 21% oxygen, the most commonly used enriched mixes are EAN32% or EAN36%.<\/p><p>Nitrox offers numerous advantages in terms of safety, comfort and dive optimization.<\/p><p>The main advantages will enable you to<br \/>&#8211; increase your dive times and safety margins as a function of depth<br \/>&#8211; make longer dives, depending on depth and mix used<br \/>&#8211; shorten your surface intervals<br \/>&#8211; reduce fatigue after several dives<\/p><p>The Cmas Ssi Padi Nitrox Diving course we offer from Khao Lak is accessible directly after Open Water or Level 1.<br \/>It will enable you to use this mixture enriched with up to 40% Oxygen while making the most of your exploration dives.<\/p><h3><strong>Nitrox course from Khao Lak<\/strong><\/h3><p>By increasing your theoretical knowledge and developing new technical skills, you&#8217;ll be able to plan your dives safely using oxygen-enriched air mixes.<\/p><p>This Nitrox course, offered at our center in Khao Lak, can be taken either during day trips or cruises.\u2028The theory part is taught online, and our instructors will be happy to go over all the important points with you.\u2028Then 2 dives in one or two days will suffice for this training.<\/p><p>At the end of the program, you&#8217;ll be certified as a Cmas Ssi Padi Enriched Air Nitrox Diver.<\/p><p>Onboard any of our diving <a href=\"https:\/\/andamanscuba.com\/en\/khao-lak-diving-liveaboard-phuket-thailand\/\"><strong>liveaboards in Thailand<\/strong><\/a> or <a href=\"https:\/\/andamanscuba.com\/en\/mergui-myanmar-liveaboard-burma-diving\/\"><strong>Myanmar<\/strong><\/a>, you can decide to join this course at any time.<\/p>\t\t\t\t\t\t\t\t<\/div>\n\t\t\t\t<\/div>\n\t\t\t\t\t<\/div>\n\t\t<\/div>\n\t\t\t\t<div class=\"elementor-column elementor-col-50 elementor-top-column elementor-element elementor-element-5f9fc80 elementor-invisible\" data-id=\"5f9fc80\" data-element_type=\"column\" data-settings=\"{&quot;animation&quot;:&quot;bounce&quot;}\">\n\t\t\t<div class=\"elementor-widget-wrap elementor-element-populated\">\n\t\t\t\t\t\t<div class=\"elementor-element elementor-element-fb89353 elementor-widget elementor-widget-image\" data-id=\"fb89353\" data-element_type=\"widget\" data-widget_type=\"image.default\">\n\t\t\t\t<div class=\"elementor-widget-container\">\n\t\t\t\t\t\t\t\t\t\t\t\t\t\t\t<img decoding=\"async\" width=\"501\" height=\"660\" src=\"https:\/\/andamanscuba.com\/wp-content\/uploads\/2024\/06\/Nitrox-Course-Khao-Lak-CMAS-SSI-PADI.webp\" class=\"attachment-full size-full wp-image-30020\" alt=\"Nitrox Course Khao Lak CMAS SSI PADI - Diving certification\" srcset=\"https:\/\/andamanscuba.com\/wp-content\/uploads\/2024\/06\/Nitrox-Course-Khao-Lak-CMAS-SSI-PADI.webp 501w, https:\/\/andamanscuba.com\/wp-content\/uploads\/2024\/06\/Nitrox-Course-Khao-Lak-CMAS-SSI-PADI-228x300.webp 228w\" sizes=\"(max-width: 501px) 100vw, 501px\" \/>\t\t\t\t\t\t\t\t\t\t\t\t\t\t\t<\/div>\n\t\t\t\t<\/div>\n\t\t\t\t\t<\/div>\n\t\t<\/div>\n\t\t\t\t\t<\/div>\n\t\t<\/section>\n\t\t\t\t<section class=\"elementor-section elementor-top-section elementor-element elementor-element-3bb4d11 elementor-section-boxed elementor-section-height-default elementor-section-height-default elementor-invisible\" data-id=\"3bb4d11\" data-element_type=\"section\" data-settings=\"{&quot;background_background&quot;:&quot;classic&quot;,&quot;animation&quot;:&quot;slideInUp&quot;}\">\n\t\t\t\t\t\t<div class=\"elementor-container elementor-column-gap-default\">\n\t\t\t\t\t<div class=\"elementor-column elementor-col-25 elementor-top-column elementor-element elementor-element-7ed5636\" data-id=\"7ed5636\" data-element_type=\"column\" data-settings=\"{&quot;background_background&quot;:&quot;classic&quot;}\">\n\t\t\t<div class=\"elementor-widget-wrap\">\n\t\t\t\t\t\t\t<\/div>\n\t\t<\/div>\n\t\t\t\t<div class=\"elementor-column elementor-col-25 elementor-top-column elementor-element elementor-element-4399cc0\" data-id=\"4399cc0\" data-element_type=\"column\">\n\t\t\t<div class=\"elementor-widget-wrap elementor-element-populated\">\n\t\t\t\t\t\t<div class=\"elementor-element elementor-element-fa7b478 elementor-widget-tablet_extra__width-initial elementor-widget elementor-widget-price-table\" data-id=\"fa7b478\" data-element_type=\"widget\" data-widget_type=\"price-table.default\">\n\t\t\t\t<div class=\"elementor-widget-container\">\n\t\t\t\t\t\n\t\t<div class=\"elementor-price-table\">\n\t\t\t\t\t\t\t<div class=\"elementor-price-table__header\">\n\t\t\t\t\t\t\t\t\t\t\t<h4 class=\"elementor-price-table__heading\">\n\t\t\t\t\t\tNITROX COURSE <br>LIVEABOARD\t\t\t\t\t\t<\/h4>\n\t\t\t\t\t\n\t\t\t\t\t\t\t\t\t<\/div>\n\t\t\t\n\t\t\t<div class=\"elementor-price-table__price\">\n\t\t\t\t\t\t\t\t<span class=\"elementor-price-table__currency\">&#128;<\/span>\t\t\t\t\t\t\t\t\t<span class=\"elementor-price-table__integer-part\">\n\t\t\t\t\t\t195\t\t\t\t\t<\/span>\n\t\t\t\t\n\t\t\t\t\n\t\t\t\t\n\t\t\t\t\t\t\t\t\t<span class=\"elementor-price-table__period elementor-typo-excluded\">2 Dives<\/span>\t\t\t\t\t\t\t<\/div>\n\n\t\t\t\t\t\t\t<ul class=\"elementor-price-table__features-list\">\n\t\t\t\t\t\t\t\t\t\t\t<li class=\"elementor-repeater-item-604ebb2\">\n\t\t\t\t\t\t\t<div class=\"elementor-price-table__feature-inner\">\n\t\t\t\t\t\t\t\t<i aria-hidden=\"true\" class=\"far fa-check-circle\"><\/i>\t\t\t\t\t\t\t\t\t\t\t\t\t\t\t\t\t<span >\n\t\t\t\t\t\t\t\t\t\tOnline theory\t\t\t\t\t\t\t\t\t<\/span>\n\t\t\t\t\t\t\t\t\t\t\t\t\t\t\t\t<\/div>\n\t\t\t\t\t\t<\/li>\n\t\t\t\t\t\t\t\t\t\t\t<li class=\"elementor-repeater-item-2b7560e\">\n\t\t\t\t\t\t\t<div class=\"elementor-price-table__feature-inner\">\n\t\t\t\t\t\t\t\t<i aria-hidden=\"true\" class=\"far fa-check-circle\"><\/i>\t\t\t\t\t\t\t\t\t\t\t\t\t\t\t\t\t<span >\n\t\t\t\t\t\t\t\t\t\tTheorical and practical instruction\t\t\t\t\t\t\t\t\t<\/span>\n\t\t\t\t\t\t\t\t\t\t\t\t\t\t\t\t<\/div>\n\t\t\t\t\t\t<\/li>\n\t\t\t\t\t\t\t\t\t\t\t<li class=\"elementor-repeater-item-44e361f\">\n\t\t\t\t\t\t\t<div class=\"elementor-price-table__feature-inner\">\n\t\t\t\t\t\t\t\t<i aria-hidden=\"true\" class=\"far fa-check-circle\"><\/i>\t\t\t\t\t\t\t\t\t\t\t\t\t\t\t\t\t<span >\n\t\t\t\t\t\t\t\t\t\t2 Nitrox tanks\t\t\t\t\t\t\t\t\t<\/span>\n\t\t\t\t\t\t\t\t\t\t\t\t\t\t\t\t<\/div>\n\t\t\t\t\t\t<\/li>\n\t\t\t\t\t\t\t\t\t\t\t<li class=\"elementor-repeater-item-f3f82dd\">\n\t\t\t\t\t\t\t<div class=\"elementor-price-table__feature-inner\">\n\t\t\t\t\t\t\t\t<i aria-hidden=\"true\" class=\"far fa-check-circle\"><\/i>\t\t\t\t\t\t\t\t\t\t\t\t\t\t\t\t\t<span >\n\t\t\t\t\t\t\t\t\t\t2 Technical dives\t\t\t\t\t\t\t\t\t<\/span>\n\t\t\t\t\t\t\t\t\t\t\t\t\t\t\t\t<\/div>\n\t\t\t\t\t\t<\/li>\n\t\t\t\t\t\t\t\t\t\t\t<li class=\"elementor-repeater-item-b3a8d4c\">\n\t\t\t\t\t\t\t<div class=\"elementor-price-table__feature-inner\">\n\t\t\t\t\t\t\t\t<i aria-hidden=\"true\" class=\"far fa-check-circle\"><\/i>\t\t\t\t\t\t\t\t\t\t\t\t\t\t\t\t\t<span >\n\t\t\t\t\t\t\t\t\t\tInternational certification\t\t\t\t\t\t\t\t\t<\/span>\n\t\t\t\t\t\t\t\t\t\t\t\t\t\t\t\t<\/div>\n\t\t\t\t\t\t<\/li>\n\t\t\t\t\t\t\t\t\t<\/ul>\n\t\t\t\n\t\t\t\t\t\t\t<div class=\"elementor-price-table__footer\">\n\t\t\t\t\t\t\t\t\t\t\t<a class=\"elementor-price-table__button elementor-button elementor-size-md\" href=\"https:\/\/andamanscuba.com\/en\/contact-booking-scuba-diving-courses-thailand\/\">\n\t\t\t\t\t\t\tBook Your <br>Nitrox Course\t\t\t\t\t\t<\/a>\n\t\t\t\t\t\n\t\t\t\t\t\t\t\t\t\t\t<div class=\"elementor-price-table__additional_info\">\n\t\t\t\t\t\t\tCourse available during a diving liveaboard\t\t\t\t\t\t<\/div>\n\t\t\t\t\t\t\t\t\t<\/div>\n\t\t\t\t\t<\/div>\n\n\t\t\t\t\t<div class=\"elementor-ribbon\">\n\t\t\t\t<div class=\"elementor-ribbon-inner\">\n\t\t\t\t\tON SALE\t\t\t\t<\/div>\n\t\t\t<\/div>\n\t\t\t\t\t\t\t<\/div>\n\t\t\t\t<\/div>\n\t\t\t\t\t<\/div>\n\t\t<\/div>\n\t\t\t\t<div class=\"elementor-column elementor-col-25 elementor-top-column elementor-element elementor-element-a814062\" data-id=\"a814062\" data-element_type=\"column\">\n\t\t\t<div class=\"elementor-widget-wrap elementor-element-populated\">\n\t\t\t\t\t\t<div class=\"elementor-element elementor-element-f247a34 elementor-widget-tablet_extra__width-initial elementor-widget elementor-widget-price-table\" data-id=\"f247a34\" data-element_type=\"widget\" data-widget_type=\"price-table.default\">\n\t\t\t\t<div class=\"elementor-widget-container\">\n\t\t\t\t\t\n\t\t<div class=\"elementor-price-table\">\n\t\t\t\t\t\t\t<div class=\"elementor-price-table__header\">\n\t\t\t\t\t\t\t\t\t\t\t<h4 class=\"elementor-price-table__heading\">\n\t\t\t\t\t\tNITROX COURSE<br>DIVING DAY TRIP\t\t\t\t\t\t<\/h4>\n\t\t\t\t\t\n\t\t\t\t\t\t\t\t\t<\/div>\n\t\t\t\n\t\t\t<div class=\"elementor-price-table__price\">\n\t\t\t\t\t\t\t\t<span class=\"elementor-price-table__currency\">&#128;<\/span>\t\t\t\t\t\t\t\t\t<span class=\"elementor-price-table__integer-part\">\n\t\t\t\t\t\t295\t\t\t\t\t<\/span>\n\t\t\t\t\n\t\t\t\t\n\t\t\t\t\n\t\t\t\t\t\t\t\t\t<span class=\"elementor-price-table__period elementor-typo-excluded\">2 Dives<\/span>\t\t\t\t\t\t\t<\/div>\n\n\t\t\t\t\t\t\t<ul class=\"elementor-price-table__features-list\">\n\t\t\t\t\t\t\t\t\t\t\t<li class=\"elementor-repeater-item-604ebb2\">\n\t\t\t\t\t\t\t<div class=\"elementor-price-table__feature-inner\">\n\t\t\t\t\t\t\t\t<i aria-hidden=\"true\" class=\"far fa-check-circle\"><\/i>\t\t\t\t\t\t\t\t\t\t\t\t\t\t\t\t\t<span >\n\t\t\t\t\t\t\t\t\t\tTheorical and practical instruction\t\t\t\t\t\t\t\t\t<\/span>\n\t\t\t\t\t\t\t\t\t\t\t\t\t\t\t\t<\/div>\n\t\t\t\t\t\t<\/li>\n\t\t\t\t\t\t\t\t\t\t\t<li class=\"elementor-repeater-item-8f21a18\">\n\t\t\t\t\t\t\t<div class=\"elementor-price-table__feature-inner\">\n\t\t\t\t\t\t\t\t<i aria-hidden=\"true\" class=\"far fa-check-circle\"><\/i>\t\t\t\t\t\t\t\t\t\t\t\t\t\t\t\t\t<span >\n\t\t\t\t\t\t\t\t\t\tHotel transfers\t\t\t\t\t\t\t\t\t<\/span>\n\t\t\t\t\t\t\t\t\t\t\t\t\t\t\t\t<\/div>\n\t\t\t\t\t\t<\/li>\n\t\t\t\t\t\t\t\t\t\t\t<li class=\"elementor-repeater-item-97906b7\">\n\t\t\t\t\t\t\t<div class=\"elementor-price-table__feature-inner\">\n\t\t\t\t\t\t\t\t<i aria-hidden=\"true\" class=\"far fa-check-circle\"><\/i>\t\t\t\t\t\t\t\t\t\t\t\t\t\t\t\t\t<span >\n\t\t\t\t\t\t\t\t\t\tDiving day trip - 2 dives (Similan Richelieu Rock)\t\t\t\t\t\t\t\t\t<\/span>\n\t\t\t\t\t\t\t\t\t\t\t\t\t\t\t\t<\/div>\n\t\t\t\t\t\t<\/li>\n\t\t\t\t\t\t\t\t\t\t\t<li class=\"elementor-repeater-item-cc44ff3\">\n\t\t\t\t\t\t\t<div class=\"elementor-price-table__feature-inner\">\n\t\t\t\t\t\t\t\t<i aria-hidden=\"true\" class=\"far fa-check-circle\"><\/i>\t\t\t\t\t\t\t\t\t\t\t\t\t\t\t\t\t<span >\n\t\t\t\t\t\t\t\t\t\tLunch and beverages\t\t\t\t\t\t\t\t\t<\/span>\n\t\t\t\t\t\t\t\t\t\t\t\t\t\t\t\t<\/div>\n\t\t\t\t\t\t<\/li>\n\t\t\t\t\t\t\t\t\t\t\t<li class=\"elementor-repeater-item-44e361f\">\n\t\t\t\t\t\t\t<div class=\"elementor-price-table__feature-inner\">\n\t\t\t\t\t\t\t\t<i aria-hidden=\"true\" class=\"far fa-check-circle\"><\/i>\t\t\t\t\t\t\t\t\t\t\t\t\t\t\t\t\t<span >\n\t\t\t\t\t\t\t\t\t\tIndividual equipment\t\t\t\t\t\t\t\t\t<\/span>\n\t\t\t\t\t\t\t\t\t\t\t\t\t\t\t\t<\/div>\n\t\t\t\t\t\t<\/li>\n\t\t\t\t\t\t\t\t\t\t\t<li class=\"elementor-repeater-item-5630314\">\n\t\t\t\t\t\t\t<div class=\"elementor-price-table__feature-inner\">\n\t\t\t\t\t\t\t\t<i aria-hidden=\"true\" class=\"far fa-check-circle\"><\/i>\t\t\t\t\t\t\t\t\t\t\t\t\t\t\t\t\t<span >\n\t\t\t\t\t\t\t\t\t\t2 Nitrox tanks\t\t\t\t\t\t\t\t\t<\/span>\n\t\t\t\t\t\t\t\t\t\t\t\t\t\t\t\t<\/div>\n\t\t\t\t\t\t<\/li>\n\t\t\t\t\t\t\t\t\t\t\t<li class=\"elementor-repeater-item-b3a8d4c\">\n\t\t\t\t\t\t\t<div class=\"elementor-price-table__feature-inner\">\n\t\t\t\t\t\t\t\t<i aria-hidden=\"true\" class=\"far fa-check-circle\"><\/i>\t\t\t\t\t\t\t\t\t\t\t\t\t\t\t\t\t<span >\n\t\t\t\t\t\t\t\t\t\tInternational certification\t\t\t\t\t\t\t\t\t<\/span>\n\t\t\t\t\t\t\t\t\t\t\t\t\t\t\t\t<\/div>\n\t\t\t\t\t\t<\/li>\n\t\t\t\t\t\t\t\t\t<\/ul>\n\t\t\t\n\t\t\t\t\t\t\t<div class=\"elementor-price-table__footer\">\n\t\t\t\t\t\t\t\t\t\t\t<a class=\"elementor-price-table__button elementor-button elementor-size-md\" href=\"https:\/\/andamanscuba.com\/en\/contact-booking-scuba-diving-courses-thailand\/\">\n\t\t\t\t\t\t\tBook your <br>Nitrox course\t\t\t\t\t\t<\/a>\n\t\t\t\t\t\n\t\t\t\t\t\t\t\t\t\t\t<div class=\"elementor-price-table__additional_info\">\n\t\t\t\t\t\t\tCourse available during a diving day trip\t\t\t\t\t\t<\/div>\n\t\t\t\t\t\t\t\t\t<\/div>\n\t\t\t\t\t<\/div>\n\n\t\t\t\t\t\t<\/div>\n\t\t\t\t<\/div>\n\t\t\t\t\t<\/div>\n\t\t<\/div>\n\t\t\t\t<div class=\"elementor-column elementor-col-25 elementor-top-column elementor-element elementor-element-c7ec3b3\" data-id=\"c7ec3b3\" data-element_type=\"column\">\n\t\t\t<div class=\"elementor-widget-wrap\">\n\t\t\t\t\t\t\t<\/div>\n\t\t<\/div>\n\t\t\t\t\t<\/div>\n\t\t<\/section>\n\t\t\t\t<\/div>\n\t\t","protected":false},"excerpt":{"rendered":"<p>Nitrox Course Khao Lak Becoming a Nitrox Diver Take advantage of your exploration dives to take a course with our specialized Nitrox instructors, certified Cmas Ssi or Padi, at our diving center in Khao Lak. What is Nitrox ? Nitrox, also known as EAN for Enriched Air Nitrox, is an oxygen-enriched air mixture.\u2028While air contains [&hellip;]<\/p>\n","protected":false},"author":1,"featured_media":0,"parent":0,"menu_order":0,"comment_status":"closed","ping_status":"closed","template":"template-homepage.php","meta":{"inline_featured_image":false,"footnotes":""},"class_list":["post-18930","page","type-page","status-publish","hentry"],"yoast_head":"<!-- This site is optimized with the Yoast SEO Premium plugin v23.3 (Yoast SEO v26.6) - https:\/\/yoast.com\/wordpress\/plugins\/seo\/ -->\n<title>Nitrox Course Khao Lak CMAS - Technique, Comfort and Safety<\/title>\n<meta name=\"description\" content=\"Take advantage of our dives and liveaboards to take a CMAS SSI or PADI Nitrox course at our diving center in Khao Lak.\" \/>\n<meta name=\"robots\" content=\"index, follow, max-snippet:-1, max-image-preview:large, max-video-preview:-1\" \/>\n<link rel=\"canonical\" href=\"https:\/\/andamanscuba.com\/en\/nitrox-course-diving-ean-khao-lak-similan\/\" \/>\n<meta property=\"og:locale\" content=\"en_US\" \/>\n<meta property=\"og:type\" content=\"article\" \/>\n<meta property=\"og:title\" content=\"Nitrox Diver Course in Khao Lak &amp; Similan Islands Thailand - SSI Padi Cmas\" \/>\n<meta property=\"og:description\" content=\"Take advantage of our dives and liveaboards to take a CMAS SSI or PADI Nitrox course at our diving center in Khao Lak.\" \/>\n<meta property=\"og:url\" content=\"https:\/\/andamanscuba.com\/en\/nitrox-course-diving-ean-khao-lak-similan\/\" \/>\n<meta property=\"og:site_name\" content=\"Andaman Scuba\" \/>\n<meta property=\"article:publisher\" content=\"https:\/\/www.facebook.com\/andaman.scuba\" \/>\n<meta property=\"article:modified_time\" content=\"2024-06-15T17:49:28+00:00\" \/>\n<meta property=\"og:image\" content=\"https:\/\/andamanscuba.com\/wp-content\/uploads\/2023\/12\/Nitrox-Diving-Khao-Lak-Similan-Dive-Courses.webp\" \/>\n<meta name=\"twitter:card\" content=\"summary_large_image\" \/>\n<meta name=\"twitter:label1\" content=\"Est. reading time\" \/>\n\t<meta name=\"twitter:data1\" content=\"2 minutes\" \/>\n<script type=\"application\/ld+json\" class=\"yoast-schema-graph\">{\"@context\":\"https:\/\/schema.org\",\"@graph\":[{\"@type\":\"WebPage\",\"@id\":\"https:\/\/andamanscuba.com\/en\/nitrox-course-diving-ean-khao-lak-similan\/\",\"url\":\"https:\/\/andamanscuba.com\/en\/nitrox-course-diving-ean-khao-lak-similan\/\",\"name\":\"Nitrox Course Khao Lak CMAS - Technique, Comfort and Safety\",\"isPartOf\":{\"@id\":\"https:\/\/andamanscuba.com\/es\/#website\"},\"primaryImageOfPage\":{\"@id\":\"https:\/\/andamanscuba.com\/en\/nitrox-course-diving-ean-khao-lak-similan\/#primaryimage\"},\"image\":{\"@id\":\"https:\/\/andamanscuba.com\/en\/nitrox-course-diving-ean-khao-lak-similan\/#primaryimage\"},\"thumbnailUrl\":\"https:\/\/andamanscuba.com\/wp-content\/uploads\/2023\/12\/Nitrox-Diving-Khao-Lak-Similan-Dive-Courses.webp\",\"datePublished\":\"2023-07-02T12:44:53+00:00\",\"dateModified\":\"2024-06-15T17:49:28+00:00\",\"description\":\"Take advantage of our dives and liveaboards to take a CMAS SSI or PADI Nitrox course at our diving center in Khao Lak.\",\"breadcrumb\":{\"@id\":\"https:\/\/andamanscuba.com\/en\/nitrox-course-diving-ean-khao-lak-similan\/#breadcrumb\"},\"inLanguage\":\"en-US\",\"potentialAction\":[{\"@type\":\"ReadAction\",\"target\":[\"https:\/\/andamanscuba.com\/en\/nitrox-course-diving-ean-khao-lak-similan\/\"]}]},{\"@type\":\"ImageObject\",\"inLanguage\":\"en-US\",\"@id\":\"https:\/\/andamanscuba.com\/en\/nitrox-course-diving-ean-khao-lak-similan\/#primaryimage\",\"url\":\"https:\/\/andamanscuba.com\/wp-content\/uploads\/2023\/12\/Nitrox-Diving-Khao-Lak-Similan-Dive-Courses.webp\",\"contentUrl\":\"https:\/\/andamanscuba.com\/wp-content\/uploads\/2023\/12\/Nitrox-Diving-Khao-Lak-Similan-Dive-Courses.webp\"},{\"@type\":\"BreadcrumbList\",\"@id\":\"https:\/\/andamanscuba.com\/en\/nitrox-course-diving-ean-khao-lak-similan\/#breadcrumb\",\"itemListElement\":[{\"@type\":\"ListItem\",\"position\":1,\"name\":\"Home\",\"item\":\"https:\/\/andamanscuba.com\/sv\/\"},{\"@type\":\"ListItem\",\"position\":2,\"name\":\"Nitrox Diver Course in Khao Lak &#038; Similan Islands Thailand &#8211; SSI Padi Cmas\"}]},{\"@type\":\"WebSite\",\"@id\":\"https:\/\/andamanscuba.com\/es\/#website\",\"url\":\"https:\/\/andamanscuba.com\/es\/\",\"name\":\"Andaman Scuba\",\"description\":\"Centre de plong\u00e9e et croisi\u00e8res en Tha\u00eflande\",\"publisher\":{\"@id\":\"https:\/\/andamanscuba.com\/es\/#organization\"},\"potentialAction\":[{\"@type\":\"SearchAction\",\"target\":{\"@type\":\"EntryPoint\",\"urlTemplate\":\"https:\/\/andamanscuba.com\/es\/?s={search_term_string}\"},\"query-input\":{\"@type\":\"PropertyValueSpecification\",\"valueRequired\":true,\"valueName\":\"search_term_string\"}}],\"inLanguage\":\"en-US\"},{\"@type\":\"Organization\",\"@id\":\"https:\/\/andamanscuba.com\/es\/#organization\",\"name\":\"Andaman Scuba\",\"url\":\"https:\/\/andamanscuba.com\/es\/\",\"logo\":{\"@type\":\"ImageObject\",\"inLanguage\":\"en-US\",\"@id\":\"https:\/\/andamanscuba.com\/es\/#\/schema\/logo\/image\/\",\"url\":\"https:\/\/andamanscuba.com\/wp-content\/uploads\/2023\/06\/logo-andaman-scuba-plongee-thailande.png\",\"contentUrl\":\"https:\/\/andamanscuba.com\/wp-content\/uploads\/2023\/06\/logo-andaman-scuba-plongee-thailande.png\",\"width\":1148,\"height\":602,\"caption\":\"Andaman Scuba\"},\"image\":{\"@id\":\"https:\/\/andamanscuba.com\/es\/#\/schema\/logo\/image\/\"},\"sameAs\":[\"https:\/\/www.facebook.com\/andaman.scuba\"]}]}<\/script>\n<!-- \/ Yoast SEO Premium plugin. -->","yoast_head_json":{"title":"Nitrox Course Khao Lak CMAS - Technique, Comfort and Safety","description":"Take advantage of our dives and liveaboards to take a CMAS SSI or PADI Nitrox course at our diving center in Khao Lak.","robots":{"index":"index","follow":"follow","max-snippet":"max-snippet:-1","max-image-preview":"max-image-preview:large","max-video-preview":"max-video-preview:-1"},"canonical":"https:\/\/andamanscuba.com\/en\/nitrox-course-diving-ean-khao-lak-similan\/","og_locale":"en_US","og_type":"article","og_title":"Nitrox Diver Course in Khao Lak & Similan Islands Thailand - SSI Padi Cmas","og_description":"Take advantage of our dives and liveaboards to take a CMAS SSI or PADI Nitrox course at our diving center in Khao Lak.","og_url":"https:\/\/andamanscuba.com\/en\/nitrox-course-diving-ean-khao-lak-similan\/","og_site_name":"Andaman Scuba","article_publisher":"https:\/\/www.facebook.com\/andaman.scuba","article_modified_time":"2024-06-15T17:49:28+00:00","og_image":[{"url":"https:\/\/andamanscuba.com\/wp-content\/uploads\/2023\/12\/Nitrox-Diving-Khao-Lak-Similan-Dive-Courses.webp","type":"","width":"","height":""}],"twitter_card":"summary_large_image","twitter_misc":{"Est. reading time":"2 minutes"},"schema":{"@context":"https:\/\/schema.org","@graph":[{"@type":"WebPage","@id":"https:\/\/andamanscuba.com\/en\/nitrox-course-diving-ean-khao-lak-similan\/","url":"https:\/\/andamanscuba.com\/en\/nitrox-course-diving-ean-khao-lak-similan\/","name":"Nitrox Course Khao Lak CMAS - Technique, Comfort and Safety","isPartOf":{"@id":"https:\/\/andamanscuba.com\/es\/#website"},"primaryImageOfPage":{"@id":"https:\/\/andamanscuba.com\/en\/nitrox-course-diving-ean-khao-lak-similan\/#primaryimage"},"image":{"@id":"https:\/\/andamanscuba.com\/en\/nitrox-course-diving-ean-khao-lak-similan\/#primaryimage"},"thumbnailUrl":"https:\/\/andamanscuba.com\/wp-content\/uploads\/2023\/12\/Nitrox-Diving-Khao-Lak-Similan-Dive-Courses.webp","datePublished":"2023-07-02T12:44:53+00:00","dateModified":"2024-06-15T17:49:28+00:00","description":"Take advantage of our dives and liveaboards to take a CMAS SSI or PADI Nitrox course at our diving center in Khao Lak.","breadcrumb":{"@id":"https:\/\/andamanscuba.com\/en\/nitrox-course-diving-ean-khao-lak-similan\/#breadcrumb"},"inLanguage":"en-US","potentialAction":[{"@type":"ReadAction","target":["https:\/\/andamanscuba.com\/en\/nitrox-course-diving-ean-khao-lak-similan\/"]}]},{"@type":"ImageObject","inLanguage":"en-US","@id":"https:\/\/andamanscuba.com\/en\/nitrox-course-diving-ean-khao-lak-similan\/#primaryimage","url":"https:\/\/andamanscuba.com\/wp-content\/uploads\/2023\/12\/Nitrox-Diving-Khao-Lak-Similan-Dive-Courses.webp","contentUrl":"https:\/\/andamanscuba.com\/wp-content\/uploads\/2023\/12\/Nitrox-Diving-Khao-Lak-Similan-Dive-Courses.webp"},{"@type":"BreadcrumbList","@id":"https:\/\/andamanscuba.com\/en\/nitrox-course-diving-ean-khao-lak-similan\/#breadcrumb","itemListElement":[{"@type":"ListItem","position":1,"name":"Home","item":"https:\/\/andamanscuba.com\/sv\/"},{"@type":"ListItem","position":2,"name":"Nitrox Diver Course in Khao Lak &#038; Similan Islands Thailand &#8211; SSI Padi Cmas"}]},{"@type":"WebSite","@id":"https:\/\/andamanscuba.com\/es\/#website","url":"https:\/\/andamanscuba.com\/es\/","name":"Andaman Scuba","description":"Centre de plong\u00e9e et croisi\u00e8res en Tha\u00eflande","publisher":{"@id":"https:\/\/andamanscuba.com\/es\/#organization"},"potentialAction":[{"@type":"SearchAction","target":{"@type":"EntryPoint","urlTemplate":"https:\/\/andamanscuba.com\/es\/?s={search_term_string}"},"query-input":{"@type":"PropertyValueSpecification","valueRequired":true,"valueName":"search_term_string"}}],"inLanguage":"en-US"},{"@type":"Organization","@id":"https:\/\/andamanscuba.com\/es\/#organization","name":"Andaman Scuba","url":"https:\/\/andamanscuba.com\/es\/","logo":{"@type":"ImageObject","inLanguage":"en-US","@id":"https:\/\/andamanscuba.com\/es\/#\/schema\/logo\/image\/","url":"https:\/\/andamanscuba.com\/wp-content\/uploads\/2023\/06\/logo-andaman-scuba-plongee-thailande.png","contentUrl":"https:\/\/andamanscuba.com\/wp-content\/uploads\/2023\/06\/logo-andaman-scuba-plongee-thailande.png","width":1148,"height":602,"caption":"Andaman Scuba"},"image":{"@id":"https:\/\/andamanscuba.com\/es\/#\/schema\/logo\/image\/"},"sameAs":["https:\/\/www.facebook.com\/andaman.scuba"]}]}},"_links":{"self":[{"href":"https:\/\/andamanscuba.com\/en\/wp-json\/wp\/v2\/pages\/18930","targetHints":{"allow":["GET"]}}],"collection":[{"href":"https:\/\/andamanscuba.com\/en\/wp-json\/wp\/v2\/pages"}],"about":[{"href":"https:\/\/andamanscuba.com\/en\/wp-json\/wp\/v2\/types\/page"}],"author":[{"embeddable":true,"href":"https:\/\/andamanscuba.com\/en\/wp-json\/wp\/v2\/users\/1"}],"replies":[{"embeddable":true,"href":"https:\/\/andamanscuba.com\/en\/wp-json\/wp\/v2\/comments?post=18930"}],"version-history":[{"count":29,"href":"https:\/\/andamanscuba.com\/en\/wp-json\/wp\/v2\/pages\/18930\/revisions"}],"predecessor-version":[{"id":30025,"href":"https:\/\/andamanscuba.com\/en\/wp-json\/wp\/v2\/pages\/18930\/revisions\/30025"}],"wp:attachment":[{"href":"https:\/\/andamanscuba.com\/en\/wp-json\/wp\/v2\/media?parent=18930"}],"curies":[{"name":"wp","href":"https:\/\/api.w.org\/{rel}","templated":true}]}}