{"id":18928,"date":"2023-07-02T13:06:36","date_gmt":"2023-07-02T13:06:36","guid":{"rendered":"https:\/\/andamanscuba.com\/cours-plongee-divemaster-guide-professionnel-khao-lak-ssi-padi-cmas\/"},"modified":"2024-06-15T17:56:06","modified_gmt":"2024-06-15T17:56:06","slug":"divemaster-course-khao-lak-similan","status":"publish","type":"page","link":"https:\/\/andamanscuba.com\/en\/divemaster-course-khao-lak-similan\/","title":{"rendered":"Divemaster Certification Dive Leader Diving Course in Khao Lak &#038; Similan Islands Thailand &#8211; Ssi Padi Cmas"},"content":{"rendered":"\t\t<div data-elementor-type=\"wp-page\" data-elementor-id=\"18928\" class=\"elementor elementor-18928 elementor-14310\" data-elementor-settings=\"{&quot;ha_cmc_init_switcher&quot;:&quot;no&quot;}\" data-elementor-post-type=\"page\">\n\t\t\t\t\t\t<section class=\"elementor-section elementor-top-section elementor-element elementor-element-75b2d2b elementor-section-boxed elementor-section-height-default elementor-section-height-default\" data-id=\"75b2d2b\" data-element_type=\"section\" data-settings=\"{&quot;background_background&quot;:&quot;classic&quot;}\">\n\t\t\t\t\t\t<div class=\"elementor-container elementor-column-gap-default\">\n\t\t\t\t\t<div class=\"elementor-column elementor-col-33 elementor-top-column elementor-element elementor-element-2908711\" data-id=\"2908711\" data-element_type=\"column\" data-settings=\"{&quot;background_background&quot;:&quot;classic&quot;}\">\n\t\t\t<div class=\"elementor-widget-wrap elementor-element-populated\">\n\t\t\t\t\t\t<div class=\"elementor-element elementor-element-4dbf1ca elementor-mobile-align-center elementor-align-left subtitle-position-below elementor-widget elementor-widget-floaty-heading\" data-id=\"4dbf1ca\" data-element_type=\"widget\" data-widget_type=\"floaty-heading.default\">\n\t\t\t\t<div class=\"elementor-widget-container\">\n\t\t\t\t\t        <div class=\"elementor-heading-wrapper-inner\"><div class=\"elementor-sub-title\">Divemaster Course Khao Lak<\/div><h1 class=\"elementor-heading-title\">Get the professional level<\/h1><\/div>\t\t\t\t<\/div>\n\t\t\t\t<\/div>\n\t\t\t\t<div class=\"elementor-element elementor-element-1417abc elementor-invisible elementor-widget elementor-widget-image\" data-id=\"1417abc\" data-element_type=\"widget\" data-settings=\"{&quot;_animation&quot;:&quot;bounce&quot;}\" data-widget_type=\"image.default\">\n\t\t\t\t<div class=\"elementor-widget-container\">\n\t\t\t\t\t\t\t\t\t\t\t\t\t\t\t<img fetchpriority=\"high\" decoding=\"async\" width=\"1188\" height=\"242\" src=\"https:\/\/andamanscuba.com\/wp-content\/uploads\/2023\/12\/Divemaster-Khao-Lak-Similan-Diving-Courses-Certificate.webp\" class=\"attachment-full size-full wp-image-28212\" alt=\"Divemaster Khao Lak Similan Diving Course Certification\" srcset=\"https:\/\/andamanscuba.com\/wp-content\/uploads\/2023\/12\/Divemaster-Khao-Lak-Similan-Diving-Courses-Certificate.webp 1188w, https:\/\/andamanscuba.com\/wp-content\/uploads\/2023\/12\/Divemaster-Khao-Lak-Similan-Diving-Courses-Certificate-300x61.webp 300w, https:\/\/andamanscuba.com\/wp-content\/uploads\/2023\/12\/Divemaster-Khao-Lak-Similan-Diving-Courses-Certificate-1024x209.webp 1024w, https:\/\/andamanscuba.com\/wp-content\/uploads\/2023\/12\/Divemaster-Khao-Lak-Similan-Diving-Courses-Certificate-768x156.webp 768w\" sizes=\"(max-width: 1188px) 100vw, 1188px\" \/>\t\t\t\t\t\t\t\t\t\t\t\t\t\t\t<\/div>\n\t\t\t\t<\/div>\n\t\t\t\t<div class=\"elementor-element elementor-element-f350a3d elementor-widget elementor-widget-text-editor\" data-id=\"f350a3d\" data-element_type=\"widget\" data-widget_type=\"text-editor.default\">\n\t\t\t\t<div class=\"elementor-widget-container\">\n\t\t\t\t\t\t\t\t\t<p>Want to make diving your profession? Turn your passion into a career?<\/p><p>Our Divemaster course in Khao Lak, Thailand, opens the door to an exciting career in the world of scuba diving in a tropical setting.<\/p><p>You&#8217;ll learn to safely guide certified divers in a variety of environments and conditions. Setting up safety, giving dive briefings, assessing and mapping dive sites, directing dives and assisting other instructors&#8230; you&#8217;ll know all about it!<\/p><p>By joining the Divemaster course in Khao Lak, you&#8217;ll have the opportunity to train with a team of experienced SSI, CMAS and PADI instructors who will guide you along the way.<\/p><p>You&#8217;ll develop advanced diving, leadership and group management skills as you explore Thailand&#8217;s beautiful dive sites: Similan Islands, Richelieu Rock, Surin Islands, Koh Phi Phi, Koh Haa, Hin Daeng&#8230; and much moche.<\/p><p>Whether you want to work as a professional dive guide or simply deepen your knowledge, our Divemaster course in Khao Lak at our dive center is designed to offer you comprehensive training and an unforgettable experience.<\/p>\t\t\t\t\t\t\t\t<\/div>\n\t\t\t\t<\/div>\n\t\t\t\t<div class=\"elementor-element elementor-element-682d00f elementor-mobile-align-center elementor-button-default elementor-widget elementor-widget-button\" data-id=\"682d00f\" data-element_type=\"widget\" data-widget_type=\"button.default\">\n\t\t\t\t<div class=\"elementor-widget-container\">\n\t\t\t\t\t\t\t\t\t<div class=\"elementor-button-wrapper\">\n\t\t\t\t\t<a class=\"elementor-button elementor-button-link elementor-size-sm\" href=\"https:\/\/andamanscuba.com\/formulaire-contact-reservation-cours-plongee\">\n\t\t\t\t\t\t<span class=\"elementor-button-content-wrapper\">\n\t\t\t\t\t\t\t\t\t<span class=\"elementor-button-text\">Contact Us<\/span>\n\t\t\t\t\t<\/span>\n\t\t\t\t\t<\/a>\n\t\t\t\t<\/div>\n\t\t\t\t\t\t\t\t<\/div>\n\t\t\t\t<\/div>\n\t\t\t\t\t<\/div>\n\t\t<\/div>\n\t\t\t\t<div class=\"elementor-column elementor-col-33 elementor-top-column elementor-element elementor-element-606017c\" data-id=\"606017c\" data-element_type=\"column\">\n\t\t\t<div class=\"elementor-widget-wrap elementor-element-populated\">\n\t\t\t\t\t\t<div class=\"elementor-element elementor-element-d2d3e6b elementor-widget-tablet_extra__width-initial elementor-invisible elementor-widget elementor-widget-image\" data-id=\"d2d3e6b\" data-element_type=\"widget\" data-settings=\"{&quot;_animation&quot;:&quot;bounce&quot;}\" data-widget_type=\"image.default\">\n\t\t\t\t<div class=\"elementor-widget-container\">\n\t\t\t\t\t\t\t\t\t\t\t\t\t\t\t<img decoding=\"async\" width=\"628\" height=\"560\" src=\"https:\/\/andamanscuba.com\/wp-content\/uploads\/2024\/06\/Divemaster-Certification-Khao-Lak-Similan.webp\" class=\"attachment-full size-full wp-image-30047\" alt=\"Divemaster Certification Khao Lak Similan\" srcset=\"https:\/\/andamanscuba.com\/wp-content\/uploads\/2024\/06\/Divemaster-Certification-Khao-Lak-Similan.webp 628w, https:\/\/andamanscuba.com\/wp-content\/uploads\/2024\/06\/Divemaster-Certification-Khao-Lak-Similan-300x268.webp 300w\" sizes=\"(max-width: 628px) 100vw, 628px\" \/>\t\t\t\t\t\t\t\t\t\t\t\t\t\t\t<\/div>\n\t\t\t\t<\/div>\n\t\t\t\t\t<\/div>\n\t\t<\/div>\n\t\t\t\t<div class=\"elementor-column elementor-col-33 elementor-top-column elementor-element elementor-element-20221ee\" data-id=\"20221ee\" data-element_type=\"column\" data-settings=\"{&quot;background_background&quot;:&quot;classic&quot;}\">\n\t\t\t<div class=\"elementor-widget-wrap elementor-element-populated\">\n\t\t\t\t\t\t<section class=\"elementor-section elementor-inner-section elementor-element elementor-element-98fe213 elementor-section-boxed elementor-section-height-default elementor-section-height-default\" data-id=\"98fe213\" data-element_type=\"section\">\n\t\t\t\t\t\t<div class=\"elementor-container elementor-column-gap-default\">\n\t\t\t\t\t<div class=\"elementor-column elementor-col-100 elementor-inner-column elementor-element elementor-element-a36418d elementor-invisible\" data-id=\"a36418d\" data-element_type=\"column\" data-settings=\"{&quot;animation&quot;:&quot;slideInUp&quot;}\">\n\t\t\t<div class=\"elementor-widget-wrap elementor-element-populated\">\n\t\t\t\t\t\t<div class=\"elementor-element elementor-element-3e451c6 elementor-widget elementor-widget-price-table\" data-id=\"3e451c6\" data-element_type=\"widget\" data-widget_type=\"price-table.default\">\n\t\t\t\t<div class=\"elementor-widget-container\">\n\t\t\t\t\t\n\t\t<div class=\"elementor-price-table\">\n\t\t\t\t\t\t\t<div class=\"elementor-price-table__header\">\n\t\t\t\t\t\t\t\t\t\t\t<h4 class=\"elementor-price-table__heading\">\n\t\t\t\t\t\tPROFESSIONAL LEVEL\t\t\t\t\t\t<\/h4>\n\t\t\t\t\t\n\t\t\t\t\t\t\t\t\t<\/div>\n\t\t\t\n\t\t\t<div class=\"elementor-price-table__price\">\n\t\t\t\t\t\t\t\t\t\t\t\t\n\t\t\t\t\n\t\t\t\t\n\t\t\t\t\t\t\t\t\t<span class=\"elementor-price-table__period elementor-typo-excluded\">Become a<\/span>\t\t\t\t\t\t\t<\/div>\n\n\t\t\t\t\t\t\t<ul class=\"elementor-price-table__features-list\">\n\t\t\t\t\t\t\t\t\t\t\t<li class=\"elementor-repeater-item-8f21a18\">\n\t\t\t\t\t\t\t<div class=\"elementor-price-table__feature-inner\">\n\t\t\t\t\t\t\t\t<i aria-hidden=\"true\" class=\"far fa-check-circle\"><\/i>\t\t\t\t\t\t\t\t\t\t\t\t\t\t\t\t\t<span >\n\t\t\t\t\t\t\t\t\t\tDive Guide\t\t\t\t\t\t\t\t\t<\/span>\n\t\t\t\t\t\t\t\t\t\t\t\t\t\t\t\t<\/div>\n\t\t\t\t\t\t<\/li>\n\t\t\t\t\t\t\t\t\t\t\t<li class=\"elementor-repeater-item-604ebb2\">\n\t\t\t\t\t\t\t<div class=\"elementor-price-table__feature-inner\">\n\t\t\t\t\t\t\t\t<i aria-hidden=\"true\" class=\"far fa-check-circle\"><\/i>\t\t\t\t\t\t\t\t\t\t\t\t\t\t\t\t\t<span >\n\t\t\t\t\t\t\t\t\t\tDivemaster\t\t\t\t\t\t\t\t\t<\/span>\n\t\t\t\t\t\t\t\t\t\t\t\t\t\t\t\t<\/div>\n\t\t\t\t\t\t<\/li>\n\t\t\t\t\t\t\t\t\t\t\t<li class=\"elementor-repeater-item-b3a8d4c\">\n\t\t\t\t\t\t\t<div class=\"elementor-price-table__feature-inner\">\n\t\t\t\t\t\t\t\t<i aria-hidden=\"true\" class=\"far fa-check-circle\"><\/i>\t\t\t\t\t\t\t\t\t\t\t\t\t\t\t\t\t<span >\n\t\t\t\t\t\t\t\t\t\tDive Leader\t\t\t\t\t\t\t\t\t<\/span>\n\t\t\t\t\t\t\t\t\t\t\t\t\t\t\t\t<\/div>\n\t\t\t\t\t\t<\/li>\n\t\t\t\t\t\t\t\t\t\t\t<li class=\"elementor-repeater-item-c2008b2\">\n\t\t\t\t\t\t\t<div class=\"elementor-price-table__feature-inner\">\n\t\t\t\t\t\t\t\t\t\t\t\t\t\t\t\t\t\t\t\t\t\t\t\t\t<span >\n\t\t\t\t\t\t\t\t\t\tDepending on your diving level and experience, our Divemaster course offers flexible durations, ranging from 2 weeks to 3 months.<br><br>  Throughout this comprehensive training, our team of instructors will accompany you on your journey to becoming a professional dive guide, imparting in-depth knowledge and unparalleled experience gained from our cruises and daily dive trips.<br><br> You'll acquire the necessary skills to lead safe dives and guide divers through extraordinary underwater sites. The world of diving awaits you!\t\t\t\t\t\t\t\t\t<\/span>\n\t\t\t\t\t\t\t\t\t\t\t\t\t\t\t\t<\/div>\n\t\t\t\t\t\t<\/li>\n\t\t\t\t\t\t\t\t\t<\/ul>\n\t\t\t\n\t\t\t\t\t\t\t<div class=\"elementor-price-table__footer\">\n\t\t\t\t\t\t\t\t\t\t\t<a class=\"elementor-price-table__button elementor-button elementor-size-md\" href=\"https:\/\/andamanscuba.com\/en\/contact-booking-scuba-diving-courses-thailand\">\n\t\t\t\t\t\t\tContact Us\t\t\t\t\t\t<\/a>\n\t\t\t\t\t\n\t\t\t\t\t\t\t\t\t<\/div>\n\t\t\t\t\t<\/div>\n\n\t\t\t\t\t\t<\/div>\n\t\t\t\t<\/div>\n\t\t\t\t\t<\/div>\n\t\t<\/div>\n\t\t\t\t\t<\/div>\n\t\t<\/section>\n\t\t\t\t\t<\/div>\n\t\t<\/div>\n\t\t\t\t\t<\/div>\n\t\t<\/section>\n\t\t\t\t<\/div>\n\t\t","protected":false},"excerpt":{"rendered":"<p>Divemaster Course Khao Lak Get the professional level Want to make diving your profession? Turn your passion into a career? Our Divemaster course in Khao Lak, Thailand, opens the door to an exciting career in the world of scuba diving in a tropical setting. You&#8217;ll learn to safely guide certified divers in a variety of [&hellip;]<\/p>\n","protected":false},"author":1,"featured_media":0,"parent":0,"menu_order":0,"comment_status":"closed","ping_status":"closed","template":"template-homepage.php","meta":{"inline_featured_image":false,"footnotes":""},"class_list":["post-18928","page","type-page","status-publish","hentry"],"yoast_head":"<!-- This site is optimized with the Yoast SEO Premium plugin v23.3 (Yoast SEO v26.6) - https:\/\/yoast.com\/wordpress\/plugins\/seo\/ -->\n<title>Divemaster Course Khao Lak Similan - Get the professional level<\/title>\n<meta name=\"description\" content=\"Become a divemaster and get your first professional certification with our Divemaster course in Khao Lak, Thailand.\" \/>\n<meta name=\"robots\" content=\"index, follow, max-snippet:-1, max-image-preview:large, max-video-preview:-1\" \/>\n<link rel=\"canonical\" href=\"https:\/\/andamanscuba.com\/en\/divemaster-course-khao-lak-similan\/\" \/>\n<meta property=\"og:locale\" content=\"en_US\" \/>\n<meta property=\"og:type\" content=\"article\" \/>\n<meta property=\"og:title\" content=\"Divemaster Certification Dive Leader Diving Course in Khao Lak &amp; Similan Islands Thailand - Ssi Padi Cmas\" \/>\n<meta property=\"og:description\" content=\"Become a divemaster and get your first professional certification with our Divemaster course in Khao Lak, Thailand.\" \/>\n<meta property=\"og:url\" content=\"https:\/\/andamanscuba.com\/en\/divemaster-course-khao-lak-similan\/\" \/>\n<meta property=\"og:site_name\" content=\"Andaman Scuba\" \/>\n<meta property=\"article:publisher\" content=\"https:\/\/www.facebook.com\/andaman.scuba\" \/>\n<meta property=\"article:modified_time\" content=\"2024-06-15T17:56:06+00:00\" \/>\n<meta property=\"og:image\" content=\"https:\/\/andamanscuba.com\/wp-content\/uploads\/2023\/12\/Divemaster-Khao-Lak-Similan-Diving-Courses-Certificate.webp\" \/>\n<meta name=\"twitter:card\" content=\"summary_large_image\" \/>\n<meta name=\"twitter:label1\" content=\"Est. reading time\" \/>\n\t<meta name=\"twitter:data1\" content=\"2 minutes\" \/>\n<script type=\"application\/ld+json\" class=\"yoast-schema-graph\">{\"@context\":\"https:\/\/schema.org\",\"@graph\":[{\"@type\":\"WebPage\",\"@id\":\"https:\/\/andamanscuba.com\/en\/divemaster-course-khao-lak-similan\/\",\"url\":\"https:\/\/andamanscuba.com\/en\/divemaster-course-khao-lak-similan\/\",\"name\":\"Divemaster Course Khao Lak Similan - Get the professional level\",\"isPartOf\":{\"@id\":\"https:\/\/andamanscuba.com\/es\/#website\"},\"primaryImageOfPage\":{\"@id\":\"https:\/\/andamanscuba.com\/en\/divemaster-course-khao-lak-similan\/#primaryimage\"},\"image\":{\"@id\":\"https:\/\/andamanscuba.com\/en\/divemaster-course-khao-lak-similan\/#primaryimage\"},\"thumbnailUrl\":\"https:\/\/andamanscuba.com\/wp-content\/uploads\/2023\/12\/Divemaster-Khao-Lak-Similan-Diving-Courses-Certificate.webp\",\"datePublished\":\"2023-07-02T13:06:36+00:00\",\"dateModified\":\"2024-06-15T17:56:06+00:00\",\"description\":\"Become a divemaster and get your first professional certification with our Divemaster course in Khao Lak, Thailand.\",\"breadcrumb\":{\"@id\":\"https:\/\/andamanscuba.com\/en\/divemaster-course-khao-lak-similan\/#breadcrumb\"},\"inLanguage\":\"en-US\",\"potentialAction\":[{\"@type\":\"ReadAction\",\"target\":[\"https:\/\/andamanscuba.com\/en\/divemaster-course-khao-lak-similan\/\"]}]},{\"@type\":\"ImageObject\",\"inLanguage\":\"en-US\",\"@id\":\"https:\/\/andamanscuba.com\/en\/divemaster-course-khao-lak-similan\/#primaryimage\",\"url\":\"https:\/\/andamanscuba.com\/wp-content\/uploads\/2023\/12\/Divemaster-Khao-Lak-Similan-Diving-Courses-Certificate.webp\",\"contentUrl\":\"https:\/\/andamanscuba.com\/wp-content\/uploads\/2023\/12\/Divemaster-Khao-Lak-Similan-Diving-Courses-Certificate.webp\"},{\"@type\":\"BreadcrumbList\",\"@id\":\"https:\/\/andamanscuba.com\/en\/divemaster-course-khao-lak-similan\/#breadcrumb\",\"itemListElement\":[{\"@type\":\"ListItem\",\"position\":1,\"name\":\"Home\",\"item\":\"https:\/\/andamanscuba.com\/sv\/\"},{\"@type\":\"ListItem\",\"position\":2,\"name\":\"Divemaster Certification Dive Leader Diving Course in Khao Lak &#038; Similan Islands Thailand &#8211; Ssi Padi Cmas\"}]},{\"@type\":\"WebSite\",\"@id\":\"https:\/\/andamanscuba.com\/es\/#website\",\"url\":\"https:\/\/andamanscuba.com\/es\/\",\"name\":\"Andaman Scuba\",\"description\":\"Centre de plong\u00e9e et croisi\u00e8res en Tha\u00eflande\",\"publisher\":{\"@id\":\"https:\/\/andamanscuba.com\/es\/#organization\"},\"potentialAction\":[{\"@type\":\"SearchAction\",\"target\":{\"@type\":\"EntryPoint\",\"urlTemplate\":\"https:\/\/andamanscuba.com\/es\/?s={search_term_string}\"},\"query-input\":{\"@type\":\"PropertyValueSpecification\",\"valueRequired\":true,\"valueName\":\"search_term_string\"}}],\"inLanguage\":\"en-US\"},{\"@type\":\"Organization\",\"@id\":\"https:\/\/andamanscuba.com\/es\/#organization\",\"name\":\"Andaman Scuba\",\"url\":\"https:\/\/andamanscuba.com\/es\/\",\"logo\":{\"@type\":\"ImageObject\",\"inLanguage\":\"en-US\",\"@id\":\"https:\/\/andamanscuba.com\/es\/#\/schema\/logo\/image\/\",\"url\":\"https:\/\/andamanscuba.com\/wp-content\/uploads\/2023\/06\/logo-andaman-scuba-plongee-thailande.png\",\"contentUrl\":\"https:\/\/andamanscuba.com\/wp-content\/uploads\/2023\/06\/logo-andaman-scuba-plongee-thailande.png\",\"width\":1148,\"height\":602,\"caption\":\"Andaman Scuba\"},\"image\":{\"@id\":\"https:\/\/andamanscuba.com\/es\/#\/schema\/logo\/image\/\"},\"sameAs\":[\"https:\/\/www.facebook.com\/andaman.scuba\"]}]}<\/script>\n<!-- \/ Yoast SEO Premium plugin. -->","yoast_head_json":{"title":"Divemaster Course Khao Lak Similan - Get the professional level","description":"Become a divemaster and get your first professional certification with our Divemaster course in Khao Lak, Thailand.","robots":{"index":"index","follow":"follow","max-snippet":"max-snippet:-1","max-image-preview":"max-image-preview:large","max-video-preview":"max-video-preview:-1"},"canonical":"https:\/\/andamanscuba.com\/en\/divemaster-course-khao-lak-similan\/","og_locale":"en_US","og_type":"article","og_title":"Divemaster Certification Dive Leader Diving Course in Khao Lak & Similan Islands Thailand - Ssi Padi Cmas","og_description":"Become a divemaster and get your first professional certification with our Divemaster course in Khao Lak, Thailand.","og_url":"https:\/\/andamanscuba.com\/en\/divemaster-course-khao-lak-similan\/","og_site_name":"Andaman Scuba","article_publisher":"https:\/\/www.facebook.com\/andaman.scuba","article_modified_time":"2024-06-15T17:56:06+00:00","og_image":[{"url":"https:\/\/andamanscuba.com\/wp-content\/uploads\/2023\/12\/Divemaster-Khao-Lak-Similan-Diving-Courses-Certificate.webp","type":"","width":"","height":""}],"twitter_card":"summary_large_image","twitter_misc":{"Est. reading time":"2 minutes"},"schema":{"@context":"https:\/\/schema.org","@graph":[{"@type":"WebPage","@id":"https:\/\/andamanscuba.com\/en\/divemaster-course-khao-lak-similan\/","url":"https:\/\/andamanscuba.com\/en\/divemaster-course-khao-lak-similan\/","name":"Divemaster Course Khao Lak Similan - Get the professional level","isPartOf":{"@id":"https:\/\/andamanscuba.com\/es\/#website"},"primaryImageOfPage":{"@id":"https:\/\/andamanscuba.com\/en\/divemaster-course-khao-lak-similan\/#primaryimage"},"image":{"@id":"https:\/\/andamanscuba.com\/en\/divemaster-course-khao-lak-similan\/#primaryimage"},"thumbnailUrl":"https:\/\/andamanscuba.com\/wp-content\/uploads\/2023\/12\/Divemaster-Khao-Lak-Similan-Diving-Courses-Certificate.webp","datePublished":"2023-07-02T13:06:36+00:00","dateModified":"2024-06-15T17:56:06+00:00","description":"Become a divemaster and get your first professional certification with our Divemaster course in Khao Lak, Thailand.","breadcrumb":{"@id":"https:\/\/andamanscuba.com\/en\/divemaster-course-khao-lak-similan\/#breadcrumb"},"inLanguage":"en-US","potentialAction":[{"@type":"ReadAction","target":["https:\/\/andamanscuba.com\/en\/divemaster-course-khao-lak-similan\/"]}]},{"@type":"ImageObject","inLanguage":"en-US","@id":"https:\/\/andamanscuba.com\/en\/divemaster-course-khao-lak-similan\/#primaryimage","url":"https:\/\/andamanscuba.com\/wp-content\/uploads\/2023\/12\/Divemaster-Khao-Lak-Similan-Diving-Courses-Certificate.webp","contentUrl":"https:\/\/andamanscuba.com\/wp-content\/uploads\/2023\/12\/Divemaster-Khao-Lak-Similan-Diving-Courses-Certificate.webp"},{"@type":"BreadcrumbList","@id":"https:\/\/andamanscuba.com\/en\/divemaster-course-khao-lak-similan\/#breadcrumb","itemListElement":[{"@type":"ListItem","position":1,"name":"Home","item":"https:\/\/andamanscuba.com\/sv\/"},{"@type":"ListItem","position":2,"name":"Divemaster Certification Dive Leader Diving Course in Khao Lak &#038; Similan Islands Thailand &#8211; Ssi Padi Cmas"}]},{"@type":"WebSite","@id":"https:\/\/andamanscuba.com\/es\/#website","url":"https:\/\/andamanscuba.com\/es\/","name":"Andaman Scuba","description":"Centre de plong\u00e9e et croisi\u00e8res en Tha\u00eflande","publisher":{"@id":"https:\/\/andamanscuba.com\/es\/#organization"},"potentialAction":[{"@type":"SearchAction","target":{"@type":"EntryPoint","urlTemplate":"https:\/\/andamanscuba.com\/es\/?s={search_term_string}"},"query-input":{"@type":"PropertyValueSpecification","valueRequired":true,"valueName":"search_term_string"}}],"inLanguage":"en-US"},{"@type":"Organization","@id":"https:\/\/andamanscuba.com\/es\/#organization","name":"Andaman Scuba","url":"https:\/\/andamanscuba.com\/es\/","logo":{"@type":"ImageObject","inLanguage":"en-US","@id":"https:\/\/andamanscuba.com\/es\/#\/schema\/logo\/image\/","url":"https:\/\/andamanscuba.com\/wp-content\/uploads\/2023\/06\/logo-andaman-scuba-plongee-thailande.png","contentUrl":"https:\/\/andamanscuba.com\/wp-content\/uploads\/2023\/06\/logo-andaman-scuba-plongee-thailande.png","width":1148,"height":602,"caption":"Andaman Scuba"},"image":{"@id":"https:\/\/andamanscuba.com\/es\/#\/schema\/logo\/image\/"},"sameAs":["https:\/\/www.facebook.com\/andaman.scuba"]}]}},"_links":{"self":[{"href":"https:\/\/andamanscuba.com\/en\/wp-json\/wp\/v2\/pages\/18928","targetHints":{"allow":["GET"]}}],"collection":[{"href":"https:\/\/andamanscuba.com\/en\/wp-json\/wp\/v2\/pages"}],"about":[{"href":"https:\/\/andamanscuba.com\/en\/wp-json\/wp\/v2\/types\/page"}],"author":[{"embeddable":true,"href":"https:\/\/andamanscuba.com\/en\/wp-json\/wp\/v2\/users\/1"}],"replies":[{"embeddable":true,"href":"https:\/\/andamanscuba.com\/en\/wp-json\/wp\/v2\/comments?post=18928"}],"version-history":[{"count":26,"href":"https:\/\/andamanscuba.com\/en\/wp-json\/wp\/v2\/pages\/18928\/revisions"}],"predecessor-version":[{"id":30052,"href":"https:\/\/andamanscuba.com\/en\/wp-json\/wp\/v2\/pages\/18928\/revisions\/30052"}],"wp:attachment":[{"href":"https:\/\/andamanscuba.com\/en\/wp-json\/wp\/v2\/media?parent=18928"}],"curies":[{"name":"wp","href":"https:\/\/api.w.org\/{rel}","templated":true}]}}