{"id":18926,"date":"2023-07-02T13:24:15","date_gmt":"2023-07-02T13:24:15","guid":{"rendered":"https:\/\/andamanscuba.com\/cours-plongee-profonde-khao-lak-phuket-ssi-padi-cmas\/"},"modified":"2025-11-07T15:15:50","modified_gmt":"2025-11-07T15:15:50","slug":"deep-diver-khao-lak-diving-course-similan","status":"publish","type":"page","link":"https:\/\/andamanscuba.com\/en\/deep-diver-khao-lak-diving-course-similan\/","title":{"rendered":"Deep Diver Course in Khao Lak &#038; Similan Islands Thailand &#8211; Ssi Padi Cmas"},"content":{"rendered":"\t\t<div data-elementor-type=\"wp-page\" data-elementor-id=\"18926\" class=\"elementor elementor-18926 elementor-14332\" data-elementor-settings=\"{&quot;ha_cmc_init_switcher&quot;:&quot;no&quot;}\" data-elementor-post-type=\"page\">\n\t\t\t\t\t\t<section class=\"elementor-section elementor-top-section elementor-element elementor-element-75b2d2b elementor-section-stretched elementor-section-boxed elementor-section-height-default elementor-section-height-default\" data-id=\"75b2d2b\" data-element_type=\"section\" data-settings=\"{&quot;background_background&quot;:&quot;classic&quot;,&quot;stretch_section&quot;:&quot;section-stretched&quot;}\">\n\t\t\t\t\t\t<div class=\"elementor-container elementor-column-gap-default\">\n\t\t\t\t\t<div class=\"elementor-column elementor-col-50 elementor-top-column elementor-element elementor-element-2908711\" data-id=\"2908711\" data-element_type=\"column\" data-settings=\"{&quot;background_background&quot;:&quot;classic&quot;}\">\n\t\t\t<div class=\"elementor-widget-wrap elementor-element-populated\">\n\t\t\t\t\t\t<div class=\"elementor-element elementor-element-4dbf1ca elementor-mobile-align-center elementor-align-left subtitle-position-below elementor-widget elementor-widget-floaty-heading\" data-id=\"4dbf1ca\" data-element_type=\"widget\" data-widget_type=\"floaty-heading.default\">\n\t\t\t\t<div class=\"elementor-widget-container\">\n\t\t\t\t\t        <div class=\"elementor-heading-wrapper-inner\"><div class=\"elementor-sub-title\">Deep Diver Khao Lak<\/div><h1 class=\"elementor-heading-title\">Upgrade your diving level<\/h1><\/div>\t\t\t\t<\/div>\n\t\t\t\t<\/div>\n\t\t\t\t<div class=\"elementor-element elementor-element-4e2ab35 elementor-invisible elementor-widget elementor-widget-image\" data-id=\"4e2ab35\" data-element_type=\"widget\" data-settings=\"{&quot;_animation&quot;:&quot;bounce&quot;}\" data-widget_type=\"image.default\">\n\t\t\t\t<div class=\"elementor-widget-container\">\n\t\t\t\t\t\t\t\t\t\t\t\t\t\t\t<img fetchpriority=\"high\" decoding=\"async\" width=\"1188\" height=\"242\" src=\"https:\/\/andamanscuba.com\/wp-content\/uploads\/2023\/12\/Deep-Diving-Khao-Lak-Similan-Dive-Courses.webp\" class=\"attachment-full size-full wp-image-28151\" alt=\"Deep Diving Khao Lak Similan Dive Course\" srcset=\"https:\/\/andamanscuba.com\/wp-content\/uploads\/2023\/12\/Deep-Diving-Khao-Lak-Similan-Dive-Courses.webp 1188w, https:\/\/andamanscuba.com\/wp-content\/uploads\/2023\/12\/Deep-Diving-Khao-Lak-Similan-Dive-Courses-300x61.webp 300w, https:\/\/andamanscuba.com\/wp-content\/uploads\/2023\/12\/Deep-Diving-Khao-Lak-Similan-Dive-Courses-1024x209.webp 1024w, https:\/\/andamanscuba.com\/wp-content\/uploads\/2023\/12\/Deep-Diving-Khao-Lak-Similan-Dive-Courses-768x156.webp 768w\" sizes=\"(max-width: 1188px) 100vw, 1188px\" \/>\t\t\t\t\t\t\t\t\t\t\t\t\t\t\t<\/div>\n\t\t\t\t<\/div>\n\t\t\t\t<div class=\"elementor-element elementor-element-f350a3d elementor-widget elementor-widget-text-editor\" data-id=\"f350a3d\" data-element_type=\"widget\" data-widget_type=\"text-editor.default\">\n\t\t\t\t<div class=\"elementor-widget-container\">\n\t\t\t\t\t\t\t\t\t<p>Venture into the deep with safety and confidence thanks to our Deep Diving course and our certified SSI,&nbsp; CMAS or PADI instructors in Khao Lak.<\/p>\n<p>The Deep Diving specialty will teach you everything you need to dive to depths between 18 and 40 meters.<\/p>\n<p>Our certified SSI, CMAS, PADI instructors will teach you the techniques and protocols you need to perfect your deep diving skills, whether in the sea near Khao Lak, or on one of our diving liveaboards.<\/p>\n<p>Through a mix of theory sessions and open water dives, you&#8217;ll learn how to safely plan and execute your deep diving adventures.<\/p>\n<p>Seize the opportunity special diving course in our scuba center, to discover incredible dive sites and admire exceptional marine flora and fauna in the middle of the Andaman Sea.<\/p>\t\t\t\t\t\t\t\t<\/div>\n\t\t\t\t<\/div>\n\t\t\t\t<div class=\"elementor-element elementor-element-682d00f elementor-align-center elementor-button-default elementor-widget elementor-widget-button\" data-id=\"682d00f\" data-element_type=\"widget\" data-widget_type=\"button.default\">\n\t\t\t\t<div class=\"elementor-widget-container\">\n\t\t\t\t\t\t\t\t\t<div class=\"elementor-button-wrapper\">\n\t\t\t\t\t<a class=\"elementor-button elementor-button-link elementor-size-sm\" href=\"https:\/\/andamanscuba.com\/formulaire-contact-reservation-cours-plongee\">\n\t\t\t\t\t\t<span class=\"elementor-button-content-wrapper\">\n\t\t\t\t\t\t\t\t\t<span class=\"elementor-button-text\">Contact us<\/span>\n\t\t\t\t\t<\/span>\n\t\t\t\t\t<\/a>\n\t\t\t\t<\/div>\n\t\t\t\t\t\t\t\t<\/div>\n\t\t\t\t<\/div>\n\t\t\t\t\t<\/div>\n\t\t<\/div>\n\t\t\t\t<div class=\"elementor-column elementor-col-50 elementor-top-column elementor-element elementor-element-2bbdf2c\" data-id=\"2bbdf2c\" data-element_type=\"column\">\n\t\t\t<div class=\"elementor-widget-wrap elementor-element-populated\">\n\t\t\t\t\t\t<div class=\"elementor-element elementor-element-8ccca33 elementor-invisible elementor-widget elementor-widget-image\" data-id=\"8ccca33\" data-element_type=\"widget\" data-settings=\"{&quot;_animation&quot;:&quot;bounce&quot;}\" data-widget_type=\"image.default\">\n\t\t\t\t<div class=\"elementor-widget-container\">\n\t\t\t\t\t\t\t\t\t\t\t\t\t\t\t<img decoding=\"async\" width=\"639\" height=\"710\" src=\"https:\/\/andamanscuba.com\/wp-content\/uploads\/2024\/06\/Deep-Diver-Khao-Lak-Similan-Diving-Course.webp\" class=\"attachment-full size-full wp-image-30026\" alt=\"Deep Diver Khao Lak Similan Diving Course\" srcset=\"https:\/\/andamanscuba.com\/wp-content\/uploads\/2024\/06\/Deep-Diver-Khao-Lak-Similan-Diving-Course.webp 639w, https:\/\/andamanscuba.com\/wp-content\/uploads\/2024\/06\/Deep-Diver-Khao-Lak-Similan-Diving-Course-270x300.webp 270w\" sizes=\"(max-width: 639px) 100vw, 639px\" \/>\t\t\t\t\t\t\t\t\t\t\t\t\t\t\t<\/div>\n\t\t\t\t<\/div>\n\t\t\t\t\t<\/div>\n\t\t<\/div>\n\t\t\t\t\t<\/div>\n\t\t<\/section>\n\t\t\t\t<section class=\"elementor-section elementor-top-section elementor-element elementor-element-d1d551d elementor-section-boxed elementor-section-height-default elementor-section-height-default\" data-id=\"d1d551d\" data-element_type=\"section\">\n\t\t\t\t\t\t<div class=\"elementor-container elementor-column-gap-default\">\n\t\t\t\t\t<div class=\"elementor-column elementor-col-50 elementor-top-column elementor-element elementor-element-0b07e83\" data-id=\"0b07e83\" data-element_type=\"column\" data-settings=\"{&quot;background_background&quot;:&quot;classic&quot;}\">\n\t\t\t<div class=\"elementor-widget-wrap elementor-element-populated\">\n\t\t\t\t\t\t<div class=\"elementor-element elementor-element-2aef04e elementor-widget elementor-widget-price-table\" data-id=\"2aef04e\" data-element_type=\"widget\" data-widget_type=\"price-table.default\">\n\t\t\t\t<div class=\"elementor-widget-container\">\n\t\t\t\t\t\n\t\t<div class=\"elementor-price-table\">\n\t\t\t\t\t\t\t<div class=\"elementor-price-table__header\">\n\t\t\t\t\t\t\t\t\t\t\t<h4 class=\"elementor-price-table__heading\">\n\t\t\t\t\t\tDEEP DIVING<br>ADVENTURE MODULE\t\t\t\t\t\t<\/h4>\n\t\t\t\t\t\n\t\t\t\t\t\t\t\t\t<\/div>\n\t\t\t\n\t\t\t<div class=\"elementor-price-table__price\">\n\t\t\t\t\t\t\t\t<span class=\"elementor-price-table__currency\">&#128;<\/span>\t\t\t\t\t\t\t\t\t<span class=\"elementor-price-table__integer-part\">\n\t\t\t\t\t\t50\t\t\t\t\t<\/span>\n\t\t\t\t\n\t\t\t\t\n\t\t\t\t\n\t\t\t\t\t\t\t\t\t<span class=\"elementor-price-table__period elementor-typo-excluded\">1 Dive<\/span>\t\t\t\t\t\t\t<\/div>\n\n\t\t\t\t\t\t\t<ul class=\"elementor-price-table__features-list\">\n\t\t\t\t\t\t\t\t\t\t\t<li class=\"elementor-repeater-item-604ebb2\">\n\t\t\t\t\t\t\t<div class=\"elementor-price-table__feature-inner\">\n\t\t\t\t\t\t\t\t<i aria-hidden=\"true\" class=\"far fa-check-circle\"><\/i>\t\t\t\t\t\t\t\t\t\t\t\t\t\t\t\t\t<span >\n\t\t\t\t\t\t\t\t\t\tLevel 1 \/ Open Water\t\t\t\t\t\t\t\t\t<\/span>\n\t\t\t\t\t\t\t\t\t\t\t\t\t\t\t\t<\/div>\n\t\t\t\t\t\t<\/li>\n\t\t\t\t\t\t\t\t\t\t\t<li class=\"elementor-repeater-item-b3a8d4c\">\n\t\t\t\t\t\t\t<div class=\"elementor-price-table__feature-inner\">\n\t\t\t\t\t\t\t\t<i aria-hidden=\"true\" class=\"far fa-check-circle\"><\/i>\t\t\t\t\t\t\t\t\t\t\t\t\t\t\t\t\t<span >\n\t\t\t\t\t\t\t\t\t\t2h-Theory\t\t\t\t\t\t\t\t\t<\/span>\n\t\t\t\t\t\t\t\t\t\t\t\t\t\t\t\t<\/div>\n\t\t\t\t\t\t<\/li>\n\t\t\t\t\t\t\t\t\t\t\t<li class=\"elementor-repeater-item-a776e92\">\n\t\t\t\t\t\t\t<div class=\"elementor-price-table__feature-inner\">\n\t\t\t\t\t\t\t\t<i aria-hidden=\"true\" class=\"far fa-check-circle\"><\/i>\t\t\t\t\t\t\t\t\t\t\t\t\t\t\t\t\t<span >\n\t\t\t\t\t\t\t\t\t\t1 Teaching dive\t\t\t\t\t\t\t\t\t<\/span>\n\t\t\t\t\t\t\t\t\t\t\t\t\t\t\t\t<\/div>\n\t\t\t\t\t\t<\/li>\n\t\t\t\t\t\t\t\t\t\t\t<li class=\"elementor-repeater-item-1de2c51\">\n\t\t\t\t\t\t\t<div class=\"elementor-price-table__feature-inner\">\n\t\t\t\t\t\t\t\t<i aria-hidden=\"true\" class=\"far fa-check-circle\"><\/i>\t\t\t\t\t\t\t\t\t\t\t\t\t\t\t\t\t<span >\n\t\t\t\t\t\t\t\t\t\tValidation\t\t\t\t\t\t\t\t\t<\/span>\n\t\t\t\t\t\t\t\t\t\t\t\t\t\t\t\t<\/div>\n\t\t\t\t\t\t<\/li>\n\t\t\t\t\t\t\t\t\t<\/ul>\n\t\t\t\n\t\t\t\t\t\t\t<div class=\"elementor-price-table__footer\">\n\t\t\t\t\t\t\t\t\t\t\t<a class=\"elementor-price-table__button elementor-button elementor-size-md\" href=\"https:\/\/andamanscuba.com\/en\/contact-booking-scuba-diving-courses-thailand\">\n\t\t\t\t\t\t\tBook Your<br>Course\t\t\t\t\t\t<\/a>\n\t\t\t\t\t\n\t\t\t\t\t\t\t\t\t\t\t<div class=\"elementor-price-table__additional_info\">\n\t\t\t\t\t\t\tCourses available during a diving day trip or throughout a diving liveaboard\t\t\t\t\t\t<\/div>\n\t\t\t\t\t\t\t\t\t<\/div>\n\t\t\t\t\t<\/div>\n\n\t\t\t\t\t\t<\/div>\n\t\t\t\t<\/div>\n\t\t\t\t\t<\/div>\n\t\t<\/div>\n\t\t\t\t<div class=\"elementor-column elementor-col-50 elementor-top-column elementor-element elementor-element-a20abfc elementor-invisible\" data-id=\"a20abfc\" data-element_type=\"column\" data-settings=\"{&quot;animation&quot;:&quot;slideInUp&quot;}\">\n\t\t\t<div class=\"elementor-widget-wrap elementor-element-populated\">\n\t\t\t\t\t\t<div class=\"elementor-element elementor-element-a8a351c elementor-widget elementor-widget-price-table\" data-id=\"a8a351c\" data-element_type=\"widget\" data-widget_type=\"price-table.default\">\n\t\t\t\t<div class=\"elementor-widget-container\">\n\t\t\t\t\t\n\t\t<div class=\"elementor-price-table\">\n\t\t\t\t\t\t\t<div class=\"elementor-price-table__header\">\n\t\t\t\t\t\t\t\t\t\t\t<h4 class=\"elementor-price-table__heading\">\n\t\t\t\t\t\tDEEP DIVING <br>ADVENTURE COURSE\t\t\t\t\t\t<\/h4>\n\t\t\t\t\t\n\t\t\t\t\t\t\t\t\t<\/div>\n\t\t\t\n\t\t\t<div class=\"elementor-price-table__price\">\n\t\t\t\t\t\t\t\t<span class=\"elementor-price-table__currency\">&#128;<\/span>\t\t\t\t\t\t\t\t\t<span class=\"elementor-price-table__integer-part\">\n\t\t\t\t\t\t195\t\t\t\t\t<\/span>\n\t\t\t\t\n\t\t\t\t\n\t\t\t\t\n\t\t\t\t\t\t\t\t\t<span class=\"elementor-price-table__period elementor-typo-excluded\">3 Dives<\/span>\t\t\t\t\t\t\t<\/div>\n\n\t\t\t\t\t\t\t<ul class=\"elementor-price-table__features-list\">\n\t\t\t\t\t\t\t\t\t\t\t<li class=\"elementor-repeater-item-8f21a18\">\n\t\t\t\t\t\t\t<div class=\"elementor-price-table__feature-inner\">\n\t\t\t\t\t\t\t\t<i aria-hidden=\"true\" class=\"far fa-check-circle\"><\/i>\t\t\t\t\t\t\t\t\t\t\t\t\t\t\t\t\t<span >\n\t\t\t\t\t\t\t\t\t\tOnline theoretical course\t\t\t\t\t\t\t\t\t<\/span>\n\t\t\t\t\t\t\t\t\t\t\t\t\t\t\t\t<\/div>\n\t\t\t\t\t\t<\/li>\n\t\t\t\t\t\t\t\t\t\t\t<li class=\"elementor-repeater-item-44e361f\">\n\t\t\t\t\t\t\t<div class=\"elementor-price-table__feature-inner\">\n\t\t\t\t\t\t\t\t<i aria-hidden=\"true\" class=\"far fa-check-circle\"><\/i>\t\t\t\t\t\t\t\t\t\t\t\t\t\t\t\t\t<span >\n\t\t\t\t\t\t\t\t\t\tIndividual equipment\t\t\t\t\t\t\t\t\t<\/span>\n\t\t\t\t\t\t\t\t\t\t\t\t\t\t\t\t<\/div>\n\t\t\t\t\t\t<\/li>\n\t\t\t\t\t\t\t\t\t\t\t<li class=\"elementor-repeater-item-604ebb2\">\n\t\t\t\t\t\t\t<div class=\"elementor-price-table__feature-inner\">\n\t\t\t\t\t\t\t\t<i aria-hidden=\"true\" class=\"far fa-check-circle\"><\/i>\t\t\t\t\t\t\t\t\t\t\t\t\t\t\t\t\t<span >\n\t\t\t\t\t\t\t\t\t\tTheoretical and practical instruction\t\t\t\t\t\t\t\t\t<\/span>\n\t\t\t\t\t\t\t\t\t\t\t\t\t\t\t\t<\/div>\n\t\t\t\t\t\t<\/li>\n\t\t\t\t\t\t\t\t\t\t\t<li class=\"elementor-repeater-item-b3a8d4c\">\n\t\t\t\t\t\t\t<div class=\"elementor-price-table__feature-inner\">\n\t\t\t\t\t\t\t\t<i aria-hidden=\"true\" class=\"far fa-check-circle\"><\/i>\t\t\t\t\t\t\t\t\t\t\t\t\t\t\t\t\t<span >\n\t\t\t\t\t\t\t\t\t\tInternational certification\t\t\t\t\t\t\t\t\t<\/span>\n\t\t\t\t\t\t\t\t\t\t\t\t\t\t\t\t<\/div>\n\t\t\t\t\t\t<\/li>\n\t\t\t\t\t\t\t\t\t<\/ul>\n\t\t\t\n\t\t\t\t\t\t\t<div class=\"elementor-price-table__footer\">\n\t\t\t\t\t\t\t\t\t\t\t<a class=\"elementor-price-table__button elementor-button elementor-size-md\" href=\"https:\/\/andamanscuba.com\/en\/contact-booking-scuba-diving-courses-thailand\">\n\t\t\t\t\t\t\tBook your Course\t\t\t\t\t\t<\/a>\n\t\t\t\t\t\n\t\t\t\t\t\t\t\t\t\t\t<div class=\"elementor-price-table__additional_info\">\n\t\t\t\t\t\t\tCourses available during a diving day trip or throughout a diving liveaboard\t\t\t\t\t\t<\/div>\n\t\t\t\t\t\t\t\t\t<\/div>\n\t\t\t\t\t<\/div>\n\n\t\t\t\t\t\t<\/div>\n\t\t\t\t<\/div>\n\t\t\t\t\t<\/div>\n\t\t<\/div>\n\t\t\t\t\t<\/div>\n\t\t<\/section>\n\t\t\t\t<\/div>\n\t\t","protected":false},"excerpt":{"rendered":"<p>Deep Diver Khao Lak Upgrade your diving level Venture into the deep with safety and confidence thanks to our Deep Diving course and our certified SSI,&nbsp; CMAS or PADI instructors in Khao Lak. The Deep Diving specialty will teach you everything you need to dive to depths between 18 and 40 meters. Our certified SSI, [&hellip;]<\/p>\n","protected":false},"author":1,"featured_media":0,"parent":0,"menu_order":0,"comment_status":"closed","ping_status":"closed","template":"template-homepage.php","meta":{"inline_featured_image":false,"footnotes":""},"class_list":["post-18926","page","type-page","status-publish","hentry"],"yoast_head":"<!-- This site is optimized with the Yoast SEO Premium plugin v23.3 (Yoast SEO v26.6) - https:\/\/yoast.com\/wordpress\/plugins\/seo\/ -->\n<title>Deep Diver Khao Lak - Diving Course CMAS SSI PADI<\/title>\n<meta name=\"description\" content=\"Upgrade your dives: Get your Deep Diver Certification with our one of our SSI CMAS PADI courses in Khao Lak, Thailand\" \/>\n<meta name=\"robots\" content=\"index, follow, max-snippet:-1, max-image-preview:large, max-video-preview:-1\" \/>\n<link rel=\"canonical\" href=\"https:\/\/andamanscuba.com\/cours-ssi-plongee-profonde-khao-lak\/\" \/>\n<meta property=\"og:locale\" content=\"en_US\" \/>\n<meta property=\"og:type\" content=\"article\" \/>\n<meta property=\"og:title\" content=\"Deep Diver Course in Khao Lak &amp; Similan Islands Thailand - Ssi Padi Cmas\" \/>\n<meta property=\"og:description\" content=\"Upgrade your dives: Get your Deep Diver Certification with our one of our SSI CMAS PADI courses in Khao Lak, Thailand\" \/>\n<meta property=\"og:url\" content=\"https:\/\/andamanscuba.com\/cours-ssi-plongee-profonde-khao-lak\/\" \/>\n<meta property=\"og:site_name\" content=\"Andaman Scuba\" \/>\n<meta property=\"article:publisher\" content=\"https:\/\/www.facebook.com\/andaman.scuba\" \/>\n<meta property=\"article:modified_time\" content=\"2025-11-07T15:15:50+00:00\" \/>\n<meta property=\"og:image\" content=\"https:\/\/andamanscuba.com\/wp-content\/uploads\/2023\/12\/Deep-Diving-Khao-Lak-Similan-Dive-Courses.webp\" \/>\n\t<meta property=\"og:image:width\" content=\"1188\" \/>\n\t<meta property=\"og:image:height\" content=\"242\" \/>\n\t<meta property=\"og:image:type\" content=\"image\/webp\" \/>\n<meta name=\"twitter:card\" content=\"summary_large_image\" \/>\n<meta name=\"twitter:label1\" content=\"Est. reading time\" \/>\n\t<meta name=\"twitter:data1\" content=\"2 minutes\" \/>\n<script type=\"application\/ld+json\" class=\"yoast-schema-graph\">{\"@context\":\"https:\/\/schema.org\",\"@graph\":[{\"@type\":\"WebPage\",\"@id\":\"https:\/\/andamanscuba.com\/cours-ssi-plongee-profonde-khao-lak\/\",\"url\":\"https:\/\/andamanscuba.com\/cours-ssi-plongee-profonde-khao-lak\/\",\"name\":\"Deep Diver Khao Lak - Diving Course CMAS SSI PADI\",\"isPartOf\":{\"@id\":\"https:\/\/andamanscuba.com\/es\/#website\"},\"primaryImageOfPage\":{\"@id\":\"https:\/\/andamanscuba.com\/cours-ssi-plongee-profonde-khao-lak\/#primaryimage\"},\"image\":{\"@id\":\"https:\/\/andamanscuba.com\/cours-ssi-plongee-profonde-khao-lak\/#primaryimage\"},\"thumbnailUrl\":\"https:\/\/andamanscuba.com\/wp-content\/uploads\/2023\/12\/Deep-Diving-Khao-Lak-Similan-Dive-Courses.webp\",\"datePublished\":\"2023-07-02T13:24:15+00:00\",\"dateModified\":\"2025-11-07T15:15:50+00:00\",\"description\":\"Upgrade your dives: Get your Deep Diver Certification with our one of our SSI CMAS PADI courses in Khao Lak, Thailand\",\"breadcrumb\":{\"@id\":\"https:\/\/andamanscuba.com\/cours-ssi-plongee-profonde-khao-lak\/#breadcrumb\"},\"inLanguage\":\"en-US\",\"potentialAction\":[{\"@type\":\"ReadAction\",\"target\":[\"https:\/\/andamanscuba.com\/cours-ssi-plongee-profonde-khao-lak\/\"]}]},{\"@type\":\"ImageObject\",\"inLanguage\":\"en-US\",\"@id\":\"https:\/\/andamanscuba.com\/cours-ssi-plongee-profonde-khao-lak\/#primaryimage\",\"url\":\"https:\/\/andamanscuba.com\/wp-content\/uploads\/2023\/12\/Deep-Diving-Khao-Lak-Similan-Dive-Courses.webp\",\"contentUrl\":\"https:\/\/andamanscuba.com\/wp-content\/uploads\/2023\/12\/Deep-Diving-Khao-Lak-Similan-Dive-Courses.webp\"},{\"@type\":\"BreadcrumbList\",\"@id\":\"https:\/\/andamanscuba.com\/cours-ssi-plongee-profonde-khao-lak\/#breadcrumb\",\"itemListElement\":[{\"@type\":\"ListItem\",\"position\":1,\"name\":\"Home\",\"item\":\"https:\/\/andamanscuba.com\/sv\/\"},{\"@type\":\"ListItem\",\"position\":2,\"name\":\"Deep Diver Course in Khao Lak &#038; Similan Islands Thailand &#8211; Ssi Padi Cmas\"}]},{\"@type\":\"WebSite\",\"@id\":\"https:\/\/andamanscuba.com\/es\/#website\",\"url\":\"https:\/\/andamanscuba.com\/es\/\",\"name\":\"Andaman Scuba\",\"description\":\"Centre de plong\u00e9e et croisi\u00e8res en Tha\u00eflande\",\"publisher\":{\"@id\":\"https:\/\/andamanscuba.com\/es\/#organization\"},\"potentialAction\":[{\"@type\":\"SearchAction\",\"target\":{\"@type\":\"EntryPoint\",\"urlTemplate\":\"https:\/\/andamanscuba.com\/es\/?s={search_term_string}\"},\"query-input\":{\"@type\":\"PropertyValueSpecification\",\"valueRequired\":true,\"valueName\":\"search_term_string\"}}],\"inLanguage\":\"en-US\"},{\"@type\":\"Organization\",\"@id\":\"https:\/\/andamanscuba.com\/es\/#organization\",\"name\":\"Andaman Scuba\",\"url\":\"https:\/\/andamanscuba.com\/es\/\",\"logo\":{\"@type\":\"ImageObject\",\"inLanguage\":\"en-US\",\"@id\":\"https:\/\/andamanscuba.com\/es\/#\/schema\/logo\/image\/\",\"url\":\"https:\/\/andamanscuba.com\/wp-content\/uploads\/2023\/06\/logo-andaman-scuba-plongee-thailande.png\",\"contentUrl\":\"https:\/\/andamanscuba.com\/wp-content\/uploads\/2023\/06\/logo-andaman-scuba-plongee-thailande.png\",\"width\":1148,\"height\":602,\"caption\":\"Andaman Scuba\"},\"image\":{\"@id\":\"https:\/\/andamanscuba.com\/es\/#\/schema\/logo\/image\/\"},\"sameAs\":[\"https:\/\/www.facebook.com\/andaman.scuba\"]}]}<\/script>\n<!-- \/ Yoast SEO Premium plugin. -->","yoast_head_json":{"title":"Deep Diver Khao Lak - Diving Course CMAS SSI PADI","description":"Upgrade your dives: Get your Deep Diver Certification with our one of our SSI CMAS PADI courses in Khao Lak, Thailand","robots":{"index":"index","follow":"follow","max-snippet":"max-snippet:-1","max-image-preview":"max-image-preview:large","max-video-preview":"max-video-preview:-1"},"canonical":"https:\/\/andamanscuba.com\/cours-ssi-plongee-profonde-khao-lak\/","og_locale":"en_US","og_type":"article","og_title":"Deep Diver Course in Khao Lak & Similan Islands Thailand - Ssi Padi Cmas","og_description":"Upgrade your dives: Get your Deep Diver Certification with our one of our SSI CMAS PADI courses in Khao Lak, Thailand","og_url":"https:\/\/andamanscuba.com\/cours-ssi-plongee-profonde-khao-lak\/","og_site_name":"Andaman Scuba","article_publisher":"https:\/\/www.facebook.com\/andaman.scuba","article_modified_time":"2025-11-07T15:15:50+00:00","og_image":[{"width":1188,"height":242,"url":"https:\/\/andamanscuba.com\/wp-content\/uploads\/2023\/12\/Deep-Diving-Khao-Lak-Similan-Dive-Courses.webp","type":"image\/webp"}],"twitter_card":"summary_large_image","twitter_misc":{"Est. reading time":"2 minutes"},"schema":{"@context":"https:\/\/schema.org","@graph":[{"@type":"WebPage","@id":"https:\/\/andamanscuba.com\/cours-ssi-plongee-profonde-khao-lak\/","url":"https:\/\/andamanscuba.com\/cours-ssi-plongee-profonde-khao-lak\/","name":"Deep Diver Khao Lak - Diving Course CMAS SSI PADI","isPartOf":{"@id":"https:\/\/andamanscuba.com\/es\/#website"},"primaryImageOfPage":{"@id":"https:\/\/andamanscuba.com\/cours-ssi-plongee-profonde-khao-lak\/#primaryimage"},"image":{"@id":"https:\/\/andamanscuba.com\/cours-ssi-plongee-profonde-khao-lak\/#primaryimage"},"thumbnailUrl":"https:\/\/andamanscuba.com\/wp-content\/uploads\/2023\/12\/Deep-Diving-Khao-Lak-Similan-Dive-Courses.webp","datePublished":"2023-07-02T13:24:15+00:00","dateModified":"2025-11-07T15:15:50+00:00","description":"Upgrade your dives: Get your Deep Diver Certification with our one of our SSI CMAS PADI courses in Khao Lak, Thailand","breadcrumb":{"@id":"https:\/\/andamanscuba.com\/cours-ssi-plongee-profonde-khao-lak\/#breadcrumb"},"inLanguage":"en-US","potentialAction":[{"@type":"ReadAction","target":["https:\/\/andamanscuba.com\/cours-ssi-plongee-profonde-khao-lak\/"]}]},{"@type":"ImageObject","inLanguage":"en-US","@id":"https:\/\/andamanscuba.com\/cours-ssi-plongee-profonde-khao-lak\/#primaryimage","url":"https:\/\/andamanscuba.com\/wp-content\/uploads\/2023\/12\/Deep-Diving-Khao-Lak-Similan-Dive-Courses.webp","contentUrl":"https:\/\/andamanscuba.com\/wp-content\/uploads\/2023\/12\/Deep-Diving-Khao-Lak-Similan-Dive-Courses.webp"},{"@type":"BreadcrumbList","@id":"https:\/\/andamanscuba.com\/cours-ssi-plongee-profonde-khao-lak\/#breadcrumb","itemListElement":[{"@type":"ListItem","position":1,"name":"Home","item":"https:\/\/andamanscuba.com\/sv\/"},{"@type":"ListItem","position":2,"name":"Deep Diver Course in Khao Lak &#038; Similan Islands Thailand &#8211; Ssi Padi Cmas"}]},{"@type":"WebSite","@id":"https:\/\/andamanscuba.com\/es\/#website","url":"https:\/\/andamanscuba.com\/es\/","name":"Andaman Scuba","description":"Centre de plong\u00e9e et croisi\u00e8res en Tha\u00eflande","publisher":{"@id":"https:\/\/andamanscuba.com\/es\/#organization"},"potentialAction":[{"@type":"SearchAction","target":{"@type":"EntryPoint","urlTemplate":"https:\/\/andamanscuba.com\/es\/?s={search_term_string}"},"query-input":{"@type":"PropertyValueSpecification","valueRequired":true,"valueName":"search_term_string"}}],"inLanguage":"en-US"},{"@type":"Organization","@id":"https:\/\/andamanscuba.com\/es\/#organization","name":"Andaman Scuba","url":"https:\/\/andamanscuba.com\/es\/","logo":{"@type":"ImageObject","inLanguage":"en-US","@id":"https:\/\/andamanscuba.com\/es\/#\/schema\/logo\/image\/","url":"https:\/\/andamanscuba.com\/wp-content\/uploads\/2023\/06\/logo-andaman-scuba-plongee-thailande.png","contentUrl":"https:\/\/andamanscuba.com\/wp-content\/uploads\/2023\/06\/logo-andaman-scuba-plongee-thailande.png","width":1148,"height":602,"caption":"Andaman Scuba"},"image":{"@id":"https:\/\/andamanscuba.com\/es\/#\/schema\/logo\/image\/"},"sameAs":["https:\/\/www.facebook.com\/andaman.scuba"]}]}},"_links":{"self":[{"href":"https:\/\/andamanscuba.com\/en\/wp-json\/wp\/v2\/pages\/18926","targetHints":{"allow":["GET"]}}],"collection":[{"href":"https:\/\/andamanscuba.com\/en\/wp-json\/wp\/v2\/pages"}],"about":[{"href":"https:\/\/andamanscuba.com\/en\/wp-json\/wp\/v2\/types\/page"}],"author":[{"embeddable":true,"href":"https:\/\/andamanscuba.com\/en\/wp-json\/wp\/v2\/users\/1"}],"replies":[{"embeddable":true,"href":"https:\/\/andamanscuba.com\/en\/wp-json\/wp\/v2\/comments?post=18926"}],"version-history":[{"count":48,"href":"https:\/\/andamanscuba.com\/en\/wp-json\/wp\/v2\/pages\/18926\/revisions"}],"predecessor-version":[{"id":33739,"href":"https:\/\/andamanscuba.com\/en\/wp-json\/wp\/v2\/pages\/18926\/revisions\/33739"}],"wp:attachment":[{"href":"https:\/\/andamanscuba.com\/en\/wp-json\/wp\/v2\/media?parent=18926"}],"curies":[{"name":"wp","href":"https:\/\/api.w.org\/{rel}","templated":true}]}}