{"id":18890,"date":"2023-07-13T10:24:31","date_gmt":"2023-07-13T10:24:31","guid":{"rendered":"https:\/\/andamanscuba.com\/politique-de-confidentialite\/"},"modified":"2023-08-07T12:16:45","modified_gmt":"2023-08-07T12:16:45","slug":"privacy","status":"publish","type":"page","link":"https:\/\/andamanscuba.com\/en\/privacy\/","title":{"rendered":"Privacy &#8211; Andaman Scuba"},"content":{"rendered":"\t\t<div data-elementor-type=\"wp-page\" data-elementor-id=\"18890\" class=\"elementor elementor-18890 elementor-17031\" data-elementor-settings=\"{&quot;ha_cmc_init_switcher&quot;:&quot;no&quot;}\" data-elementor-post-type=\"page\">\n\t\t\t\t\t\t<section class=\"elementor-section elementor-top-section elementor-element elementor-element-b326161 elementor-section-stretched elementor-section-boxed elementor-section-height-default elementor-section-height-default\" data-id=\"b326161\" data-element_type=\"section\" data-settings=\"{&quot;stretch_section&quot;:&quot;section-stretched&quot;,&quot;background_background&quot;:&quot;classic&quot;}\">\n\t\t\t\t\t\t<div class=\"elementor-container elementor-column-gap-default\">\n\t\t\t\t\t<div class=\"elementor-column elementor-col-100 elementor-top-column elementor-element elementor-element-004d030\" data-id=\"004d030\" data-element_type=\"column\">\n\t\t\t<div class=\"elementor-widget-wrap\">\n\t\t\t\t\t\t\t<\/div>\n\t\t<\/div>\n\t\t\t\t\t<\/div>\n\t\t<\/section>\n\t\t\t\t<section class=\"elementor-section elementor-top-section elementor-element elementor-element-0546735 elementor-section-stretched elementor-section-boxed elementor-section-height-default elementor-section-height-default\" data-id=\"0546735\" data-element_type=\"section\" data-settings=\"{&quot;stretch_section&quot;:&quot;section-stretched&quot;,&quot;background_background&quot;:&quot;classic&quot;}\">\n\t\t\t\t\t\t<div class=\"elementor-container elementor-column-gap-no\">\n\t\t\t\t\t<div class=\"elementor-column elementor-col-100 elementor-top-column elementor-element elementor-element-cb524c0\" data-id=\"cb524c0\" data-element_type=\"column\">\n\t\t\t<div class=\"elementor-widget-wrap elementor-element-populated\">\n\t\t\t\t\t\t<div class=\"elementor-element elementor-element-c208c62 elementor-widget elementor-widget-image\" data-id=\"c208c62\" data-element_type=\"widget\" data-widget_type=\"image.default\">\n\t\t\t\t<div class=\"elementor-widget-container\">\n\t\t\t\t\t\t\t\t\t\t\t\t\t\t\t<img decoding=\"async\" width=\"100\" height=\"51\" src=\"https:\/\/andamanscuba.com\/wp-content\/uploads\/2023\/06\/Logo-Andaman-Scuba-Croisieres-Plongee-Thailande-Myanmar.png\" class=\"attachment-full size-full wp-image-18216\" alt=\"\" \/>\t\t\t\t\t\t\t\t\t\t\t\t\t\t\t<\/div>\n\t\t\t\t<\/div>\n\t\t\t\t<div class=\"elementor-element elementor-element-32d1467 elementor-align-center elementor-mobile-align-center elementor-widget-tablet__width-initial subtitle-position-below elementor-widget elementor-widget-floaty-heading\" data-id=\"32d1467\" data-element_type=\"widget\" data-widget_type=\"floaty-heading.default\">\n\t\t\t\t<div class=\"elementor-widget-container\">\n\t\t\t\t\t        <div class=\"elementor-heading-wrapper-inner\"><h2 class=\"elementor-heading-title\">Privacy Policy<\/h2><\/div>\t\t\t\t<\/div>\n\t\t\t\t<\/div>\n\t\t\t\t<div class=\"elementor-element elementor-element-ce8e491 elementor-widget elementor-widget-text-editor\" data-id=\"ce8e491\" data-element_type=\"widget\" data-widget_type=\"text-editor.default\">\n\t\t\t\t<div class=\"elementor-widget-container\">\n\t\t\t\t\t\t\t\t\t<div data-id=\"34310e90\" data-element_type=\"widget\" data-widget_type=\"text-editor.default\"><p>Andaman Scuba prioritizes the protection of its customers&#8217; privacy. They are committed to keeping personal information confidential and not renting, selling, or exchanging it. They ensure better service by ensuring that customers understand their privacy policy. Andaman Scuba does not automatically collect personal information from visitors to their website unless such information is voluntarily provided through email, phone, messaging, or online forms.<\/p><p>Some information, such as IP address, browser type used, and visited pages, is recorded to improve the website and analyze traffic patterns. This information is not linked to specific individuals unless necessary to fulfill a specific request.<\/p><\/div><div data-id=\"a53c22d\" data-element_type=\"widget\" data-widget_type=\"text-editor.default\"><h3><strong>Security<\/strong><\/h3><p>Andaman Scuba uses software programs to ensure the security of their website and protect information against unauthorized access or modification attempts. Personal information is securely stored in the United States and Thailand, and data transfers are done through encrypted connections and virtual private networks.<\/p><h3><strong>Confidentiality and Links to Other Sites\u00a0<\/strong><\/h3><p>The website may contain links to other sites, but Andaman Scuba is not responsible for their content or privacy practices. Personal information provided by customers is used to respond to their inquiries, provide requested services or products, and comply with the law. Andaman Scuba may disclose certain personal information if required by law or to protect people&#8217;s safety.<\/p><h3><strong>Information and Registration System\u00a0<\/strong><\/h3><p>When personal information is provided that enters a registration system, it is collected in accordance with international law and GDPR. Andaman Scuba collects, creates, and retains information for the purpose of promoting its travel products and services, as well as for education and newsletters directly related to its travel products and services. The collected information is retained only for the duration necessary to achieve the purpose for which it was collected. Some historical data is kept in records so that they can better meet your needs if you travel with them regularly.<\/p><h3><strong>How We Use Your Data\u00a0<\/strong><\/h3><p>Customers have privacy choices and can request a copy of their personal data or revoke their consent. Andaman Scuba does not sell information to third parties but may collect personal information from third parties such as social media or use Google Analytics to track website usage.<\/p><p>For any questions or comments regarding the privacy policy or personal data, customers can contact Andaman Scuba by phone or email.<\/p><\/div>\t\t\t\t\t\t\t\t<\/div>\n\t\t\t\t<\/div>\n\t\t\t\t\t<\/div>\n\t\t<\/div>\n\t\t\t\t\t<\/div>\n\t\t<\/section>\n\t\t\t\t<\/div>\n\t\t","protected":false},"excerpt":{"rendered":"<p>Privacy Policy Andaman Scuba prioritizes the protection of its customers&#8217; privacy. They are committed to keeping personal information confidential and not renting, selling, or exchanging it. They ensure better service by ensuring that customers understand their privacy policy. Andaman Scuba does not automatically collect personal information from visitors to their website unless such information is [&hellip;]<\/p>\n","protected":false},"author":1,"featured_media":0,"parent":0,"menu_order":0,"comment_status":"closed","ping_status":"closed","template":"template-homepage.php","meta":{"inline_featured_image":false,"footnotes":""},"class_list":["post-18890","page","type-page","status-publish","hentry"],"yoast_head":"<!-- This site is optimized with the Yoast SEO Premium plugin v23.3 (Yoast SEO v26.6) - https:\/\/yoast.com\/wordpress\/plugins\/seo\/ -->\n<title>Privacy - Andaman Scuba - Andaman Scuba<\/title>\n<meta name=\"robots\" content=\"index, follow, max-snippet:-1, max-image-preview:large, max-video-preview:-1\" \/>\n<link rel=\"canonical\" href=\"https:\/\/andamanscuba.com\/politique-de-confidentialite\/\" \/>\n<meta property=\"og:locale\" content=\"en_US\" \/>\n<meta property=\"og:type\" content=\"article\" \/>\n<meta property=\"og:title\" content=\"Privacy - Andaman Scuba\" \/>\n<meta property=\"og:description\" content=\"Privacy Policy Andaman Scuba prioritizes the protection of its customers&#8217; privacy. They are committed to keeping personal information confidential and not renting, selling, or exchanging it. They ensure better service by ensuring that customers understand their privacy policy. Andaman Scuba does not automatically collect personal information from visitors to their website unless such information is [&hellip;]\" \/>\n<meta property=\"og:url\" content=\"https:\/\/andamanscuba.com\/politique-de-confidentialite\/\" \/>\n<meta property=\"og:site_name\" content=\"Andaman Scuba\" \/>\n<meta property=\"article:publisher\" content=\"https:\/\/www.facebook.com\/andaman.scuba\" \/>\n<meta property=\"article:modified_time\" content=\"2023-08-07T12:16:45+00:00\" \/>\n<meta property=\"og:image\" content=\"https:\/\/andamanscuba.com\/wp-content\/uploads\/2023\/06\/Logo-Andaman-Scuba-Croisieres-Plongee-Thailande-Myanmar.png\" \/>\n<meta name=\"twitter:card\" content=\"summary_large_image\" \/>\n<meta name=\"twitter:label1\" content=\"Est. reading time\" \/>\n\t<meta name=\"twitter:data1\" content=\"2 minutes\" \/>\n<script type=\"application\/ld+json\" class=\"yoast-schema-graph\">{\"@context\":\"https:\/\/schema.org\",\"@graph\":[{\"@type\":\"WebPage\",\"@id\":\"https:\/\/andamanscuba.com\/politique-de-confidentialite\/\",\"url\":\"https:\/\/andamanscuba.com\/politique-de-confidentialite\/\",\"name\":\"Privacy - Andaman Scuba - Andaman Scuba\",\"isPartOf\":{\"@id\":\"https:\/\/andamanscuba.com\/es\/#website\"},\"primaryImageOfPage\":{\"@id\":\"https:\/\/andamanscuba.com\/politique-de-confidentialite\/#primaryimage\"},\"image\":{\"@id\":\"https:\/\/andamanscuba.com\/politique-de-confidentialite\/#primaryimage\"},\"thumbnailUrl\":\"https:\/\/andamanscuba.com\/wp-content\/uploads\/2023\/06\/Logo-Andaman-Scuba-Croisieres-Plongee-Thailande-Myanmar.png\",\"datePublished\":\"2023-07-13T10:24:31+00:00\",\"dateModified\":\"2023-08-07T12:16:45+00:00\",\"breadcrumb\":{\"@id\":\"https:\/\/andamanscuba.com\/politique-de-confidentialite\/#breadcrumb\"},\"inLanguage\":\"en-US\",\"potentialAction\":[{\"@type\":\"ReadAction\",\"target\":[\"https:\/\/andamanscuba.com\/politique-de-confidentialite\/\"]}]},{\"@type\":\"ImageObject\",\"inLanguage\":\"en-US\",\"@id\":\"https:\/\/andamanscuba.com\/politique-de-confidentialite\/#primaryimage\",\"url\":\"https:\/\/andamanscuba.com\/wp-content\/uploads\/2023\/06\/Logo-Andaman-Scuba-Croisieres-Plongee-Thailande-Myanmar.png\",\"contentUrl\":\"https:\/\/andamanscuba.com\/wp-content\/uploads\/2023\/06\/Logo-Andaman-Scuba-Croisieres-Plongee-Thailande-Myanmar.png\"},{\"@type\":\"BreadcrumbList\",\"@id\":\"https:\/\/andamanscuba.com\/politique-de-confidentialite\/#breadcrumb\",\"itemListElement\":[{\"@type\":\"ListItem\",\"position\":1,\"name\":\"Home\",\"item\":\"https:\/\/andamanscuba.com\/sv\/\"},{\"@type\":\"ListItem\",\"position\":2,\"name\":\"Privacy &#8211; Andaman Scuba\"}]},{\"@type\":\"WebSite\",\"@id\":\"https:\/\/andamanscuba.com\/es\/#website\",\"url\":\"https:\/\/andamanscuba.com\/es\/\",\"name\":\"Andaman Scuba\",\"description\":\"Centre de plong\u00e9e et croisi\u00e8res en Tha\u00eflande\",\"publisher\":{\"@id\":\"https:\/\/andamanscuba.com\/es\/#organization\"},\"potentialAction\":[{\"@type\":\"SearchAction\",\"target\":{\"@type\":\"EntryPoint\",\"urlTemplate\":\"https:\/\/andamanscuba.com\/es\/?s={search_term_string}\"},\"query-input\":{\"@type\":\"PropertyValueSpecification\",\"valueRequired\":true,\"valueName\":\"search_term_string\"}}],\"inLanguage\":\"en-US\"},{\"@type\":\"Organization\",\"@id\":\"https:\/\/andamanscuba.com\/es\/#organization\",\"name\":\"Andaman Scuba\",\"url\":\"https:\/\/andamanscuba.com\/es\/\",\"logo\":{\"@type\":\"ImageObject\",\"inLanguage\":\"en-US\",\"@id\":\"https:\/\/andamanscuba.com\/es\/#\/schema\/logo\/image\/\",\"url\":\"https:\/\/andamanscuba.com\/wp-content\/uploads\/2023\/06\/logo-andaman-scuba-plongee-thailande.png\",\"contentUrl\":\"https:\/\/andamanscuba.com\/wp-content\/uploads\/2023\/06\/logo-andaman-scuba-plongee-thailande.png\",\"width\":1148,\"height\":602,\"caption\":\"Andaman Scuba\"},\"image\":{\"@id\":\"https:\/\/andamanscuba.com\/es\/#\/schema\/logo\/image\/\"},\"sameAs\":[\"https:\/\/www.facebook.com\/andaman.scuba\"]}]}<\/script>\n<!-- \/ Yoast SEO Premium plugin. -->","yoast_head_json":{"title":"Privacy - Andaman Scuba - Andaman Scuba","robots":{"index":"index","follow":"follow","max-snippet":"max-snippet:-1","max-image-preview":"max-image-preview:large","max-video-preview":"max-video-preview:-1"},"canonical":"https:\/\/andamanscuba.com\/politique-de-confidentialite\/","og_locale":"en_US","og_type":"article","og_title":"Privacy - Andaman Scuba","og_description":"Privacy Policy Andaman Scuba prioritizes the protection of its customers&#8217; privacy. They are committed to keeping personal information confidential and not renting, selling, or exchanging it. They ensure better service by ensuring that customers understand their privacy policy. Andaman Scuba does not automatically collect personal information from visitors to their website unless such information is [&hellip;]","og_url":"https:\/\/andamanscuba.com\/politique-de-confidentialite\/","og_site_name":"Andaman Scuba","article_publisher":"https:\/\/www.facebook.com\/andaman.scuba","article_modified_time":"2023-08-07T12:16:45+00:00","og_image":[{"url":"https:\/\/andamanscuba.com\/wp-content\/uploads\/2023\/06\/Logo-Andaman-Scuba-Croisieres-Plongee-Thailande-Myanmar.png","type":"","width":"","height":""}],"twitter_card":"summary_large_image","twitter_misc":{"Est. reading time":"2 minutes"},"schema":{"@context":"https:\/\/schema.org","@graph":[{"@type":"WebPage","@id":"https:\/\/andamanscuba.com\/politique-de-confidentialite\/","url":"https:\/\/andamanscuba.com\/politique-de-confidentialite\/","name":"Privacy - Andaman Scuba - Andaman Scuba","isPartOf":{"@id":"https:\/\/andamanscuba.com\/es\/#website"},"primaryImageOfPage":{"@id":"https:\/\/andamanscuba.com\/politique-de-confidentialite\/#primaryimage"},"image":{"@id":"https:\/\/andamanscuba.com\/politique-de-confidentialite\/#primaryimage"},"thumbnailUrl":"https:\/\/andamanscuba.com\/wp-content\/uploads\/2023\/06\/Logo-Andaman-Scuba-Croisieres-Plongee-Thailande-Myanmar.png","datePublished":"2023-07-13T10:24:31+00:00","dateModified":"2023-08-07T12:16:45+00:00","breadcrumb":{"@id":"https:\/\/andamanscuba.com\/politique-de-confidentialite\/#breadcrumb"},"inLanguage":"en-US","potentialAction":[{"@type":"ReadAction","target":["https:\/\/andamanscuba.com\/politique-de-confidentialite\/"]}]},{"@type":"ImageObject","inLanguage":"en-US","@id":"https:\/\/andamanscuba.com\/politique-de-confidentialite\/#primaryimage","url":"https:\/\/andamanscuba.com\/wp-content\/uploads\/2023\/06\/Logo-Andaman-Scuba-Croisieres-Plongee-Thailande-Myanmar.png","contentUrl":"https:\/\/andamanscuba.com\/wp-content\/uploads\/2023\/06\/Logo-Andaman-Scuba-Croisieres-Plongee-Thailande-Myanmar.png"},{"@type":"BreadcrumbList","@id":"https:\/\/andamanscuba.com\/politique-de-confidentialite\/#breadcrumb","itemListElement":[{"@type":"ListItem","position":1,"name":"Home","item":"https:\/\/andamanscuba.com\/sv\/"},{"@type":"ListItem","position":2,"name":"Privacy &#8211; Andaman Scuba"}]},{"@type":"WebSite","@id":"https:\/\/andamanscuba.com\/es\/#website","url":"https:\/\/andamanscuba.com\/es\/","name":"Andaman Scuba","description":"Centre de plong\u00e9e et croisi\u00e8res en Tha\u00eflande","publisher":{"@id":"https:\/\/andamanscuba.com\/es\/#organization"},"potentialAction":[{"@type":"SearchAction","target":{"@type":"EntryPoint","urlTemplate":"https:\/\/andamanscuba.com\/es\/?s={search_term_string}"},"query-input":{"@type":"PropertyValueSpecification","valueRequired":true,"valueName":"search_term_string"}}],"inLanguage":"en-US"},{"@type":"Organization","@id":"https:\/\/andamanscuba.com\/es\/#organization","name":"Andaman Scuba","url":"https:\/\/andamanscuba.com\/es\/","logo":{"@type":"ImageObject","inLanguage":"en-US","@id":"https:\/\/andamanscuba.com\/es\/#\/schema\/logo\/image\/","url":"https:\/\/andamanscuba.com\/wp-content\/uploads\/2023\/06\/logo-andaman-scuba-plongee-thailande.png","contentUrl":"https:\/\/andamanscuba.com\/wp-content\/uploads\/2023\/06\/logo-andaman-scuba-plongee-thailande.png","width":1148,"height":602,"caption":"Andaman Scuba"},"image":{"@id":"https:\/\/andamanscuba.com\/es\/#\/schema\/logo\/image\/"},"sameAs":["https:\/\/www.facebook.com\/andaman.scuba"]}]}},"_links":{"self":[{"href":"https:\/\/andamanscuba.com\/en\/wp-json\/wp\/v2\/pages\/18890","targetHints":{"allow":["GET"]}}],"collection":[{"href":"https:\/\/andamanscuba.com\/en\/wp-json\/wp\/v2\/pages"}],"about":[{"href":"https:\/\/andamanscuba.com\/en\/wp-json\/wp\/v2\/types\/page"}],"author":[{"embeddable":true,"href":"https:\/\/andamanscuba.com\/en\/wp-json\/wp\/v2\/users\/1"}],"replies":[{"embeddable":true,"href":"https:\/\/andamanscuba.com\/en\/wp-json\/wp\/v2\/comments?post=18890"}],"version-history":[{"count":7,"href":"https:\/\/andamanscuba.com\/en\/wp-json\/wp\/v2\/pages\/18890\/revisions"}],"predecessor-version":[{"id":21476,"href":"https:\/\/andamanscuba.com\/en\/wp-json\/wp\/v2\/pages\/18890\/revisions\/21476"}],"wp:attachment":[{"href":"https:\/\/andamanscuba.com\/en\/wp-json\/wp\/v2\/media?parent=18890"}],"curies":[{"name":"wp","href":"https:\/\/api.w.org\/{rel}","templated":true}]}}